{"id":2763,"date":"2023-12-07T14:01:14","date_gmt":"2023-12-07T13:01:14","guid":{"rendered":"https:\/\/www.tiller.it\/lavora-con-noi\/"},"modified":"2024-03-07T15:06:03","modified_gmt":"2024-03-07T14:06:03","slug":"lavora-con-noi","status":"publish","type":"page","link":"https:\/\/www.tiller.it\/de\/lavora-con-noi\/","title":{"rendered":"Lavora con noi"},"content":{"rendered":"\t\t<div data-elementor-type=\"wp-page\" data-elementor-id=\"2763\" class=\"elementor elementor-2763 elementor-534\" data-elementor-post-type=\"page\">\n\t\t\t\t<div class=\"elementor-element elementor-element-62c04611 e-con-full e-flex e-con e-parent\" data-id=\"62c04611\" data-element_type=\"container\" data-settings=\"{&quot;content_width&quot;:&quot;full&quot;}\" data-core-v316-plus=\"true\">\n\t\t\t\t<div class=\"elementor-element elementor-element-8eaf212 elementor-widget elementor-widget-image\" data-id=\"8eaf212\" data-element_type=\"widget\" data-widget_type=\"image.default\">\n\t\t\t\t<div class=\"elementor-widget-container\">\n\t\t\t<style>\/*! elementor - v3.19.0 - 29-01-2024 *\/\n.elementor-widget-image{text-align:center}.elementor-widget-image a{display:inline-block}.elementor-widget-image a img[src$=\".svg\"]{width:48px}.elementor-widget-image img{vertical-align:middle;display:inline-block}<\/style>\t\t\t\t\t\t\t\t\t\t<img fetchpriority=\"high\" decoding=\"async\" width=\"1024\" height=\"646\" src=\"https:\/\/www.tiller.it\/wp-content\/uploads\/2023\/12\/img_lavora_con_noi-1024x646.webp\" class=\"attachment-large size-large wp-image-1004\" alt=\"\" srcset=\"https:\/\/www.tiller.it\/wp-content\/uploads\/2023\/12\/img_lavora_con_noi-1024x646.webp 1024w, https:\/\/www.tiller.it\/wp-content\/uploads\/2023\/12\/img_lavora_con_noi-300x189.webp 300w, https:\/\/www.tiller.it\/wp-content\/uploads\/2023\/12\/img_lavora_con_noi-768x484.webp 768w, https:\/\/www.tiller.it\/wp-content\/uploads\/2023\/12\/img_lavora_con_noi-600x378.webp 600w, https:\/\/www.tiller.it\/wp-content\/uploads\/2023\/12\/img_lavora_con_noi.webp 1280w\" sizes=\"(max-width: 1024px) 100vw, 1024px\" \/>\t\t\t\t\t\t\t\t\t\t\t\t\t<\/div>\n\t\t\t\t<\/div>\n\t\t\t\t<\/div>\n\t\t<div class=\"elementor-element elementor-element-0865f99 e-flex e-con-boxed e-con e-parent\" data-id=\"0865f99\" data-element_type=\"container\" data-settings=\"{&quot;content_width&quot;:&quot;boxed&quot;}\" data-core-v316-plus=\"true\">\n\t\t\t\t\t<div class=\"e-con-inner\">\n\t\t<div class=\"elementor-element elementor-element-9b8731e e-flex e-con-boxed e-con e-child\" data-id=\"9b8731e\" data-element_type=\"container\" data-settings=\"{&quot;content_width&quot;:&quot;boxed&quot;}\">\n\t\t\t\t\t<div class=\"e-con-inner\">\n\t\t<div class=\"elementor-element elementor-element-4888c23 e-flex e-con-boxed e-con e-child\" data-id=\"4888c23\" data-element_type=\"container\" data-settings=\"{&quot;background_background&quot;:&quot;classic&quot;,&quot;content_width&quot;:&quot;boxed&quot;}\">\n\t\t\t\t\t<div class=\"e-con-inner\">\n\t\t<div class=\"elementor-element elementor-element-49ad6d8 e-flex e-con-boxed e-con e-child\" data-id=\"49ad6d8\" data-element_type=\"container\" data-settings=\"{&quot;content_width&quot;:&quot;boxed&quot;}\">\n\t\t\t\t\t<div class=\"e-con-inner\">\n\t\t<div class=\"elementor-element elementor-element-0cc2e34 e-flex e-con-boxed e-con e-child\" data-id=\"0cc2e34\" data-element_type=\"container\" data-settings=\"{&quot;content_width&quot;:&quot;boxed&quot;}\">\n\t\t\t\t\t<div class=\"e-con-inner\">\n\t\t\t\t<div class=\"elementor-element elementor-element-fd37fe3 elementor-widget elementor-widget-heading\" data-id=\"fd37fe3\" data-element_type=\"widget\" data-widget_type=\"heading.default\">\n\t\t\t\t<div class=\"elementor-widget-container\">\n\t\t\t<style>\/*! elementor - v3.19.0 - 29-01-2024 *\/\n.elementor-heading-title{padding:0;margin:0;line-height:1}.elementor-widget-heading .elementor-heading-title[class*=elementor-size-]>a{color:inherit;font-size:inherit;line-height:inherit}.elementor-widget-heading .elementor-heading-title.elementor-size-small{font-size:15px}.elementor-widget-heading .elementor-heading-title.elementor-size-medium{font-size:19px}.elementor-widget-heading .elementor-heading-title.elementor-size-large{font-size:29px}.elementor-widget-heading .elementor-heading-title.elementor-size-xl{font-size:39px}.elementor-widget-heading .elementor-heading-title.elementor-size-xxl{font-size:59px}<\/style><h2 class=\"elementor-heading-title elementor-size-default\">LAVORA CON NOI<\/h2>\t\t<\/div>\n\t\t\t\t<\/div>\n\t\t\t\t\t<\/div>\n\t\t\t\t<\/div>\n\t\t<div class=\"elementor-element elementor-element-04d1413 e-flex e-con-boxed e-con e-child\" data-id=\"04d1413\" data-element_type=\"container\" data-settings=\"{&quot;content_width&quot;:&quot;boxed&quot;}\">\n\t\t\t\t\t<div class=\"e-con-inner\">\n\t\t<div class=\"elementor-element elementor-element-eac1bb2 e-con-full e-flex e-con e-child\" data-id=\"eac1bb2\" data-element_type=\"container\" data-settings=\"{&quot;content_width&quot;:&quot;full&quot;}\">\n\t\t\t\t<div class=\"elementor-element elementor-element-04a290d elementor-widget elementor-widget-text-editor\" data-id=\"04a290d\" data-element_type=\"widget\" data-widget_type=\"text-editor.default\">\n\t\t\t\t<div class=\"elementor-widget-container\">\n\t\t\t<style>\/*! elementor - v3.19.0 - 29-01-2024 *\/\n.elementor-widget-text-editor.elementor-drop-cap-view-stacked .elementor-drop-cap{background-color:#69727d;color:#fff}.elementor-widget-text-editor.elementor-drop-cap-view-framed .elementor-drop-cap{color:#69727d;border:3px solid;background-color:transparent}.elementor-widget-text-editor:not(.elementor-drop-cap-view-default) .elementor-drop-cap{margin-top:8px}.elementor-widget-text-editor:not(.elementor-drop-cap-view-default) .elementor-drop-cap-letter{width:1em;height:1em}.elementor-widget-text-editor .elementor-drop-cap{float:left;text-align:center;line-height:1;font-size:50px}.elementor-widget-text-editor .elementor-drop-cap-letter{display:inline-block}<\/style>\t\t\t\t<p><strong>Tiller \u00e8 presente nel settore dell&#8217;agricoltura da 30 anni<\/strong>, durante i quali si \u00e8 dedicata alla ricerca costante ed alla <strong>produzione di fertilizzanti che soddisfino<\/strong> le pi\u00f9 svariate esigenze dei<strong> clienti e<\/strong> delle <strong>colture trattate<\/strong>.<\/p><p>La nostra Azienda vuole <strong>potenziare la propria rete commerciale nel nord Italia <\/strong>e sta selezionando candidati tecnico-commerciali per l&#8217;inserimento in zone, attualmente, scoperte.<\/p><p><strong><br \/>Stiamo cercando diplomati\/e o laureati\/e in agraria<\/strong> che abbiano voglia di<br \/>intraprendere un <strong>lavoro nel settore dell&#8217;agricoltura professionale<\/strong>, <strong>all&#8217;interno di un&#8217;Azienda<\/strong> stimolata a svilupparsi costantemente e <strong>che offre la possibilit\u00e0 di crescere professionalmente<\/strong>.<\/p><p>Sono richieste: preparazione tecnica specifica nel settore, predisposizione ai rapporti interpersonali, buona dialettica e disponibilit\u00e0 negli spostamenti.<\/p><p><strong><br \/>Se sei interessato, invia il tuo curriculum vitae all&#8217;indirizzo e-mail\u00a0<\/strong> <a href=\"mailto:info@tiller.it\"> <em> <strong>info@tiller.it<\/strong> <\/em><\/a><\/p>\t\t\t\t\t\t<\/div>\n\t\t\t\t<\/div>\n\t\t\t\t<\/div>\n\t\t<div class=\"elementor-element elementor-element-1377f56 e-con-full e-flex e-con e-child\" data-id=\"1377f56\" data-element_type=\"container\" data-settings=\"{&quot;content_width&quot;:&quot;full&quot;}\">\n\t\t\t\t<div class=\"elementor-element elementor-element-5f7aaa1 elementor-widget-divider--view-line_text elementor-widget-divider--element-align-center elementor-widget elementor-widget-divider\" data-id=\"5f7aaa1\" data-element_type=\"widget\" data-widget_type=\"divider.default\">\n\t\t\t\t<div class=\"elementor-widget-container\">\n\t\t\t<style>\/*! elementor - v3.19.0 - 29-01-2024 *\/\n.elementor-widget-divider{--divider-border-style:none;--divider-border-width:1px;--divider-color:#0c0d0e;--divider-icon-size:20px;--divider-element-spacing:10px;--divider-pattern-height:24px;--divider-pattern-size:20px;--divider-pattern-url:none;--divider-pattern-repeat:repeat-x}.elementor-widget-divider .elementor-divider{display:flex}.elementor-widget-divider .elementor-divider__text{font-size:15px;line-height:1;max-width:95%}.elementor-widget-divider .elementor-divider__element{margin:0 var(--divider-element-spacing);flex-shrink:0}.elementor-widget-divider .elementor-icon{font-size:var(--divider-icon-size)}.elementor-widget-divider .elementor-divider-separator{display:flex;margin:0;direction:ltr}.elementor-widget-divider--view-line_icon .elementor-divider-separator,.elementor-widget-divider--view-line_text .elementor-divider-separator{align-items:center}.elementor-widget-divider--view-line_icon .elementor-divider-separator:after,.elementor-widget-divider--view-line_icon .elementor-divider-separator:before,.elementor-widget-divider--view-line_text .elementor-divider-separator:after,.elementor-widget-divider--view-line_text .elementor-divider-separator:before{display:block;content:\"\";border-block-end:0;flex-grow:1;border-block-start:var(--divider-border-width) var(--divider-border-style) var(--divider-color)}.elementor-widget-divider--element-align-left .elementor-divider .elementor-divider-separator>.elementor-divider__svg:first-of-type{flex-grow:0;flex-shrink:100}.elementor-widget-divider--element-align-left .elementor-divider-separator:before{content:none}.elementor-widget-divider--element-align-left .elementor-divider__element{margin-left:0}.elementor-widget-divider--element-align-right .elementor-divider .elementor-divider-separator>.elementor-divider__svg:last-of-type{flex-grow:0;flex-shrink:100}.elementor-widget-divider--element-align-right .elementor-divider-separator:after{content:none}.elementor-widget-divider--element-align-right .elementor-divider__element{margin-right:0}.elementor-widget-divider--element-align-start .elementor-divider .elementor-divider-separator>.elementor-divider__svg:first-of-type{flex-grow:0;flex-shrink:100}.elementor-widget-divider--element-align-start .elementor-divider-separator:before{content:none}.elementor-widget-divider--element-align-start .elementor-divider__element{margin-inline-start:0}.elementor-widget-divider--element-align-end .elementor-divider .elementor-divider-separator>.elementor-divider__svg:last-of-type{flex-grow:0;flex-shrink:100}.elementor-widget-divider--element-align-end .elementor-divider-separator:after{content:none}.elementor-widget-divider--element-align-end .elementor-divider__element{margin-inline-end:0}.elementor-widget-divider:not(.elementor-widget-divider--view-line_text):not(.elementor-widget-divider--view-line_icon) .elementor-divider-separator{border-block-start:var(--divider-border-width) var(--divider-border-style) var(--divider-color)}.elementor-widget-divider--separator-type-pattern{--divider-border-style:none}.elementor-widget-divider--separator-type-pattern.elementor-widget-divider--view-line .elementor-divider-separator,.elementor-widget-divider--separator-type-pattern:not(.elementor-widget-divider--view-line) .elementor-divider-separator:after,.elementor-widget-divider--separator-type-pattern:not(.elementor-widget-divider--view-line) .elementor-divider-separator:before,.elementor-widget-divider--separator-type-pattern:not([class*=elementor-widget-divider--view]) .elementor-divider-separator{width:100%;min-height:var(--divider-pattern-height);-webkit-mask-size:var(--divider-pattern-size) 100%;mask-size:var(--divider-pattern-size) 100%;-webkit-mask-repeat:var(--divider-pattern-repeat);mask-repeat:var(--divider-pattern-repeat);background-color:var(--divider-color);-webkit-mask-image:var(--divider-pattern-url);mask-image:var(--divider-pattern-url)}.elementor-widget-divider--no-spacing{--divider-pattern-size:auto}.elementor-widget-divider--bg-round{--divider-pattern-repeat:round}.rtl .elementor-widget-divider .elementor-divider__text{direction:rtl}.e-con-inner>.elementor-widget-divider,.e-con>.elementor-widget-divider{width:var(--container-widget-width,100%);--flex-grow:var(--container-widget-flex-grow)}<\/style>\t\t<div class=\"elementor-divider\">\n\t\t\t<span class=\"elementor-divider-separator\">\n\t\t\t\t\t\t\t<p class=\"elementor-divider__text elementor-divider__element\">\n\t\t\t\tInformativa sui Curriculum Vitae resa ai sensi dell\u2019art. 13 Reg. 2016\/679\/UE\t\t\t\t<\/p>\n\t\t\t\t\t\t<\/span>\n\t\t<\/div>\n\t\t\t\t<\/div>\n\t\t\t\t<\/div>\n\t\t\t\t<div class=\"elementor-element elementor-element-7b29740 elementor-widget elementor-widget-text-editor\" data-id=\"7b29740\" data-element_type=\"widget\" data-widget_type=\"text-editor.default\">\n\t\t\t\t<div class=\"elementor-widget-container\">\n\t\t\t\t\t\t\t<p>La presente per informarLa che presso la nostra azienda vengono raccolti dati personali a mezzo dei Curriculum Vitae. Il trattamento viene effettuato nel rispetto dei criteri previsti dal regolamento europeo in materia di protezione dei dati personali, Reg. 2016\/679\/UE, in vigore dal 25 maggio 2018 (d\u2019ora in avanti G.D.P.R.). Secondo la normativa indicata, il trattamento deve essere improntato ai principi di correttezza, liceit\u00e0 e trasparenza e di tutela della Sua riservatezza e dei Suoi diritti.<\/p><p>1) Il\u00a0<strong>titolare del trattamento<\/strong>\u00a0\u00e8\u00a0<strong>Tiller Srl<\/strong>., in persona del proprio legale rappresentante, con sede legale in Via Walter Fleming, 3 \u2013 37026 Pescantina (VR) tel.: 0456000142 e-mail: info@tiller.it<\/p><p>2) I dati raccolti presso la Sua persona sono utilizzati per le\u00a0<strong>finalit\u00e0<\/strong>\u00a0di selezione, valutazione e ricerca del personale per la propria struttura organizzativa. La\u00a0<strong>base giuridica del trattamento<\/strong>\u00a0\u00e8 rinvenibile nell\u2019art. 6 p.1 lett. f) GDPR \u201c<em>il trattamento \u00e8 necessario per il perseguimento di un legittimo interesse del titolare del trattamento o di un terzo<\/em>\u201d; la natura del conferimento \u00e8 facoltativa, in caso di mancato invio il titolare non potr\u00e0 procedere alla valutazione del profilo del candidato.\u00a0<strong>Il consenso dell\u2019interessato \u00e8 espresso<\/strong>\u00a0dal conferimento del tutto volontario del CV a mezzo Email, Fax oppure nella sezione \u201cLavora con Noi\u201d del sito web.<\/p><p>3)\u00a0<strong>Comunicazione<\/strong>: i dati raccolti potranno essere comunicati a soggetti esterni debitamente nominati che svolgono attivit\u00e0 per conto del titolare del trattamento quali a titolo esemplificativo: societ\u00e0 consulenti nell\u2019ambito HR per la valutazione e scrematura dei profili, consulente del lavoro ecc. I dati personali relativi a mezzi di comunicazione (telefono email ecc..) verranno utilizzati da soggetti interni debitamente nominati. Non \u00e8 prevista la comunicazione a\u00a0<strong>paesi terzi<\/strong>\u00a0extra U.E e non \u00e8 prevista la\u00a0<strong>diffusione<\/strong>\u00a0(es. social network, siti internet ecc..). Il titolare del trattamento non ricorre a processi automatizzati, compresa la<strong>\u00a0profilazione<\/strong>, per il raggiungimento delle finalit\u00e0 previste nella presente informativa.<\/p><p>4) Il Titolare tratter\u00e0 i dati personali per il\u00a0<strong>tempo<\/strong>\u00a0necessario per adempiere alle finalit\u00e0 di cui sopra e comunque per non oltre 12 mesi dalla raccolta per le finalit\u00e0 indicate, dopodich\u00e9 il titolare o un suo nominato proceder\u00e0 ad eliminare il CV oppure a rendere i dati pseudonimi.<\/p><p>5) L\u2019interessato ha\u00a0<strong>diritto<\/strong>\u00a0a chiedere al titolare del trattamento l&#8217;accesso ai Suoi dati personali ovvero la rettifica ovvero la cancellazione degli stessi o la limitazione del trattamento che la riguardano, ovvero ha diritto di opporsi al loro trattamento, oltre al diritto di richiedere la portabilit\u00e0 dei dati stessi. La richiesta pu\u00f2 essere fatta a mezzo email o mezzo fax o raccomandata con oggetto: \u201c<strong>richiesta da parte dell\u2019interessato<\/strong>\u201d specificando nella richiesta il diritto che l\u2019interessato vuole esercitare (cancellazione, rettifica, portabilit\u00e0, oblio), unitamente ad un valido indirizzo di posta elettronica\/pec al quale recapitare il riscontro. Il titolare del trattamento o, chiunque dallo stesso incaricato, proceder\u00e0 a soddisfare la richiesta entro 30 giorni dalla data di ricevimento. Qualora la risposta fosse complessa, il tempo potrebbe allungarsi ad ulteriori 30 giorni, previa\u00a0<strong>tempestiva comunicazione<\/strong>\u00a0allo stesso interessato.<\/p><p>Qualora ritenga opportuno far valere i suoi diritti, ha facolt\u00e0 di proporre reclamo all\u2019autorit\u00e0 di controllo competente, corrispondente al\u00a0<strong>Garante privacy nazionale<\/strong>, con sede in Palazzo Monte Citorio 121, Roma.<\/p><p>\u00a0<\/p>\t\t\t\t\t\t<\/div>\n\t\t\t\t<\/div>\n\t\t\t\t<\/div>\n\t\t\t\t\t<\/div>\n\t\t\t\t<\/div>\n\t\t\t\t\t<\/div>\n\t\t\t\t<\/div>\n\t\t\t\t\t<\/div>\n\t\t\t\t<\/div>\n\t\t\t\t\t<\/div>\n\t\t\t\t<\/div>\n\t\t\t\t\t<\/div>\n\t\t\t\t<\/div>\n\t\t\t\t<\/div>\n\t\t","protected":false},"excerpt":{"rendered":"<p>LAVORA CON NOI Tiller \u00e8 presente nel settore dell&#8217;agricoltura da 30 anni, durante i quali si \u00e8 dedicata alla ricerca costante ed alla produzione di fertilizzanti che soddisfino le pi\u00f9 svariate esigenze dei clienti e delle colture trattate. La nostra Azienda vuole potenziare la propria rete commerciale nel nord Italia e sta selezionando candidati tecnico-commerciali [&hellip;]<\/p>\n","protected":false},"author":1,"featured_media":2279,"parent":0,"menu_order":0,"comment_status":"closed","ping_status":"closed","template":"","meta":{"footnotes":""},"class_list":["post-2763","page","type-page","status-publish","has-post-thumbnail","hentry","entry","has-media","owp-thumbs-layout-horizontal","owp-btn-normal","owp-tabs-layout-horizontal","has-no-thumbnails","has-product-nav"],"_links":{"self":[{"href":"https:\/\/www.tiller.it\/de\/wp-json\/wp\/v2\/pages\/2763","targetHints":{"allow":["GET"]}}],"collection":[{"href":"https:\/\/www.tiller.it\/de\/wp-json\/wp\/v2\/pages"}],"about":[{"href":"https:\/\/www.tiller.it\/de\/wp-json\/wp\/v2\/types\/page"}],"author":[{"embeddable":true,"href":"https:\/\/www.tiller.it\/de\/wp-json\/wp\/v2\/users\/1"}],"replies":[{"embeddable":true,"href":"https:\/\/www.tiller.it\/de\/wp-json\/wp\/v2\/comments?post=2763"}],"version-history":[{"count":1,"href":"https:\/\/www.tiller.it\/de\/wp-json\/wp\/v2\/pages\/2763\/revisions"}],"predecessor-version":[{"id":2764,"href":"https:\/\/www.tiller.it\/de\/wp-json\/wp\/v2\/pages\/2763\/revisions\/2764"}],"wp:featuredmedia":[{"embeddable":true,"href":"https:\/\/www.tiller.it\/de\/wp-json\/wp\/v2\/media\/2279"}],"wp:attachment":[{"href":"https:\/\/www.tiller.it\/de\/wp-json\/wp\/v2\/media?parent=2763"}],"curies":[{"name":"wp","href":"https:\/\/api.w.org\/{rel}","templated":true}]}}