{"id":1535,"date":"2023-12-05T09:08:23","date_gmt":"2023-12-05T08:08:23","guid":{"rendered":"https:\/\/www.tiller.it\/prodotto\/aglio-tiller\/"},"modified":"2024-02-05T09:30:58","modified_gmt":"2024-02-05T08:30:58","slug":"aglio-tiller","status":"publish","type":"product","link":"https:\/\/www.tiller.it\/de\/produkt\/aglio-tiller\/","title":{"rendered":"Aglio Tiller"},"content":{"rendered":"<table class=\"tabella_prodotto\" style=\"border-collapse: separate;\" border=\"1\" width=\"100%\" cellspacing=\"0\" cellpadding=\"3\">\n<tbody>\n<tr>\n<td align=\"center\" valign=\"top\">\u00a0<strong><span style=\"color: #336600;\">Blattanwendung<br \/>\n(Das Produkt wirkt n\u00e4hrend und anregend)<\/span><\/strong><\/td>\n<td align=\"center\" valign=\"top\" width=\"25\">\u00a0<strong><span style=\"color: #336600;\">Dosierung G\/HL wasser<\/span><\/strong><\/td>\n<td align=\"center\" valign=\"top\" width=\"25\"><strong><span style=\"color: #336600;\">Dosierung pro Hektar<\/span><\/strong><\/td>\n<\/tr>\n<tr>\n<td colspan=\"1\" width=\"50%\"><strong>Birne, Kiwianbau, Apfel, Pfirsich, Susine, Aprikose, Kirsche, Reben, Zitrusfr\u00fcchte und Oliven.<\/strong><br \/>\n3-6 Anwendungen w\u00e4hrend des Kulturzyklus, ab der Zeit nach der Bl\u00fcte, alle 15\/20 Tage wiederholen.<\/td>\n<td colspan=\"1\" align=\"right\" width=\"25%\">g 150-200<\/td>\n<td colspan=\"1\" align=\"right\" width=\"25%\">kg 1-2<\/td>\n<\/tr>\n<tr>\n<td colspan=\"1\" width=\"50%\"><strong>Wasser Melone, Melone, Erdbeeren und K\u00fcrbis<\/strong><br \/>\n2-5 Anwendungen ab der Zeit nach der Bl\u00fcte alle 8-12 Tage wiederholen.<\/td>\n<td colspan=\"1\" align=\"right\" width=\"25%\">100-150<\/td>\n<td colspan=\"1\" align=\"right\" width=\"25%\">kg 1<\/td>\n<\/tr>\n<tr>\n<td colspan=\"1\" width=\"50%\"><strong>Tomate, Paprika, Gurke, Aubergine, Salat, Rucola, Endivie, Baldrian, Radicchio und Blattsalat.<\/strong><br \/>\n2-5 Anwendungen ab der Zeit nach<br \/>\ndem Umsetzen alle 8-12 Tage wiederholen.<\/td>\n<td colspan=\"1\" align=\"right\" width=\"25%\">g 100-150<\/td>\n<td colspan=\"1\" align=\"right\" width=\"25%\">kg 1<\/td>\n<\/tr>\n<tr>\n<td colspan=\"1\" width=\"50%\"><strong>Zier-und Obstbaumschulen<\/strong><br \/>\n3-6 Anwendungen w\u00e4hrend des Kulturzyklus im Abstand 15-20 Tagen wiederholen.<\/td>\n<td colspan=\"1\" align=\"right\" width=\"25%\">g 150-200<\/td>\n<td colspan=\"1\" align=\"right\" width=\"25%\">kg 1-2<\/td>\n<\/tr>\n<tr>\n<td colspan=\"1\" width=\"50%\"><strong>Bei anderen Kulturen<\/strong><br \/>\n2-5 Anwendungen w\u00e4hrend des Kulturzyklus im Abstand 10-12 Tagen wiederholen.<\/td>\n<td colspan=\"1\" align=\"right\" width=\"25%\">g 150-200<\/td>\n<td colspan=\"1\" align=\"right\" width=\"25%\">kg 1-2<\/td>\n<\/tr>\n<\/tbody>\n<\/table>\n","protected":false},"excerpt":{"rendered":"<p>AGLIO TILLER f\u00fcr die Verwendung bei Beregnungsd\u00fcngung oder Blattd\u00fcngung; mit belebender und ausgleichender Wirkung auf die Pflanzen. Nach mehrmaliger Behandlung kann bereits festgestellt werden, dass die Pflanzen st\u00e4rker und generell in gesundem Zustand sind.<br \/>\n<\/br><\/br><\/p>\n<p>Der ausschlaggebende Wirkstoff von AGLIO TILLER ist Allicin, das sich in dem Produkt in hoher Konzentration befindet. Die jahrelang studierte und ausgearbeitete Herstellungsmethode von AGLIO TILLER, hat unserer Gesellschaft dazu verholfen, ein hochleistungsf\u00e4higes Produkt aus agrarwissenschaftlicher Sicht zusammenzustellen.<\/p>\n","protected":false},"featured_media":2081,"template":"","meta":[],"product_cat":[107],"product_tag":[],"class_list":{"0":"post-1535","1":"product","2":"type-product","3":"status-publish","4":"has-post-thumbnail","6":"product_cat-19-pflanzenextrakten","8":"entry","9":"has-media","11":"first","12":"instock","13":"shipping-taxable","14":"product-type-simple","15":"has-product-nav","16":"col","17":"span_1_of_4","18":"owp-content-center","19":"item-entry","20":"owp-thumbs-layout-horizontal","21":"owp-btn-normal","22":"owp-tabs-layout-horizontal","23":"has-no-thumbnails"},"_links":{"self":[{"href":"https:\/\/www.tiller.it\/de\/wp-json\/wp\/v2\/product\/1535","targetHints":{"allow":["GET"]}}],"collection":[{"href":"https:\/\/www.tiller.it\/de\/wp-json\/wp\/v2\/product"}],"about":[{"href":"https:\/\/www.tiller.it\/de\/wp-json\/wp\/v2\/types\/product"}],"wp:featuredmedia":[{"embeddable":true,"href":"https:\/\/www.tiller.it\/de\/wp-json\/wp\/v2\/media\/2081"}],"wp:attachment":[{"href":"https:\/\/www.tiller.it\/de\/wp-json\/wp\/v2\/media?parent=1535"}],"wp:term":[{"taxonomy":"product_cat","embeddable":true,"href":"https:\/\/www.tiller.it\/de\/wp-json\/wp\/v2\/product_cat?post=1535"},{"taxonomy":"product_tag","embeddable":true,"href":"https:\/\/www.tiller.it\/de\/wp-json\/wp\/v2\/product_tag?post=1535"}],"curies":[{"name":"wp","href":"https:\/\/api.w.org\/{rel}","templated":true}]}}