{"id":1544,"date":"2023-12-06T11:33:10","date_gmt":"2023-12-06T10:33:10","guid":{"rendered":"https:\/\/www.tiller.it\/prodotto\/poliamin\/"},"modified":"2024-02-05T09:34:29","modified_gmt":"2024-02-05T08:34:29","slug":"poliamin","status":"publish","type":"product","link":"https:\/\/www.tiller.it\/de\/produkt\/poliamin\/","title":{"rendered":"POLIAMIN"},"content":{"rendered":"<table class=\"tabella_prodotto\" style=\"border-collapse: separate;\" border=\"1\" width=\"100%\" cellspacing=\"0\" cellpadding=\"3\">\n<tbody>\n<tr>\n<td align=\"center\" valign=\"top\">\u00a0<strong><span style=\"color: #336600;\">Blattanwendung<\/span><\/strong><\/td>\n<td align=\"center\" valign=\"top\" width=\"25\">\u00a0<strong><span style=\"color: #336600;\">Dosierung g\/hl<br \/>\nWasser<\/span><\/strong><\/td>\n<td align=\"center\" valign=\"top\" width=\"25\"><strong><span style=\"color: #336600;\">Dosierung pro Hektar<\/span><\/strong><\/td>\n<\/tr>\n<tr>\n<td valign=\"top\" width=\"50\"><strong>Birne, Susine, Apfel, Kiwianbau, Zitrusfr\u00fcchte und Kirsche<\/strong><br \/>\nAnwendung bei 25% offenen Bl\u00fcten, bei 70-80% offenen  Bl\u00fcten, bei Abfall der Bl\u00fctenbl\u00e4tter wiederholen.<\/td>\n<td align=\"center\" valign=\"top\" width=\"25\">\u00a0g 80-100<\/td>\n<td align=\"center\" valign=\"top\" width=\"25\">800-1000 g<\/td>\n<\/tr>\n<tr>\n<td valign=\"top\"><strong>Reben und Oliven<br \/>\n<\/strong>Anwendung bei 40% offenen Bl\u00fcten, am Ende der Bl\u00fcte wiederholen<\/td>\n<td align=\"center\" valign=\"top\" width=\"25\">\u00a0g 80-90<\/td>\n<td align=\"center\" valign=\"top\" width=\"25\">800-900 g<\/td>\n<\/tr>\n<tr>\n<td valign=\"top\"><strong>Erdbeeren, Melone,  K\u00fcrbis und Wassermelone<\/strong><br \/>\nAnwendung bei ersten Bl\u00fcte, bei Vergr\u00f6\u00dferung der Fr\u00fcchte wiederholen.<\/td>\n<td align=\"center\" valign=\"top\" width=\"25\">\u00a0g 50-60<\/td>\n<td align=\"center\" valign=\"top\" width=\"25\">400-500 g<\/td>\n<\/tr>\n<tr>\n<td valign=\"top\"><strong>Pfirsich<br \/>\n<\/strong>Anwendung bei Abfallen der Bl\u00fctenbl\u00e4tter, nach dem Lichten wiederholen.<\/td>\n<td align=\"center\" valign=\"top\" width=\"25\">\u00a0g 70-80<\/td>\n<td align=\"center\" valign=\"top\" width=\"25\">700-800 g<\/td>\n<\/tr>\n<tr>\n<td colspan=\"1\" valign=\"top\"><strong>Tomate, Aubergine und Paprika<br \/>\n<\/strong>Anwendung bei der Bl\u00fcte des ersten Quirls, bei n\u00e4chsten Bl\u00fcten wiederholen.<\/td>\n<td colspan=\"1\" align=\"center\" valign=\"top\" width=\"25\">\u00a0g 50-60<\/td>\n<td colspan=\"1\" align=\"center\" valign=\"top\" width=\"25\">400-500 g<\/td>\n<\/tr>\n<tr>\n<td colspan=\"1\" valign=\"top\"><strong>Blattgem\u00fcse<br \/>\n<\/strong>Anwendung ab der Bildung des 4.Blatts, nach 8 Tagen wiederholen<\/td>\n<td colspan=\"1\" align=\"center\" valign=\"top\" width=\"25\">\u00a0g 60-70<\/td>\n<td colspan=\"1\" align=\"center\" valign=\"top\" width=\"25\">500-600 g<\/td>\n<\/tr>\n<tr>\n<td colspan=\"1\" valign=\"top\"><strong>Blumenanbau<br \/>\n<\/strong>Anwendung ab den fr\u00fchen Phasen des Kulturzyklus, nach 10-12 Tagen wiederholen.<\/td>\n<td colspan=\"1\" align=\"center\" valign=\"top\" width=\"25\">\u00a0g 40-50<\/td>\n<td colspan=\"1\" align=\"center\" valign=\"top\" width=\"25\">400-450 g<\/td>\n<\/tr>\n<tr>\n<td colspan=\"1\" valign=\"top\"><strong>Obstbaumschulen<br \/>\n<\/strong>Anwendung, wenn die Kupplung 25 cm L\u00e4nge erreicht hat, 3-4 Mal alle 15 Tage wiederholen.<\/td>\n<td colspan=\"1\" align=\"center\" valign=\"top\" width=\"25\">\u00a0g 100-120<\/td>\n<td colspan=\"1\" align=\"center\" valign=\"top\" width=\"25\">1000-1200 g<\/td>\n<\/tr>\n<tr>\n<td colspan=\"1\" valign=\"top\">\u00a0<strong>Kartoffel<br \/>\n<\/strong>Anwendung 15 Tage vor der Bl\u00fcte, Am Anfang von der Bl\u00fcte und nach 20 Tagen wiederholen.<\/td>\n<td colspan=\"1\" align=\"center\" valign=\"top\" width=\"25\">\u00a0g 60-70<\/td>\n<td colspan=\"1\" align=\"center\" valign=\"top\" width=\"25\">600-700 g<\/td>\n<\/tr>\n<tr>\n<td colspan=\"1\" valign=\"top\">\u00a0<strong>Industrieller Anbau von Futter-und Getreidepflanzen<\/strong><br \/>\nAnwendung in den fr\u00fchen Phasen des Kulturzyklus, nach 15 Tagen wiederholen.<\/td>\n<td colspan=\"1\" align=\"center\" valign=\"top\" width=\"25\">&#8211;<\/td>\n<td colspan=\"1\" align=\"center\" valign=\"top\" width=\"25\">\u00a0g 600-1000<\/td>\n<\/tr>\n<\/tbody>\n<\/table>\n","protected":false},"excerpt":{"rendered":"<p align=\"justify\">Aufgrund seiner speziellen Formel ist Poliamin, ein Produkt das sich zur F\u00f6rderung des Wurzelwachstums eignet, um einen schnellen vegetativen Start zu erm\u00f6glichen, ohne den optimalen N\u00e4hrwert der behandelten Pflanzen zu \u00e4ndern.<\/br><\/br><\/p>\n<p>Aminos\u00e4uren (mit einem niedrigen Molekulargewicht), Vitamine der B-Gruppe, Enzyme, Ern\u00e4hrungs-Katalysatoren und chelatisierte Spurenelemente im Produkt enthalten sind in einer ausgewogenen Form verbunden, damit sie von Pflanzen v\u00f6llig aufgenommen werden k\u00f6nnen.<\/br><\/br><\/p>\n<p>POLIAMIN reguliert die Entwicklung der Pflanzen und wirkt die Dehnung, die Teilung und die Zelledistension.<\/br><\/br><\/p>\n<p>Durch die Anwendung des Produkts in bestimmten Phasen des Kulturzyklus k\u00f6nnen wichtige Forschritte erzieht werden:<\/p>\n<p><\/br><\/p>\n<p align=\"justify\">\n&#8211; reichen Fruchtansatz<\/br><br \/>\n&#8211; bessere Ernte mit Vergr\u00f6\u00dferung der Fr\u00fcchte<\/br><br \/>\n&#8211; bessere Temperaturspr\u00fcngebest\u00e4ndigkeit der Pflanzen<\/br><br \/>\n&#8211; st\u00e4rkeren Wurzelapparat der Pflanzen nach dem Umsetzen<\/br><br \/>\n&#8211; bessere Entwicklung der Pflanze<\/p>\n<p><\/br><\/br><\/p>\n<p><strong>Zusammensetzung:<\/strong><\/br><br \/>\n* Aminos\u00e4uren pflanzlichen Ursprungs<\/br><br \/>\n* Braunalgen<\/br><br \/>\n* Vitamin-Gruppen, Betain<\/br><br \/>\n* Zucker und Urons\u00e4uren<\/br><br \/>\n* Physiologisch aktive pflanzliche Substanzen (Enzymen und Ern\u00e4hrungskatalysatoren)<\/br><br \/>\n* Spurenelemente<\/br><\/br><\/p>\n<p><strong>Ratschl\u00e4ge f\u00fcr eine Fachgerechte lagerung:<\/strong><\/br><br \/>\nDas Produkt ist gut lagerf\u00e4hig bei einer Temperatur zwischen 2\u00b0C und 28 \u00b0C.<\/br><\/br><\/p>\n<p><strong>Anwendungsmodalit\u00e4ten von POLIAMIN:<\/strong> Obstbau: POLIAMIN in das Wasser, in der empfohlenen Dosierung, mit 10-12 Hl Wasser pro Hektar verd\u00fcnnen.<\/br><\/br><\/p>\n<p>Gartenbau und Blumenzucht: POLIAMIN in das Wasser, in der empfohlenen Dosierung, mit 7-8 Hl Wasser pro Hektar verd\u00fcnnen.<\/p>\n","protected":false},"featured_media":2075,"template":"","meta":[],"product_cat":[108],"product_tag":[],"class_list":{"0":"post-1544","1":"product","2":"type-product","3":"status-publish","4":"has-post-thumbnail","6":"product_cat-1-ernaehrungsspezialitaeten","8":"entry","9":"has-media","11":"first","12":"instock","13":"shipping-taxable","14":"product-type-simple","15":"has-product-nav","16":"col","17":"span_1_of_4","18":"owp-content-center","19":"item-entry","20":"owp-thumbs-layout-horizontal","21":"owp-btn-normal","22":"owp-tabs-layout-horizontal","23":"has-no-thumbnails"},"_links":{"self":[{"href":"https:\/\/www.tiller.it\/de\/wp-json\/wp\/v2\/product\/1544","targetHints":{"allow":["GET"]}}],"collection":[{"href":"https:\/\/www.tiller.it\/de\/wp-json\/wp\/v2\/product"}],"about":[{"href":"https:\/\/www.tiller.it\/de\/wp-json\/wp\/v2\/types\/product"}],"wp:featuredmedia":[{"embeddable":true,"href":"https:\/\/www.tiller.it\/de\/wp-json\/wp\/v2\/media\/2075"}],"wp:attachment":[{"href":"https:\/\/www.tiller.it\/de\/wp-json\/wp\/v2\/media?parent=1544"}],"wp:term":[{"taxonomy":"product_cat","embeddable":true,"href":"https:\/\/www.tiller.it\/de\/wp-json\/wp\/v2\/product_cat?post=1544"},{"taxonomy":"product_tag","embeddable":true,"href":"https:\/\/www.tiller.it\/de\/wp-json\/wp\/v2\/product_tag?post=1544"}],"curies":[{"name":"wp","href":"https:\/\/api.w.org\/{rel}","templated":true}]}}