{"id":1546,"date":"2024-01-15T10:14:36","date_gmt":"2024-01-15T09:14:36","guid":{"rendered":"https:\/\/www.tiller.it\/prodotto\/energia\/"},"modified":"2024-02-05T09:45:03","modified_gmt":"2024-02-05T08:45:03","slug":"energia","status":"publish","type":"product","link":"https:\/\/www.tiller.it\/de\/produkt\/energia\/","title":{"rendered":"ENERGIA"},"content":{"rendered":"<table class=\"tabella_prodotto\" style=\"border-collapse: separate;\" border=\"1\" width=\"100%\" cellspacing=\"0\" cellpadding=\"3\">\n<tbody>\n<tr>\n<td class=\"testi\" colspan=\"4\">\n<p align=\"center\"><strong><span style=\"color: #336600;\">Blattanwendung<br \/>\n<\/span><\/strong><\/p>\n<\/td>\n<\/tr>\n<tr>\n<td class=\"testi\"><strong><span style=\"color: #336600;\">Kultur<\/p>\n<p><\/span><\/strong><\/td>\n<td class=\"testi\"><span style=\"color: #336600;\"><strong>Anwendung<\/strong><\/span><\/td>\n<td class=\"testi\"><span style=\"color: #336600;\"><strong>Dosierung g\/hl Wasser<\/strong><\/span><\/td>\n<td class=\"testi\"><span style=\"color: #336600;\"><strong>Dosierung pro Hektar<\/strong><\/span><\/td>\n<\/tr>\n<tr>\n<td class=\"testi\"><strong>Kiwianbau, Kernobstgeh\u00f6lze,<br \/>\nSteinobstgeh\u00f6lze, Zitrusfr\u00fcchte und Oliven<\/strong><\/td>\n<td class=\"testi\">* bei Abfall der Bl\u00fctenbl\u00e4tter<br \/>\n* nach 15 Tagen<br \/>\n* nach 20 Tagen<br \/>\n* 60 Tage nach der Ernte<br \/>\n* 45 Tage nach der Ernte<\/td>\n<td class=\"testi\">350-400 g<\/td>\n<td class=\"testi\">4-5 kg<\/td>\n<\/tr>\n<tr>\n<td class=\"testi\"><strong>Reben<\/strong><\/td>\n<td class=\"testi\">\n* Ende der Bl\u00fcte<br \/>\n* Mitte Juli<br \/>\n* Ende August<\/td>\n<td class=\"testi\">300 g<\/td>\n<td class=\"testi\">3-4 kg<\/td>\n<\/tr>\n<tr>\n<td class=\"testi\"><strong>Fruchtgem\u00fcse (Tomate, Aubergine, Paprika, Zucchino, Gurke)<\/strong><\/td>\n<td class=\"testi\">* Schwellen der Fr\u00fcchte<br \/>\n* Alle 8-10 Tage 2-3 Mal wiederholen<\/td>\n<td class=\"testi\">250 g<\/td>\n<td class=\"testi\">2-2,5 kg<\/td>\n<\/tr>\n<tr>\n<td class=\"testi\"><strong>Kopfsalat, Radicchio, Kohl, Baldrian, Rucola, Endivie<\/strong><\/td>\n<td class=\"testi\">\n* 10 Tage nach dem Umsetzen<br \/>\n* 10 Tage vor der Ernte<\/td>\n<td class=\"testi\">200 g<\/td>\n<td class=\"testi\">1,5-2 kg<\/td>\n<\/tr>\n<tr>\n<td class=\"testi\"><strong>Erdbeeren, Melone und Wasser Melone<\/strong><\/td>\n<td class=\"testi\">\n* Schwellen der Fr\u00fcchte<br \/>\n* nach 8 Tagen<br \/>\n* 8 Tage vor der Ernte<\/td>\n<td class=\"testi\">200 g<\/td>\n<td class=\"testi\">1,5-2 kg<\/td>\n<\/tr>\n<\/tbody>\n<\/table>\n<p>&nbsp;<\/p>\n<p><strong>Bei anderen Kulturen ENERGIA mit einer Dosierung von 200\/300 g\/hl Wasser anwenden. Bei Fr\u00fchlings-Frost Bei soll ENERGIA mit einer Dosierung von 500-600 g\/hl Wasser bei Obstbau und mit einer Dosierung von 300-400 g\/hl Wasser bei Gem\u00fcsebau verwendet werden. Anwendung bei jedem Frost und Reifen wiederholen.<\/strong><\/p>\n","protected":false},"excerpt":{"rendered":"<p align=\"justify\">ENERGIA ist ein D\u00fcnger von gro\u00dfer agrarwissenschaftlichen Innovation. Das Produkt dringt in die Kutikula der Bl\u00e4tter und es wird besonders schnell innerhalb den Lymphfluss transportiert, damit werden die meisten Stoffwechselprozesse der behandelten Pflanzen gef\u00f6rdert. Der ausgewogene Gehalt der Komponenten f\u00f6rdert die Vergr\u00f6\u00dferung der Fr\u00fcchte, eine bessere Festigkeit der Gewebe und damit wird auch die Haltbarkeit der Fr\u00fcchte verbessert. ENERGIA f\u00f6rdert die Chlorophyll-Photosynthese von der behandelten Pflanzen, die st\u00e4rker und wiederstandf\u00e4higer in den schwierigsten Phasen des Kulturzyklus werden (nach dem Umsetzen, Temperaturspr\u00fcnge, Wasser-und Lichtmangel, \u00dcberproduktion). Au\u00dferdem st\u00e4rkt das Produkt die Immunabwehr der Pflanzen. In einigen F\u00e4llen f\u00f6rdert ENERGIA eine Vorziehen der Reife von der Fr\u00fcchten und der Gem\u00fcse.<\/p>\n<p><\/br><\/br><\/p>\n<p><strong>Zusammensetzung:<\/strong><\/br><br \/>\n* Aminos\u00e4uren (Isoleucin, Tryptophan, Prolin, Histidin, Alanin, Threonin, Glycin, Asparagins\u00e4ure und Tyrosin)<\/br><br \/>\n* Vitamine, Riboflavin, Folins\u00e4ure, B1,B2 and PP Vitamine, Pantothens\u00e4ure<\/br><br \/>\n* Braunalgen (Ascophyllum Nodosum)<\/br><br \/>\n* Proteine, Enzymen<\/br><br \/>\n* Zucker und Urons\u00e4uren<br \/>\n<\/br><\/br><\/p>\n<p><strong>RATSCHL\u00c4GE F\u00dcR EINE FACHGERECHTE LAGERUNG:<\/strong><\/br><br \/>\nDas Produkt ist gut lagerf\u00e4hig bei einer Temperatur zwischen 3\u00b0C und 30\u00b0C.<\/p>\n<p><\/br><\/br><\/p>\n<p><strong>FL\u00dcSSIGD\u00dcNGUNG<\/strong><\/br><br \/>\nGem\u00fcse: Kg 2-4 pro Qm. 2-3 Mal w\u00e4hrend des Kulturzyklus wiederholen. Wir empfehlen Wurzelanwendungen nach dem Umsetzen bei Obstanbau mit  150-200 g\/hl Wasser Dosierung und bei Obstanbau mit 350-400 g\/hl Wasser Dosierung.<\/p>\n","protected":false},"featured_media":2051,"template":"","meta":[],"product_cat":[108],"product_tag":[],"class_list":{"0":"post-1546","1":"product","2":"type-product","3":"status-publish","4":"has-post-thumbnail","6":"product_cat-1-ernaehrungsspezialitaeten","8":"entry","9":"has-media","11":"first","12":"instock","13":"shipping-taxable","14":"product-type-simple","15":"has-product-nav","16":"col","17":"span_1_of_4","18":"owp-content-center","19":"item-entry","20":"owp-thumbs-layout-horizontal","21":"owp-btn-normal","22":"owp-tabs-layout-horizontal","23":"has-no-thumbnails"},"_links":{"self":[{"href":"https:\/\/www.tiller.it\/de\/wp-json\/wp\/v2\/product\/1546","targetHints":{"allow":["GET"]}}],"collection":[{"href":"https:\/\/www.tiller.it\/de\/wp-json\/wp\/v2\/product"}],"about":[{"href":"https:\/\/www.tiller.it\/de\/wp-json\/wp\/v2\/types\/product"}],"wp:featuredmedia":[{"embeddable":true,"href":"https:\/\/www.tiller.it\/de\/wp-json\/wp\/v2\/media\/2051"}],"wp:attachment":[{"href":"https:\/\/www.tiller.it\/de\/wp-json\/wp\/v2\/media?parent=1546"}],"wp:term":[{"taxonomy":"product_cat","embeddable":true,"href":"https:\/\/www.tiller.it\/de\/wp-json\/wp\/v2\/product_cat?post=1546"},{"taxonomy":"product_tag","embeddable":true,"href":"https:\/\/www.tiller.it\/de\/wp-json\/wp\/v2\/product_tag?post=1546"}],"curies":[{"name":"wp","href":"https:\/\/api.w.org\/{rel}","templated":true}]}}