{"id":1548,"date":"2024-01-15T10:48:49","date_gmt":"2024-01-15T09:48:49","guid":{"rendered":"https:\/\/www.tiller.it\/prodotto\/alga-tiller\/"},"modified":"2024-02-05T09:54:09","modified_gmt":"2024-02-05T08:54:09","slug":"alga-tiller","status":"publish","type":"product","link":"https:\/\/www.tiller.it\/de\/produkt\/alga-tiller\/","title":{"rendered":"ALGA TILLER"},"content":{"rendered":"<table class=\"tabella_prodotto\" style=\"border-collapse: separate;\" border=\"1\" width=\"100%\" cellspacing=\"0\" cellpadding=\"3\">\n<tbody>\n<tr>\n<td align=\"center\" valign=\"top\">\u00a0<strong><span style=\"color: #336600;\">Blattanwendung<\/span><\/strong><\/td>\n<td align=\"center\" valign=\"top\" width=\"25\">\u00a0<strong><span style=\"color: #336600;\">Dosierung g\/hl<br \/>\nWasser<\/span><\/strong><\/td>\n<td align=\"center\" valign=\"top\" width=\"25\"><strong><span style=\"color: #336600;\">Dosierung pro Hektar<\/span><\/strong><\/td>\n<\/tr>\n<tr>\n<td class=\"testi\" valign=\"top\"><strong>Kernobstgeh\u00f6lze, Steinobstgeh\u00f6lze, Kiwianbau, Reben, Zitrusfr\u00fcchte und Oliven<br \/>\n<\/strong>Am Anfang von der Bl\u00fcte, bei Abfall der Bl\u00fcmenbl\u00e4tter, beim Schwellen der Fr\u00fcchte, nach 15-20 Tagen.<\/td>\n<td valign=\"top\" width=\"33.33%\">\n<p align=\"center\">g 300-400<\/p>\n<\/td>\n<td class=\"testi\" valign=\"top\" width=\"33.33%\">\n<p align=\"center\">Kg 3-4<\/p>\n<\/td>\n<\/tr>\n<tr>\n<td class=\"testi\" valign=\"top\"><strong>Tomate, Aubergine, Paprika, Zucchino, Gurke, Wasser Melone, Melone<\/strong><br \/>\nAm Anfang von der Bl\u00fcte, nach der Bl\u00fcte, nach 10 Tagen, nach 8-10 Tagen.<\/td>\n<td valign=\"top\" width=\"33.33%\">\n<p align=\"center\">g 250-350<\/p>\n<\/td>\n<td class=\"testi\" valign=\"top\" width=\"33.33%\">\n<p align=\"center\">Kg 2-2,5<\/p>\n<\/td>\n<\/tr>\n<tr>\n<td class=\"testi\" valign=\"top\"><strong>Kopfsalat, Radicchio, Kohl, Baldrian, Rucola, Endivie<br \/>\n<\/strong>Ab der Bildung des 4.-5. Blatts, nach 10 Tagen, nach 8 Tagen.<\/td>\n<td valign=\"top\" width=\"33.33%\">\n<p align=\"center\">g 300-400<\/p>\n<\/td>\n<td class=\"testi\" valign=\"top\" width=\"33.33%\">\n<p align=\"center\">Kg 2-3<\/p>\n<\/td>\n<\/tr>\n<tr>\n<td class=\"testi\" valign=\"top\"><strong>Erdbeeren<br \/>\n<\/strong>8-10 Tagen vor der Bl\u00fcte, w\u00e4hrend der Bl\u00fcte, beim Schwellen der Fr\u00fcchte.<\/td>\n<td valign=\"top\" width=\"33.33%\">\n<p align=\"center\">g 300-350<\/p>\n<\/td>\n<td class=\"testi\" valign=\"top\" width=\"33.33%\">\n<p align=\"center\">Kg 2,5-3<\/p>\n<\/td>\n<\/tr>\n<tr>\n<td class=\"testi\" valign=\"top\"><strong>Kartoffeln<br \/>\n<\/strong>Im Hochbl\u00fcte, am Anfang von der Knollenbildung, Knollen 50%.<\/td>\n<td valign=\"top\" width=\"33.33%\">\n<p align=\"center\">g 400-500<\/p>\n<\/td>\n<td class=\"testi\" valign=\"top\" width=\"33.33%\">\n<p align=\"center\">Kg 2-3<\/p>\n<\/td>\n<\/tr>\n<tr>\n<td class=\"testi\" valign=\"top\"><strong>Rasenteppiche<br \/>\n<\/strong>4-6 Anwendungen alle 15-20 Tage ab M\u00e4rz.<\/td>\n<td valign=\"top\" width=\"33.33%\">\n<p align=\"center\">g 500-600<\/p>\n<\/td>\n<td class=\"testi\" valign=\"top\" width=\"33.33%\">\n<p align=\"center\">Kg 3-4<\/p>\n<\/td>\n<\/tr>\n<tr>\n<td class=\"testi\" valign=\"top\"><strong>Industrieller Anbau von Futter-und Getreidepflanzen<br \/>\n<\/strong>In Verbindung mit Unkraftbek\u00e4mpfungsmitteln nach dem Auskeimen.<\/td>\n<td valign=\"top\" width=\"33.33%\">\n<p align=\"center\">g 300-400<\/p>\n<\/td>\n<td class=\"testi\" valign=\"top\" width=\"33.33%\">\n<p align=\"center\">kg 2-4<\/p>\n<\/td>\n<\/tr>\n<\/tbody>\n<\/table>\n<p>&nbsp;<\/p>\n","protected":false},"excerpt":{"rendered":"<p align=\"justify\">ALGA TILLER ist ein nat\u00fcrliches Produkt aus Meeresbraunalgen (Ascophyllum Nodosum).<\/p>\n<p align=\"justify\">\nALGA TILLER enth\u00e4lt Makro- Meso-und Spurenelemente, Aminos\u00e4uren und Vitamin-Gruppen. Die Elemente in seiner Formel, werden ganz und schnell durch Bl\u00e4tter und Wurzel der Pflanzen aufgenommen; au\u00dferdem haben diese Elemente eine Nahrungswirkung und gleichzeitig helfen sie, der behandelten Pflanzen, die Elemente von dem umliegenden Boden zu synthetisieren. Durch die Braunalgenkonzentration und die freien Aminos\u00e4uren ist Alga Tiller ein einzigartiges Produkt. Das Produkt konnte nach jahrelanger Forschung realisiert werden und hat mit sich erhebliche Ergebnisse bei Obstplantagen, Gem\u00fcsen und Blumen gebracht.\n<\/p>\n<p>&nbsp;<\/p>\n<p align=\"justify\">\n<strong>Zusammensetzung:<\/strong><\/br><br \/>\nBraunalgen (Ascophyllum Nodosum) 30%<\/br><br \/>\nDas Produkt enth\u00e4lt Aminos\u00e4uren pflanzlichen Ursprungs, Betain und Mannit.<\/p>\n<p><\/br><\/p>\n<p align=\"justify\"><strong>RATSCHL\u00c4GE F\u00dcR EINE FACHGERECHTE LAGERUNG:<\/strong><br \/>\nDas Produkt ist gut lagerf\u00e4hig bei einer Temperatur zwischen 2\u00b0C und 28 \u00b0C.<\/p>\n","protected":false},"featured_media":1982,"template":"","meta":[],"product_cat":[108],"product_tag":[],"class_list":{"0":"post-1548","1":"product","2":"type-product","3":"status-publish","4":"has-post-thumbnail","6":"product_cat-1-ernaehrungsspezialitaeten","8":"entry","9":"has-media","11":"first","12":"instock","13":"shipping-taxable","14":"product-type-simple","15":"has-product-nav","16":"col","17":"span_1_of_4","18":"owp-content-center","19":"item-entry","20":"owp-thumbs-layout-horizontal","21":"owp-btn-normal","22":"owp-tabs-layout-horizontal","23":"has-no-thumbnails"},"_links":{"self":[{"href":"https:\/\/www.tiller.it\/de\/wp-json\/wp\/v2\/product\/1548","targetHints":{"allow":["GET"]}}],"collection":[{"href":"https:\/\/www.tiller.it\/de\/wp-json\/wp\/v2\/product"}],"about":[{"href":"https:\/\/www.tiller.it\/de\/wp-json\/wp\/v2\/types\/product"}],"wp:featuredmedia":[{"embeddable":true,"href":"https:\/\/www.tiller.it\/de\/wp-json\/wp\/v2\/media\/1982"}],"wp:attachment":[{"href":"https:\/\/www.tiller.it\/de\/wp-json\/wp\/v2\/media?parent=1548"}],"wp:term":[{"taxonomy":"product_cat","embeddable":true,"href":"https:\/\/www.tiller.it\/de\/wp-json\/wp\/v2\/product_cat?post=1548"},{"taxonomy":"product_tag","embeddable":true,"href":"https:\/\/www.tiller.it\/de\/wp-json\/wp\/v2\/product_tag?post=1548"}],"curies":[{"name":"wp","href":"https:\/\/api.w.org\/{rel}","templated":true}]}}