{"id":1550,"date":"2024-01-15T11:42:29","date_gmt":"2024-01-15T10:42:29","guid":{"rendered":"https:\/\/www.tiller.it\/prodotto\/algaspeed\/"},"modified":"2024-02-05T10:06:19","modified_gmt":"2024-02-05T09:06:19","slug":"algaspeed","status":"publish","type":"product","link":"https:\/\/www.tiller.it\/de\/produkt\/algaspeed\/","title":{"rendered":"ALGASPEED"},"content":{"rendered":"<table class=\"tabella_prodotto\" style=\"border-collapse: separate;\" border=\"1\" width=\"100%\" cellspacing=\"0\" cellpadding=\"3\">\n<tbody>\n<tr>\n<td align=\"center\" valign=\"top\">\u00a0<strong><span style=\"color: #336600;\">Blattanwendung<\/span><\/strong><\/td>\n<td align=\"center\" valign=\"top\" width=\"25\">\u00a0<strong><span style=\"color: #336600;\">Dosierung g\/hl<br \/>\nWasser<\/span><\/strong><\/td>\n<td align=\"center\" valign=\"top\" width=\"25\"><strong><span style=\"color: #336600;\">Dosierung pro Hektar<\/span><\/strong><\/td>\n<\/tr>\n<tr>\n<td width=\"50%\" valign=\"top\">\n<p>Kernobstgeh\u00f6lze, Steinobstgeh\u00f6lze,<br \/>\nKiwianbau, Reben, Zitrusfr\u00fcchte Und Oliven\n<\/p>\n<\/td>\n<td width=\"25%\" valign=\"top\" align=\"center\">\n<p>g 250-300 <\/p>\n<\/td>\n<td width=\"25%\" valign=\"top\" align=\"center\">\n<p>Kg 2,5-3<\/p>\n<\/td>\n<\/tr>\n<tr>\n<td width=\"50%\" valign=\"top\">\n<p>Gem\u00fcseanbau, Erdbeeren Melone, Wassermelone und K\u00fcrbis<\/p>\n<\/td>\n<td width=\"25%\" valign=\"top\" align=\"center\">\n<p>g 200-250<\/p>\n<\/td>\n<td width=\"25%\" valign=\"top\" align=\"center\">\n<p>Kg 2<\/p>\n<\/td>\n<\/tr>\n<tr>\n<td width=\"50%\" valign=\"top\">\n<p>Kartoffeln<\/p>\n<\/td>\n<td width=\"25%\" valign=\"top\" align=\"center\">\n<p>g 300-350<\/p>\n<\/td>\n<td width=\"25%\" valign=\"top\" align=\"center\">\n<p>Kg 3<\/p>\n<\/td>\n<\/tr>\n<tr>\n<td width=\"50%\" valign=\"top\">\n<p>Blumenanbau<\/p>\n<\/td>\n<td width=\"25%\" valign=\"top\" align=\"center\">\n<p>g 150-200<\/p>\n<\/td>\n<td width=\"25%\" valign=\"top\" align=\"center\">\n<p>Kg 1,5<\/p>\n<\/td>\n<\/tr>\n<tr>\n<td width=\"50%\" valign=\"top\">\n<p>Baumschulen Und Rasenteppiche<\/p>\n<\/td>\n<td width=\"25%\" valign=\"top\" align=\"center\">\n<p>g 350-400<\/p>\n<\/td>\n<td width=\"25%\" valign=\"top\" align=\"center\">\n<p>Kg 3<\/p>\n<\/td>\n<\/tr>\n<tr>\n<td width=\"50%\" valign=\"top\">\n<p>Industrieller Anbau Von Futter-und Getreidepflanzen<\/p>\n<\/td>\n<td width=\"25%\" valign=\"top\" align=\"center\">\n<p>\n&#8211;<\/p>\n<\/td>\n<td width=\"25%\" valign=\"top\" align=\"center\">\n<p>Kg 2-3<\/p>\n<\/td>\n<\/tr>\n<\/tbody>\n<\/table>\n","protected":false},"excerpt":{"rendered":"<p align=\"justify\">ALGASPEED ist ein nat\u00fcrlicher D\u00fcnger aus Meeresalgenextrakten, Aminos\u00e4uren und organischem Stickstoff.<\/br><\/br><\/p>\n<p>Dank der Mischung von den verschiedenen Komponenten ist Algaspeed ein D\u00fcnger, der den N\u00e4hrstoffbedarf der Pflanzen deckt. Die Meeresalgenextrakte enthalten Aminos\u00e4uren, Makro-Meso und Spurenelemente, Mannit, Betain und Vitamin-Gruppen: alle Elemente nat\u00fcrlichen Ursprungs. Die Elemente in Algaspeed enthalten werden besonders schnell durch Bl\u00e4tter und Wurzeln der Pflanzen aufgenommen.<\/br><\/br><\/p>\n<p>Das Produkt eignet sich f\u00fcr Obst-und  Gartenbau und Blumenzucht, w\u00e4hrend der schwierigsten Phasen des Kulturzyklus (Wiederbeginn der Wachstumszeit, vor und nach der Bl\u00fcte, Vergr\u00f6\u00dferung der Fr\u00fcchte und unter Stressbedingungen wie Temperaturspr\u00fcche und Wasser \u2013und Lichtmangel).<\/p>\n<p>&nbsp;<\/p>\n<p align=\"justify\"><strong>Zusammensetzung:<\/strong><\/br><br \/>\n Stickstoff (N) insgesamt 5%<\/br><br \/>\nOrganischer Stickstoff (N) 5%<\/br><br \/>\nOrganischer Kohlenstoff (C) gesamt biologischen Ursprungs 18%<\/p>\n<p><\/br><br \/>\n<img decoding=\"async\" class=\"alignnone size-full wp-image-585\" src=\"https:\/\/www.tiller.it\/wp-content\/uploads\/2024\/02\/logo_bio_de.webp\" alt=\"\" width=\"300\" height=\"86\" \/><\/p>\n","protected":false},"featured_media":2042,"template":"","meta":[],"product_cat":[108,109],"product_tag":[],"class_list":{"0":"post-1550","1":"product","2":"type-product","3":"status-publish","4":"has-post-thumbnail","6":"product_cat-1-ernaehrungsspezialitaeten","7":"product_cat-20-im-oekologischen-landbau-zugelassene-duengemittel","9":"entry","10":"has-media","12":"first","13":"instock","14":"shipping-taxable","15":"product-type-simple","16":"has-product-nav","17":"col","18":"span_1_of_4","19":"owp-content-center","20":"item-entry","21":"owp-thumbs-layout-horizontal","22":"owp-btn-normal","23":"owp-tabs-layout-horizontal","24":"has-no-thumbnails"},"_links":{"self":[{"href":"https:\/\/www.tiller.it\/de\/wp-json\/wp\/v2\/product\/1550","targetHints":{"allow":["GET"]}}],"collection":[{"href":"https:\/\/www.tiller.it\/de\/wp-json\/wp\/v2\/product"}],"about":[{"href":"https:\/\/www.tiller.it\/de\/wp-json\/wp\/v2\/types\/product"}],"wp:featuredmedia":[{"embeddable":true,"href":"https:\/\/www.tiller.it\/de\/wp-json\/wp\/v2\/media\/2042"}],"wp:attachment":[{"href":"https:\/\/www.tiller.it\/de\/wp-json\/wp\/v2\/media?parent=1550"}],"wp:term":[{"taxonomy":"product_cat","embeddable":true,"href":"https:\/\/www.tiller.it\/de\/wp-json\/wp\/v2\/product_cat?post=1550"},{"taxonomy":"product_tag","embeddable":true,"href":"https:\/\/www.tiller.it\/de\/wp-json\/wp\/v2\/product_tag?post=1550"}],"curies":[{"name":"wp","href":"https:\/\/api.w.org\/{rel}","templated":true}]}}