{"id":1555,"date":"2024-01-15T13:48:24","date_gmt":"2024-01-15T12:48:24","guid":{"rendered":"https:\/\/www.tiller.it\/prodotto\/aminotill\/"},"modified":"2024-02-05T10:20:56","modified_gmt":"2024-02-05T09:20:56","slug":"aminotill","status":"publish","type":"product","link":"https:\/\/www.tiller.it\/de\/produkt\/aminotill\/","title":{"rendered":"AMINOTILL"},"content":{"rendered":"<table class=\"tabella_prodotto\" style=\"border-collapse: separate;\" border=\"1\" width=\"100%\" cellspacing=\"0\" cellpadding=\"3\">\n<tbody>\n<tr>\n<td align=\"center\" valign=\"top\">\u00a0<strong><span style=\"color: #336600;\">Blattanwendung<\/span><\/strong><\/td>\n<td align=\"center\" valign=\"top\" width=\"25\">\u00a0<strong><span style=\"color: #336600;\">Dosierung g\/hl<br \/>\nWasser<\/span><\/strong><\/td>\n<td align=\"center\" valign=\"top\" width=\"25\"><strong><span style=\"color: #336600;\">Dosierung pro Hektar<\/span><\/strong><\/td>\n<\/tr>\n<tr>\n<td valign=\"top\" width=\"50%\">\n<p align=\"left\"><strong>Obstplantagen, Kiwianbau, Reben und Zitrusfr\u00fcchte:<\/strong><\/p>\n<p align=\"left\">Anwendung 20-30 Tage nach der Bl\u00fcte, nach 15 Tagen und 30 Tage vor der Ernte wiederholen.<\/p>\n<\/td>\n<td align=\"center\" valign=\"top\" width=\"25%\">\ng 150-200<\/td>\n<td align=\"center\" valign=\"top\" width=\"25%\">\nkg 2<\/td>\n<\/tr>\n<tr>\n<td valign=\"top\" width=\"50%\">\n<p align=\"justify\"><strong>Blattgem\u00fcse:<\/strong><\/p>\n<p align=\"justify\">Anwendung 8-10 Tage nach dem Umsetzen und  weitere 2 Anwendungen alle 8 Tage.<\/p>\n<\/td>\n<td align=\"center\" valign=\"top\" width=\"25%\">\ng 100-150<\/td>\n<td align=\"center\" valign=\"top\" width=\"25%\">\nkg 1-1,5<\/td>\n<\/tr>\n<tr>\n<td valign=\"top\" width=\"50%\"><strong>Fruchtgem\u00fcse:<\/strong><br \/>\nAnwendung bei Fruchtbildung, 3.<br \/>\nAnwendungen im Abstand von 8-10 Tagen wiederholen.<\/td>\n<td align=\"center\" valign=\"top\" width=\"25%\">\ng 100-150<\/td>\n<td align=\"center\" valign=\"top\" width=\"25%\">\nkg 1-1,5<\/td>\n<\/tr>\n<tr>\n<td valign=\"top\" width=\"50%\">\n<p align=\"justify\"><strong>Erdbeeren und Melone:<\/strong><\/p>\n<p align=\"justify\">Anwendung nach der Bl\u00fcte, 2 Anwendungen pro Woche.<\/p>\n<\/td>\n<td align=\"center\" valign=\"top\" width=\"25%\">\ng 100-120<\/td>\n<td align=\"center\" valign=\"top\" width=\"25%\">\nkg 1<\/td>\n<\/tr>\n<tr>\n<td valign=\"top\" width=\"50%\">\n<p align=\"justify\"><strong>Blumenanbau:<\/strong><\/p>\n<p align=\"justify\">Anwendungen bei Schw\u00e4che der Pflanze oder um den Produktionszyklus zu beschleunigen: in diesen F\u00e4llen empfehlen wir 2-3 Anwendungen pro Woche.<\/p>\n<\/td>\n<td align=\"center\" valign=\"top\" width=\"25%\">\ng 80-120<\/td>\n<td align=\"center\" valign=\"top\" width=\"25%\">\nkg 0,6-1<\/td>\n<\/tr>\n<tr>\n<td valign=\"top\" width=\"50%\">\n<p align=\"justify\"><strong>Obstbaumschulen:<\/strong><\/p>\n<p align=\"justify\">Anwendung wenn die Kupplung 35-40 cm L\u00e4nge erreicht hat, 4-5 Mal im Abstand von 15 Tagen wiederholen.<\/p>\n<\/td>\n<td align=\"center\" valign=\"top\" width=\"25%\">\ng 250-300<\/td>\n<td align=\"center\" valign=\"top\" width=\"25%\">\nkg 2,5-3<\/td>\n<\/tr>\n<tr>\n<td valign=\"top\" width=\"50%\">\n<p align=\"justify\"><strong>Industrieller Anbau von Futter-und Getreidepflanzen:<\/strong><\/p>\n<p align=\"justify\">Anwendung in den fr\u00fchen Phasen des Kulturzyklus, nach 15 Tagen und 30 Tage vor der Ernte wiederholen.<strong><br \/>\n<\/strong><\/p>\n<\/td>\n<td valign=\"top\" width=\"25%\">\n<p align=\"justify\">\n<\/td>\n<td align=\"center\" valign=\"top\" width=\"25%\">\nKg 1-1,5<\/td>\n<\/tr>\n<\/tbody>\n<\/table>\n","protected":false},"excerpt":{"rendered":"<p align=\"justify\">AMINOTILL ist ein Fl\u00fcssigd\u00fcnger, optimal zur F\u00f6rderung von dem Stoffwechsel der Pflanzen; dank dem niedrigen Molekulargewicht der Aminos\u00e4ure-Fraktion und der hohen Aufnahme von allen anderen Komponenten ist Aminotill ein Produkt mit umgehender Wirkung. Alle Pflanzen verbrauchen Energie zur Vollendung der Vitalfunktionen: eine solche Energie stammt aus dem Verbrauch und der Synthese von den selben Substanzen wie die in Aminotill enthalten. F\u00fcr diesen Grund f\u00f6rdert die Anwendung von solchen Substanzen, die von Pflanzen sofort verf\u00fcgbar sind, eine bessere Ernte, auch unter Stressbedingungen (Temperaturspr\u00fcnge und pl\u00f6tzliche \u00c4nderungen der Licht- und Wasserverh\u00e4ltnisse). <\/br><\/br><br \/>\nDie Verwendung von Aminotill zu den Tageszeiten vorgenommen, die daf\u00fcr am vorteilhaftesten sind, bringt daher die folgenden Ergebnisse:<\/br><\/br><\/p>\n<p>Bessere Entwickung des Pflanzenapparatus;<\/br><br \/>\n&#8211; St\u00e4rkere Wurzeln nach der Umsetzen;<\/br><br \/>\n&#8211; Vergr\u00f6\u00dferung der Fr\u00fcchte;<\/br><br \/>\n&#8211; Bessere Festigkeit des Gewebes;<\/br><br \/>\n&#8211; Bessere Farbe und Festigkeit der Fr\u00fcchte.<\/br><\/br><\/p>\n<p align=\"justify\"><strong>Zusammensetzung:<\/strong><\/p>\n<p align=\"justify\">Aminos\u00e4uren pflanzlichen Ursprungs<\/br><br \/>\n(Asparagins\u00e4ure, Glutamins\u00e4ure, Alanin, Arginin, Phenylalanin, Glycin,Isoleucin, Histidin),<\/br><br \/>\nVitamin-Gruppen (E, A, B1, B2, B6, K3),<\/br><br \/>\nMeso-und Spurenelemente: Eisen (Fe), Mangan (Mn), Zink (Zn), Magnesium (Mg),<\/br><br \/>\nZucker<\/p>\n<p><\/br><\/p>\n<p align=\"justify\"><strong>RATSCHL\u00c4GE F\u00dcR EINE FACHGERECHTE LAGERUNG:<\/strong> Das Produkt ist gut lagerf\u00e4hig bei einer Temperatur zwischen 2\u00b0C und 28 \u00b0C.<\/p>\n","protected":false},"featured_media":2045,"template":"","meta":[],"product_cat":[108],"product_tag":[],"class_list":{"0":"post-1555","1":"product","2":"type-product","3":"status-publish","4":"has-post-thumbnail","6":"product_cat-1-ernaehrungsspezialitaeten","8":"entry","9":"has-media","11":"first","12":"instock","13":"shipping-taxable","14":"product-type-simple","15":"has-product-nav","16":"col","17":"span_1_of_4","18":"owp-content-center","19":"item-entry","20":"owp-thumbs-layout-horizontal","21":"owp-btn-normal","22":"owp-tabs-layout-horizontal","23":"has-no-thumbnails"},"_links":{"self":[{"href":"https:\/\/www.tiller.it\/de\/wp-json\/wp\/v2\/product\/1555","targetHints":{"allow":["GET"]}}],"collection":[{"href":"https:\/\/www.tiller.it\/de\/wp-json\/wp\/v2\/product"}],"about":[{"href":"https:\/\/www.tiller.it\/de\/wp-json\/wp\/v2\/types\/product"}],"wp:featuredmedia":[{"embeddable":true,"href":"https:\/\/www.tiller.it\/de\/wp-json\/wp\/v2\/media\/2045"}],"wp:attachment":[{"href":"https:\/\/www.tiller.it\/de\/wp-json\/wp\/v2\/media?parent=1555"}],"wp:term":[{"taxonomy":"product_cat","embeddable":true,"href":"https:\/\/www.tiller.it\/de\/wp-json\/wp\/v2\/product_cat?post=1555"},{"taxonomy":"product_tag","embeddable":true,"href":"https:\/\/www.tiller.it\/de\/wp-json\/wp\/v2\/product_tag?post=1555"}],"curies":[{"name":"wp","href":"https:\/\/api.w.org\/{rel}","templated":true}]}}