{"id":1559,"date":"2024-01-15T14:28:52","date_gmt":"2024-01-15T13:28:52","guid":{"rendered":"https:\/\/www.tiller.it\/prodotto\/sugared\/"},"modified":"2024-02-05T11:38:55","modified_gmt":"2024-02-05T10:38:55","slug":"sugared","status":"publish","type":"product","link":"https:\/\/www.tiller.it\/de\/produkt\/sugared\/","title":{"rendered":"SUGARED"},"content":{"rendered":"<table class=\"tabella_prodotto\" style=\"border-collapse: separate;\" border=\"1\" width=\"100%\" cellspacing=\"0\" cellpadding=\"3\">\n<tbody>\n<tr>\n<td align=\"center\" valign=\"top\">\u00a0<strong><span style=\"color: #336600;\">Blattanwendung<\/span><\/strong><\/td>\n<td align=\"center\" valign=\"top\" width=\"25\">\u00a0<strong><span style=\"color: #336600;\">Dosierung g\/hl Wasser<\/span><\/strong><\/td>\n<td align=\"center\" valign=\"top\" width=\"25\"><strong><span style=\"color: #336600;\">Dosierung pro Hektar<\/span><\/strong><\/td>\n<\/tr>\n<tr>\n<td class=\"testi\" valign=\"top\">\n<strong>PFIRSICH UND APFEL<\/strong><br \/>\nAnwendungen ab 40 Tage nach der Reife;<br \/>\nalle 10 Tage bis Ernte wiederholen<\/td>\n<td class=\"testi\" align=\"center\" valign=\"top\" width=\"25%\">&nbsp;<\/p>\n<div>g 150-200<\/div>\n<\/td>\n<td align=\"center\" valign=\"top\" width=\"25%\">kg 1,5-2<\/td>\n<\/tr>\n<tr>\n<td class=\"testi\" valign=\"top\">\n<strong>KIWIANBAU UND REBEN<br \/>\n<\/strong>Blattanwendungen ab Anfang Juli, alle 15<br \/>\nTage bis Mitte September wiederholen<\/td>\n<td class=\"testi\" align=\"center\" valign=\"top\" width=\"25%\">&nbsp;<\/p>\n<div>g 200-250<\/div>\n<\/td>\n<td align=\"center\" valign=\"top\" width=\"25%\">kg 2<\/td>\n<\/tr>\n<tr>\n<td class=\"testi\" valign=\"top\">\n<strong>ZITRUSFR\u00dcCHTE<br \/>\n<\/strong>Blattanwendungen ab Ende August, alle 12\/15<br \/>\nTage bis Anfang November wiederholen.<\/td>\n<td class=\"testi\" align=\"center\" valign=\"top\" width=\"25%\">g 200-300<\/td>\n<td align=\"center\" valign=\"top\" width=\"25%\">Kg 2-2,5<\/td>\n<\/tr>\n<tr>\n<td class=\"testi\" valign=\"top\">\n<strong>BIRNE<\/strong><br \/>\nBlattanwendungen ab Anfang Juli, alle 10\/15<br \/>\nTage bis Reife wiederholen<\/td>\n<td class=\"testi\" align=\"center\" valign=\"top\" width=\"25%\">g 150-200<\/td>\n<td align=\"center\" valign=\"top\" width=\"25%\">kg 1,5-2<\/td>\n<\/tr>\n<tr>\n<td class=\"testi\" valign=\"top\">\n<strong>MELONE, WASSER MELONE, ERDBEEREN und K\u00fcrbis<\/strong><br \/>\nBlattanwendungen 30 Tage nach der Ernte,<br \/>\n3 Mal alle 8 Tage wiederholen<\/td>\n<td class=\"testi\" align=\"center\" valign=\"top\" width=\"25%\">g 150-200<\/td>\n<td align=\"center\" valign=\"top\" width=\"25%\">Kg 1,5-2<\/td>\n<\/tr>\n<tr>\n<td valign=\"top\">\n<strong>RADICCHIO<br \/>\n<\/strong>Blattanwendungen ab mittleren Phasen des Kulturzyklus, 3 Mal im Abstand von 10-15<br \/>\nTagen wiederholen<\/td>\n<td align=\"center\" valign=\"top\" width=\"25%\">g 150-200<\/td>\n<td align=\"center\" valign=\"top\" width=\"25%\">kg 1,5-2<\/td>\n<\/tr>\n<tr>\n<td class=\"testi\" valign=\"top\">\n<strong>BL\u00dcMEN-UND GEM\u00dcSEANBAU<\/strong><br \/>\nBlattanwendungen ab Anfang Juli, alle 10\/15<br \/>\nTage bis Reife wiederholen<strong><br \/>\n<\/strong><\/td>\n<td class=\"testi\" align=\"center\" valign=\"top\" width=\"25%\">g 150-200<\/td>\n<td align=\"center\" valign=\"top\" width=\"25%\">Kg 1-1,5<\/td>\n<\/tr>\n<tr>\n<td valign=\"top\">\n<strong>ZUCKERR\u00dcBE<br \/>\n<\/strong>Blattanwendungen ab Ende Mai, 3 Mal im<br \/>\nAbstand von 12-15 Tagen wiederholen<\/td>\n<td align=\"center\" valign=\"top\" width=\"25%\">&#8211;<\/td>\n<td align=\"center\" valign=\"top\" width=\"25%\">kg 2<\/td>\n<\/tr>\n<\/tbody>\n<\/table>\n<p>SUGARED bei Zuckerr\u00fcben angewandt f\u00f6rdert die Anreicherung von Zucker und zu einem Anstieg der Produktivit\u00e4t f\u00fchren kann.<\/p>\n","protected":false},"excerpt":{"rendered":"<p>SUGARED is ein einzigartiges Produkt, das nach vielen Forschungen erstellt wurde. Dank dem optimalen Verh\u00e4ltnis von den enthaltenen Elementen wird das Produkt v\u00f6llig von der Pflanze aufgenommen.  Das enthaltene Kalium wird aus dem reinsten technischen Salz neuer Generation erzeugt. Es wird von Bl\u00e4tter aufgenommen, und es nimmt an den Photosynthese-Prozess und Zuckersynthese teil.  Dank dem hohen Gehalt an chelatisierten Spurenelementen, Kalium, Vitamin-Gruppen, Induktoren der Zuckern und nat\u00fcrlichen Pigmenten eignet sich das Produkt f\u00fcr die Verbesserung von der Qualit\u00e4t der Fr\u00fcchte, Gem\u00fcse und Blumen. Bei regelm\u00e4\u00dfiger Gabe bei Obstplantagen (insbesonders Pfirsich, Apfel, Birne, Kiwianbau und Zitrusfr\u00fcchte) und bei Obstgem\u00fcse (Melone, Tomate, Paprika und Erdbeeren) ab mittleren Phasen des Kulturzyklus bis der Reife, werden die Haltbarkeit, die Gr\u00f6\u00dfe und die Farbe der Fr\u00fcchte verbessert.<\/br><\/br><\/p>\n<p align=\"justify\"><strong>Zusammensetzung:<\/br><\/strong><br \/>\nKaliumoxid (K2O) in Wasser l\u00f6slich 27,5%<\/br><br \/>\nEisen (Fe) in Wasser l\u00f6slich 1,5 %<\/br><br \/>\nEisenchelat (Fe) aus EDTA 1,5%<\/br><br \/>\nMangan (Mn) in Wasser l\u00f6slich 1,5%<\/br><br \/>\nManganchelat (Mn) aus EDTA 1,5%<\/br><br \/>\nZink (Zn) in Wasser l\u00f6slich 2,5%<\/br><br \/>\nZinkchelat (Zn) aus EDTA 2,5%<\/br><\/br><\/p>\n<p>Ph-Bereich, der eine gute Stabilit\u00e4t des Chelatanteils gew\u00e4hrleistet: 3-10.<\/p>\n","protected":false},"featured_media":2063,"template":"","meta":[],"product_cat":[108],"product_tag":[],"class_list":{"0":"post-1559","1":"product","2":"type-product","3":"status-publish","4":"has-post-thumbnail","6":"product_cat-1-ernaehrungsspezialitaeten","8":"entry","9":"has-media","11":"first","12":"instock","13":"shipping-taxable","14":"product-type-simple","15":"has-product-nav","16":"col","17":"span_1_of_4","18":"owp-content-center","19":"item-entry","20":"owp-thumbs-layout-horizontal","21":"owp-btn-normal","22":"owp-tabs-layout-horizontal","23":"has-no-thumbnails"},"_links":{"self":[{"href":"https:\/\/www.tiller.it\/de\/wp-json\/wp\/v2\/product\/1559","targetHints":{"allow":["GET"]}}],"collection":[{"href":"https:\/\/www.tiller.it\/de\/wp-json\/wp\/v2\/product"}],"about":[{"href":"https:\/\/www.tiller.it\/de\/wp-json\/wp\/v2\/types\/product"}],"wp:featuredmedia":[{"embeddable":true,"href":"https:\/\/www.tiller.it\/de\/wp-json\/wp\/v2\/media\/2063"}],"wp:attachment":[{"href":"https:\/\/www.tiller.it\/de\/wp-json\/wp\/v2\/media?parent=1559"}],"wp:term":[{"taxonomy":"product_cat","embeddable":true,"href":"https:\/\/www.tiller.it\/de\/wp-json\/wp\/v2\/product_cat?post=1559"},{"taxonomy":"product_tag","embeddable":true,"href":"https:\/\/www.tiller.it\/de\/wp-json\/wp\/v2\/product_tag?post=1559"}],"curies":[{"name":"wp","href":"https:\/\/api.w.org\/{rel}","templated":true}]}}