{"id":1561,"date":"2024-01-15T14:37:59","date_gmt":"2024-01-15T13:37:59","guid":{"rendered":"https:\/\/www.tiller.it\/prodotto\/quality-vite\/"},"modified":"2024-02-05T11:48:41","modified_gmt":"2024-02-05T10:48:41","slug":"quality-vite","status":"publish","type":"product","link":"https:\/\/www.tiller.it\/de\/produkt\/quality-vite\/","title":{"rendered":"QUALITY VITE"},"content":{"rendered":"<table class=\"tabella_prodotto\" style=\"border-collapse: separate;\" border=\"1\" width=\"100%\" cellspacing=\"0\" cellpadding=\"3\">\n<tbody>\n<tr>\n<td align=\"center\" valign=\"top\">\u00a0<strong><span style=\"color: #336600;\">Blattanwendung<\/span><\/strong><\/td>\n<td align=\"center\" valign=\"top\" width=\"25\">\u00a0<strong><span style=\"color: #336600;\">Dosierung g\/hl<br \/>\nWasser<\/span><\/strong><\/td>\n<td align=\"center\" valign=\"top\" width=\"25\"><strong><span style=\"color: #336600;\">Dosierung pro Hektar<\/span><\/strong><\/td>\n<\/tr>\n<tr>\n<td class=\"testi\" width=\"50%\" valign=\"top\"><strong>REBEN<br \/>\n<\/strong>4-5 Anwendungen alle 15 Tage ab Anfang Juli\n<\/td>\n<td width=\"25%\" valign=\"top\" align=\"center\">\n<p>g 150-200<\/p>\n<\/td>\n<td class=\"testi\" width=\"25%\" valign=\"top\"   align=\"center\">kg 2<\/td>\n<\/tr>\n<tr>\n<td class=\"testi\" width=\"50%\" valign=\"top\">\n<strong>PFIRSICH AND APPLE<\/strong><br \/>\nAnwendungen 40 Tage nach der Reife, alle 10<br \/>\nTage bis Ernte wiederholen<\/td>\n<td width=\"25%\" valign=\"top\" align=\"center\">\n<p>g 150-200<\/p>\n<\/td>\n<td class=\"testi\" width=\"25%\" valign=\"top\"   align=\"center\">kg 1,5-2<\/td>\n<\/tr>\n<tr>\n<td class=\"testi\" width=\"50%\" valign=\"top\"><strong>KIWIANBAU<\/strong><br \/>\nBlattanwendungen ab Anfang Juli,  alle 15 Tage<br \/>\nbis Mitte September wiederholen<\/td>\n<td width=\"25%\" valign=\"top\" align=\"center\">\n<p>g 200-250<\/p>\n<\/td>\n<td class=\"testi\" width=\"25%\" valign=\"top\" align=\"center\">kg 2<\/td>\n<\/tr>\n<tr>\n<td class=\"testi\" width=\"50%\" valign=\"top\">\n<strong>ZITRUSFR\u00dcCHTE<\/strong><br \/>\nBlattanwendungen ab Anfang September, alle<br \/>\n12\/15 Tage bis Anfang November wiederholen<\/td>\n<td width=\"25%\" valign=\"top\" align=\"center\">\n<p>g 200-250<\/p>\n<\/td>\n<td class=\"testi\" width=\"25%\" valign=\"top\" align=\"center\">kg 2-2,5<\/td>\n<\/tr>\n<tr>\n<td class=\"testi\" width=\"50%\" valign=\"top\">\n<strong>BIRNE<\/strong><br \/>\nBlattanwendungen ab Anfang Juli, alle 10-15 Tage bis Reife wiederholen\n<\/td>\n<td width=\"25%\" valign=\"top\" align=\"center\">\n<p>g 150-200<\/p>\n<\/td>\n<td class=\"testi\" width=\"25%\" valign=\"top\" align=\"center\">kg 1,5-2<\/td>\n<\/tr>\n<tr>\n<td colspan=\"3\" valign=\"top\">\n<strong><\/p>\n<p align=\"center\">\nQUALITY VINE kann bei Gem\u00fcse und Blumenanbauen mit einer Dosierung von 100-120 g\/hl Wasser verwendet werden.<\/p>\n<p><\/strong><\/td>\n<\/tr>\n<\/tbody>\n<\/table>\n","protected":false},"excerpt":{"rendered":"<p>QUALITY VITE ist ein Blattd\u00fcnger, der nach vielen und anstrengenden Forschungen erstellt wurde. Die ausgewogenen Elemente in seiner Formel werden besonders schnell von den Pflanzen aufgenommen. Das enthaltene Kalium wird aus dem reinsten technischen Salz neuer Generation erzeugt. Es wird von Bl\u00e4tter aufgenommen, innerhalb der Pflanze transportiert und nimmt an den Photosynthese-Prozess und Zuckersynthese teil.  Dank dem hohen Gehalt an chelatisierten Spurenelementen, Kalium, Vitamin-Gruppen,  Zucker und nat\u00fcrlichen Pigmenten eignet sich das Produkt f\u00fcr die Verbesserung von der Qualit\u00e4t der Weintrauben. Bei regelm\u00e4\u00dfiger Gabe bei Obstplantagen (insbesonders Pfirsich, Apfel, Birne, Kiwianbau und Zitrusfr\u00fcchte) ab mittleren Phasen des Kulturzyklus bis der Reife, werden die Haltbarkeit, die Gr\u00f6\u00dfe und die Farbe der Fr\u00fcchte verbessert.<\/br><\/br><\/p>\n<p align=\"justify\"><strong>Zusammensetzung:<\/br><\/strong><br \/>\nKaliumoxid (K2O) in Wasser l\u00f6slich 27,5%<\/br><br \/>\nEisen (Fe) in Wasser l\u00f6slich  1,5 %<\/br><br \/>\nEisenchelat (Fe) aus EDTA 1,5%<\/br><br \/>\nMangan (Mn) in Wasser l\u00f6slich 1,5%<\/br><br \/>\nManganchelat (Mn) aus EDTA 1,5%<\/br><br \/>\nZink (Zn) in Wasser l\u00f6slich 2,5%<\/br><br \/>\nZinkchelat (Zn) aus EDTA 2,5%<\/p>\n<p><\/br><br \/>\n<strong>Ph-Bereich, der eine gute Stabilit\u00e4t des Chelatanteils gew\u00e4hrleistet: 3-10.<\/strong><\/p>\n","protected":false},"featured_media":2060,"template":"","meta":[],"product_cat":[108],"product_tag":[],"class_list":{"0":"post-1561","1":"product","2":"type-product","3":"status-publish","4":"has-post-thumbnail","6":"product_cat-1-ernaehrungsspezialitaeten","8":"entry","9":"has-media","11":"first","12":"instock","13":"shipping-taxable","14":"product-type-simple","15":"has-product-nav","16":"col","17":"span_1_of_4","18":"owp-content-center","19":"item-entry","20":"owp-thumbs-layout-horizontal","21":"owp-btn-normal","22":"owp-tabs-layout-horizontal","23":"has-no-thumbnails"},"_links":{"self":[{"href":"https:\/\/www.tiller.it\/de\/wp-json\/wp\/v2\/product\/1561","targetHints":{"allow":["GET"]}}],"collection":[{"href":"https:\/\/www.tiller.it\/de\/wp-json\/wp\/v2\/product"}],"about":[{"href":"https:\/\/www.tiller.it\/de\/wp-json\/wp\/v2\/types\/product"}],"wp:featuredmedia":[{"embeddable":true,"href":"https:\/\/www.tiller.it\/de\/wp-json\/wp\/v2\/media\/2060"}],"wp:attachment":[{"href":"https:\/\/www.tiller.it\/de\/wp-json\/wp\/v2\/media?parent=1561"}],"wp:term":[{"taxonomy":"product_cat","embeddable":true,"href":"https:\/\/www.tiller.it\/de\/wp-json\/wp\/v2\/product_cat?post=1561"},{"taxonomy":"product_tag","embeddable":true,"href":"https:\/\/www.tiller.it\/de\/wp-json\/wp\/v2\/product_tag?post=1561"}],"curies":[{"name":"wp","href":"https:\/\/api.w.org\/{rel}","templated":true}]}}