{"id":1565,"date":"2024-01-15T14:57:29","date_gmt":"2024-01-15T13:57:29","guid":{"rendered":"https:\/\/www.tiller.it\/prodotto\/brad-10-e-v\/"},"modified":"2024-02-05T14:28:55","modified_gmt":"2024-02-05T13:28:55","slug":"brad-10-e-v","status":"publish","type":"product","link":"https:\/\/www.tiller.it\/de\/produkt\/brad-10-e-v\/","title":{"rendered":"BRAD 10 E.V."},"content":{"rendered":"<table class=\"tabella_prodotto\" style=\"border-collapse: separate;\" border=\"1\" width=\"100%\" cellspacing=\"0\" cellpadding=\"3\">\n<tbody>\n<tr style=\"background-color: #336600; color: #FFF;\">\n<td><strong>ANWENDUNGSMODALIT\u00c4TEN BLATTD\u00dcNGUNG<\/strong><\/td>\n<td><strong>DOSIERUNG G\/HL WASSER<\/strong><\/td>\n<td><strong>DOSIERUNG PRO HEKTAR<\/strong><\/td>\n<\/tr>\n<tr>\n<td>\n<p><font size=\"2\">KULTUR: Kiwianbau<\/font><\/p>\n<\/td>\n<td>\n<p><font size=\"2\">g 200-300<\/font><\/p>\n<\/td>\n<td>\n<p><font size=\"2\">Kg 2-3<\/font><\/p>\n<\/td>\n<\/tr>\n<tr>\n<td colspan=\"3\">\n<p><font size=\"2\"><strong><em>ANWENDUNGSZEITRAUM: <\/em><\/strong>Von 8 bis 11 Anwendungen im Laufe des Jahres: 1) Anwendung 8\/10 Tage vor der  Bl\u00fcte &#8211; 2) Anwendung Ende Mai\/Anfang Juni &#8211; 3) N\u00e4chste Anwendungen  ab Mitte Juni  Alle 15-20 Tage bis Anfang October wiederholen.<\/font><\/p>\n<\/td>\n<\/tr>\n<tr style=\"background-color: #336600; color: #FFF;\">\n<td><strong>ANWENDUNGSMODALIT\u00c4TEN BLATTD\u00dcNGUNG<\/strong><\/td>\n<td><strong>DOSIERUNG G\/HL WASSER<\/strong><\/td>\n<td><strong>DOSIERUNG PRO HEKTAR<\/strong><\/td>\n<\/tr>\n<tr>\n<td>\n<p><font size=\u201c2\u201d>KULTUR: Birne<\/font><\/p>\n<\/td>\n<td>\n<p><font size=\"2\">g 200-300<\/font><\/p>\n<\/td>\n<td>\n<p><font size=\"2\">Kg 2-3<\/font><\/p>\n<\/td>\n<\/tr>\n<tr>\n<td colspan=\"3\">\n<p><font size=\"2\"><strong><em>ANWENDUNGSZEITRAUM:<\/em><\/strong>6-8 Anwendungen w\u00e4hrend des Jahres: 1) Anwendung: 15 Tage in der Zeit nach der Bl\u00fcte \u20132) Anwendung: 3)  Anwendung:  Ende Mai -4) N\u00e4chste Anwendungen: von Mitte Juni alle 15 Tage  bis 20 Tage vor der Ente wiederholen. Im Bedarfsfall wir empfehlen eine weitere Anwendung Anfang von October.<\/font><\/p>\n<\/td>\n<\/tr>\n<tr style=\"background-color: #336600; color: #FFF;\">\n<td><strong>ANWENDUNGSMODALIT\u00c4TEN BLATTD\u00dcNGUNG<\/strong><\/td>\n<td><strong>DOSIERUNG G\/HL WASSER<\/strong><\/td>\n<td><strong>DOSIERUNG PRO HEKTAR<\/strong><\/td>\n<\/tr>\n<tr>\n<td>\n<p><font size=\u201c2\u201d>KULTUR: Reben, Oliven und Zitrusfr\u00fcchte<\/font><\/p>\n<\/td>\n<td>\n<p><font size=\"2\">g 300<\/font><\/p>\n<\/td>\n<td>\n<p><font size=\"2\">Kg 3<\/font><\/p>\n<\/td>\n<\/tr>\n<tr>\n<td colspan=\"3\">\n<p><font size=\"2\"><strong><em>ANWENDUNGSZEITRAUM: <\/em><\/strong>4 Anwendungen: 1) Anwendung vor der Bl\u00fcte &#8211; 2) Anwendung: Ende Juni &#8211; 3) Anwendung: Mitte Juli &#8211; 4) Anwendung: Anfang August.<\/font><\/p>\n<\/td>\n<\/tr>\n<tr style=\"background-color: #336600; color: #FFF;\">\n<td><strong>ANWENDUNGSMODALIT\u00c4TEN BLATTD\u00dcNGUNG<\/strong><\/td>\n<td><strong>DOSIERUNG G\/HL WASSER<\/strong><\/td>\n<td><strong>DOSIERUNG PRO HEKTAR<\/strong><\/td>\n<\/tr>\n<tr>\n<td>\n<p><font size=\u201c2\u201d>KULTUR: Aprikose, Susine, Pfirsich und Apfel<\/font><\/p>\n<\/td>\n<td>\n<p><font size=\"2\">g 200-250<\/font><\/p>\n<\/td>\n<td>\n<p><font size=\"2\">Kg 2-2,5<\/font><\/p>\n<\/td>\n<\/tr>\n<tr>\n<td colspan=\"3\">\n<p><font size=\"2\"><strong><em>ANWENDUNGSZEITRAUM:<\/em><\/strong>4 Anwendungen: 1) Anwendung: Ende der Bl\u00fcte -2) Anwendung  nach 15 Tagen -3) Anwendung: nach 10 Tagen &#8211; 4) Anwendung nach 15 Tagen. Bei Sp\u00e4tsorten 2-3 weitere Anwendungen im Abstand von 15 Tagen.<\/font><\/p>\n<\/td>\n<\/tr>\n<tr style=\"background-color: #336600; color: #FFF;\">\n<td><strong>ANWENDUNGSMODALIT\u00c4TEN BLATTD\u00dcNGUNG<\/strong><\/td>\n<td><strong>DOSIERUNG G\/HL WASSER<\/strong><\/td>\n<td><strong>DOSIERUNG PRO HEKTAR<\/strong><\/td>\n<\/tr>\n<tr>\n<td>\n<p><font size=\u201c2\u201d>KULTUR: Erdbeeren, Melone, Wasser Melone, K\u00fcrbis, Tomate, Aubergine, und Gurke.<\/font><\/p>\n<\/td>\n<td>\n<p><font size=\"2\">g 200-250<\/font><\/p>\n<\/td>\n<td>\n<p><font size=\"2\">Kg 2-2,5<\/font><\/p>\n<\/td>\n<\/tr>\n<tr>\n<td colspan=\"3\">\n<p><font size=\"2\"><strong><em>ANWENDUNGSZEITRAUM: <\/em><\/strong>4-6 Anwendungen, ab 8-10 Tage vor der Bl\u00fcte, alle 15 Tage wiederholen.<\/font><\/p>\n<\/td>\n<\/tr>\n<tr style=\"background-color: #336600; color: #FFF;\">\n<td><strong>ANWENDUNGSMODALIT\u00c4TEN BLATTD\u00dcNGUNG<\/strong><\/td>\n<td><strong>DOSIERUNG G\/HL WASSER<\/strong><\/td>\n<td><strong>DOSIERUNG PRO HEKTAR<\/strong><\/td>\n<\/tr>\n<tr>\n<td>\n<p><font size=\u201c2\u201d>KULTUR: Salat, Radicchio, Kopfsalat, Endivie, Rucola, Baldrian.<\/font><\/p>\n<\/td>\n<td>\n<p><font size=\"2\">g 150-200<\/font><\/p>\n<\/td>\n<td>\n<p><font size=\"2\">Kg 1,5-2<\/font><\/p>\n<\/td>\n<\/tr>\n<tr>\n<td colspan=\"3\">\n<p><font size=\"2\"><strong><em>ANWENDUNGSZEITRAUM: <\/em><\/strong>3-4 Anwendungen alle 8 Tage ab 3.Blatt.<\/font><\/p>\n<\/td>\n<\/tr>\n<tr style=\"background-color: #336600; color: #FFF;\">\n<td><strong>ANWENDUNGSMODALIT\u00c4TEN BLATTD\u00dcNGUNG<\/strong><\/td>\n<td><strong>DOSIERUNG G\/HL WASSER<\/strong><\/td>\n<td><strong>DOSIERUNG PRO HEKTAR<\/strong><\/td>\n<\/tr>\n<tr>\n<td>\n<p><font size=\u201c2\u201d>KULTUR: Kartoffeln<br \/>\n<\/font><\/p>\n<\/td>\n<td>\n<p><font size=\"2\">g 200<\/font><\/p>\n<\/td>\n<td>\n<p><font size=\"2\">Kg 2<\/font><\/p>\n<\/td>\n<\/tr>\n<tr>\n<td colspan=\"3\">\n<p><font size=\"2\"><strong><em>ANWENDUNGSZEITRAUM: <\/em><\/strong>3-5 Anwendungen w\u00e4hrend des Kulturzyklu: 1 )Anwendung wenn die Pflanze 10-15 cm L\u00e4nge erreicht hat \u2013 2) Anwendung bei Knollenbildung &#8211; 3) peating N\u00e4chste Anwendungen 2-3 Mal im Abstand  von 15 Tagen, Je nach Bedarf der Kultur.<\/font><\/p>\n<\/td>\n<\/tr>\n<tr style=\"background-color: #336600; color: #FFF;\">\n<td><strong>ANWENDUNGSMODALIT\u00c4TEN BLATTD\u00dcNGUNG<\/strong><\/td>\n<td><strong>DOSIERUNG G\/HL WASSER<\/strong><\/td>\n<td><strong>DOSIERUNG PRO HEKTAR<\/strong><\/td>\n<\/tr>\n<tr>\n<td>\n<p><font size=\u201c2\u201d>KULTUR: Blumeanbau, Zierpflanzen und Obstbaumschulen<br \/>\n<\/font><\/p>\n<\/td>\n<td>\n<p><font size=\"2\">g 200<\/font><\/p>\n<\/td>\n<td>\n<p><font size=\"2\">Kg 2<\/font><\/p>\n<\/td>\n<\/tr>\n<tr>\n<td colspan=\"3\">\n<p><font size=\"2\"><strong><em>ANWENDUNGSZEITRAUM: <\/em><\/strong>3-5 Anwendungen w\u00e4hrend des Kulturzyklus im Abstand von 10-12 Tagen wiederholen.<\/font><\/p>\n<\/td>\n<\/tr>\n<tr>\n<td colspan=\"3\" valign=\"top\"><font size=\"2\">Bei anderen Kulturen die empfohlene Dosierung von BRAD 10 E.V. is 150-200 g\/hl Wasser, die Anwendungen 3-5 Mal im Abstand von 10-12 Tagen w\u00e4hrend des Kulturzyklus wiederholen.<\/font><\/td>\n<\/tr>\n<\/table>\n","protected":false},"excerpt":{"rendered":"<p align=\"justify\">BRAD 10 E.V. ist ein nat\u00fcrliches Produkt aus  Pflanzenextrakten mit Aminos\u00e4uren Tierursprungs und Braunalgen.<\/br><\/br><\/p>\n<p>Seine innovative Formel macht es zu einem D\u00fcnger mit energiespendender, anregender und aufbauender  Wirkung.<\/br><\/br><\/p>\n<p>Das Produkt ist ein N\u00e4hrstoff, der die Blattentwicklung f\u00f6rdert, und bei regelm\u00e4\u03b2iger Anwendung eine andauernde Anregung auf die Fr\u00fcchte, das Blattwerk und auf den Wurzelapparat der Pflanzen aus\u00fcbt und ihnen ein gesundes Aussehen verleiht.<\/br><\/br><\/p>\n<p>Die Verwendung des Produkts hilft der Pflanze, sich in kritischen Momenten, wie Temperaturspr\u00fcnge, Missverh\u00e4ltnisse im Wasserhaushalt, Produktions\u00fcbersch\u00fcsse, zu verteidigen.<\/p>\n<p><\/br><\/p>\n<p>&nbsp;<\/p>\n<p align=\"justify\"><strong>Composizione:<\/strong><\/br><br \/>\n&#8211; Amino-acids of animal origin with molecular weight less than 900 Dalton;<\/br><br \/>\n&#8211; Brown seaweeds (Ascophyllum Nodosum);<\/br><br \/>\n&#8211; 10 vegetal extracts;<\/br><\/br><br \/>\nTotal Nitrogen (N) 5,2%<\/br><br \/>\nOrganic Nitrogen (N) 5%<\/br><br \/>\nOrganic Carbon (C) 17%<\/br><\/br><\/p>\n<p>pH: 7 (2g\/l)<\/br><br \/>\nConductivity: 0,356 mS\/cm (2g\/l)<\/p>\n<p><\/br><\/p>\n","protected":false},"featured_media":2048,"template":"","meta":[],"product_cat":[108],"product_tag":[],"class_list":{"0":"post-1565","1":"product","2":"type-product","3":"status-publish","4":"has-post-thumbnail","6":"product_cat-1-ernaehrungsspezialitaeten","8":"entry","9":"has-media","11":"first","12":"instock","13":"shipping-taxable","14":"product-type-simple","15":"has-product-nav","16":"col","17":"span_1_of_4","18":"owp-content-center","19":"item-entry","20":"owp-thumbs-layout-horizontal","21":"owp-btn-normal","22":"owp-tabs-layout-horizontal","23":"has-no-thumbnails"},"_links":{"self":[{"href":"https:\/\/www.tiller.it\/de\/wp-json\/wp\/v2\/product\/1565","targetHints":{"allow":["GET"]}}],"collection":[{"href":"https:\/\/www.tiller.it\/de\/wp-json\/wp\/v2\/product"}],"about":[{"href":"https:\/\/www.tiller.it\/de\/wp-json\/wp\/v2\/types\/product"}],"wp:featuredmedia":[{"embeddable":true,"href":"https:\/\/www.tiller.it\/de\/wp-json\/wp\/v2\/media\/2048"}],"wp:attachment":[{"href":"https:\/\/www.tiller.it\/de\/wp-json\/wp\/v2\/media?parent=1565"}],"wp:term":[{"taxonomy":"product_cat","embeddable":true,"href":"https:\/\/www.tiller.it\/de\/wp-json\/wp\/v2\/product_cat?post=1565"},{"taxonomy":"product_tag","embeddable":true,"href":"https:\/\/www.tiller.it\/de\/wp-json\/wp\/v2\/product_tag?post=1565"}],"curies":[{"name":"wp","href":"https:\/\/api.w.org\/{rel}","templated":true}]}}