{"id":1567,"date":"2024-01-15T15:30:43","date_gmt":"2024-01-15T14:30:43","guid":{"rendered":"https:\/\/www.tiller.it\/prodotto\/nutrisan-27-15-14\/"},"modified":"2024-02-05T14:35:23","modified_gmt":"2024-02-05T13:35:23","slug":"nutrisan-27-15-14","status":"publish","type":"product","link":"https:\/\/www.tiller.it\/de\/produkt\/nutrisan-27-15-14\/","title":{"rendered":"NUTRISAN 27-15-14"},"content":{"rendered":"<table class=\"tabella_prodotto\" style=\"border-collapse: separate;\" border=\"1\" width=\"100%\" cellspacing=\"0\" cellpadding=\"3\">\n<tbody>\n<tr>\n<td><strong><span style=\"color: #336600;\">Blattanwendung<\/span><\/strong><\/td>\n<td><strong><span style=\"color: #336600;\">Dosierung g\/hl Wasser<\/span><\/strong><\/td>\n<td><strong><span style=\"color: #336600;\">Dosierung pro Hektar<\/span><\/strong><\/td>\n<\/tr>\n<tr>\n<td class=\"testi\">\nOBSTPLANTAGE<\/p>\n<\/td>\n<td class=\"testi\">\ng 250-350<\/p>\n<\/td>\n<td>\n<p>\nkg 2-3<\/p>\n<\/td>\n<\/tr>\n<tr>\n<td class=\"testi\">\nZITRUSFR\u00dcCHTE<\/p>\n<\/td>\n<td class=\"testi\">\ng 300-400<\/p>\n<\/td>\n<td  >\n<p>\nkg 3<\/p>\n<\/td>\n<\/tr>\n<tr>\n<td class=\"testi\">\nREBEN- OLIVE UND KIWIANBAU<\/p>\n<\/td>\n<td class=\"testi\">\ng 300-350<\/p>\n<\/td>\n<td>\n<p>\nkg 3<\/p>\n<\/td>\n<\/tr>\n<tr>\n<td class=\"testi\">\nGEM\u00dcSEANBAU<\/p>\n<\/td>\n<td class=\"testi\">\ng 250-300<\/p>\n<\/td>\n<td>\n<p>\nkg 2<\/p>\n<\/td>\n<\/tr>\n<tr>\n<td class=\"testi\" >\nBLUMENANBAU<\/p>\n<\/td>\n<td class=\"testi\" >\ng 150-250<\/p>\n<\/td>\n<td  >\n<p>\nkg 1,5-2 <\/p>\n<\/td>\n<\/tr>\n<tr>\n<td class=\"testi\" >\nERDBEEREN<\/p>\n<\/td>\n<td class=\"testi\" >\ng 200-250<\/p>\n<\/td>\n<td  >\n<p>\nkg 2<\/p>\n<\/td>\n<\/tr>\n<tr>\n<td class=\"testi\" >\nBAUMSCHULEN UND RASENTEPPICHE<\/p>\n<\/td>\n<td class=\"testi\" >\ng 250-300<\/p>\n<\/td>\n<td  >\n<p>\nkg 3 <\/p>\n<\/td>\n<\/tr>\n<tr>\n<td class=\"testi\" >\nINDUSTRIELLER ANBAU VON FUTTER-UND GETREIDEPFLANZEN\n<\/td>\n<td class=\"testi\" >\n&#8211;<\/p>\n<\/td>\n<td  >\n<p>\n&nbsp;kg 3-4<\/p>\n<\/td>\n<\/tr>\n<\/tbody>\n<\/table>\n","protected":false},"excerpt":{"rendered":"<p align=\"justify\">Nutrisan 27-15-14  ist ein aus reinsten technischen Salzen erzeugter D\u00fcnger; Aufgrund seiner speziellen Formel wird er besonders schnell von den Bl\u00e4ttern sowie von Wurzeln aufgenommen.<br \/>\nDank dem hohen Stickstoffgehalt geeignet sich Nutrisan 27.15.14 f\u00fcr die erste Phasen des Wachstumszyklus der Kulturen. Nutrisan 27.15.14 f\u00f6rdert eine schnellere Wiederbeginn der Wachstumzeit von Pflanzen und steigert die Ertr\u00e4ge der Kulturen.<\/br><br \/>\nBei regelm\u00e4\u00dfiger Gabe von Nutrisan 27.15.14 bei Obstplantagen von M\u00e4rz bis Mai werden die Gr\u00f6\u00dfe der Fr\u00fcchte erh\u00f6ht und Pflanzen bleiben stark und \u00fcppig gedeihend.<br \/>\nDie ausgenogene Gehalt an Phosphor und Kalium erm\u00f6glicht eine h\u00f6here Qualit\u00e4t der Fr\u00fcchte.<br \/>\nDie enthaltenen chelierten Spurenelemente beugen g\u00e4ngigen Pflanzenkrankheiten durch Mangelerschneinungen vor.<\/p>\n<p><\/br><\/p>\n<p>&nbsp;<\/p>\n<p align=\"justify\"><strong>Zusammensetzung:<\/strong><\/br><br \/>\nStickstoff (N) insgesamt 27%<\/br><br \/>\nNitratstickstoff (N) 4%<\/br><br \/>\nAmmoniakstickstoff (N) 3%<\/br><br \/>\nHarnstoffstickstoff (N) 20%<\/br><br \/>\nPhosphorpentoxid (P205) in Neutral-Ammoncitrat und in Wasser l\u00f6slich 15%<\/br><br \/>\nPhosphorpentoxid (P205) in Wasser l\u00f6slich 15%<\/br><br \/>\nKaliumoxid (K20) in Wasser l\u00f6slich 14%<\/br><br \/>\nEisen (Fe) in Wasser l\u00f6slich 0,03%<\/br><br \/>\nEisenchelat (Fe) mit EDTA 0,03%<\/br><br \/>\nMangan (Mn)  in Wasser l\u00f6slich 0,02%<\/br><br \/>\nManganchelat (Mn) mit EDTA 0,02%<\/br><br \/>\nZink (Zn) in Wasser l\u00f6slich 0,01%<\/br><br \/>\nZinkchelat (Zn) mit EDTA0,01%<br \/>\n<\/br><\/br><\/p>\n<p>Ph-Bereich, der eine gute Stabilit\u00e4t des Chelatanteils gew\u00e4hrleistet: 3-10<\/p>\n","protected":false},"featured_media":2219,"template":"","meta":[],"product_cat":[110],"product_tag":[],"class_list":{"0":"post-1567","1":"product","2":"type-product","3":"status-publish","4":"has-post-thumbnail","6":"product_cat-2-loesliche-trockenduenger-zur-blattduengung","8":"entry","9":"has-media","11":"first","12":"instock","13":"shipping-taxable","14":"product-type-simple","15":"has-product-nav","16":"col","17":"span_1_of_4","18":"owp-content-center","19":"item-entry","20":"owp-thumbs-layout-horizontal","21":"owp-btn-normal","22":"owp-tabs-layout-horizontal","23":"has-no-thumbnails"},"_links":{"self":[{"href":"https:\/\/www.tiller.it\/de\/wp-json\/wp\/v2\/product\/1567","targetHints":{"allow":["GET"]}}],"collection":[{"href":"https:\/\/www.tiller.it\/de\/wp-json\/wp\/v2\/product"}],"about":[{"href":"https:\/\/www.tiller.it\/de\/wp-json\/wp\/v2\/types\/product"}],"wp:featuredmedia":[{"embeddable":true,"href":"https:\/\/www.tiller.it\/de\/wp-json\/wp\/v2\/media\/2219"}],"wp:attachment":[{"href":"https:\/\/www.tiller.it\/de\/wp-json\/wp\/v2\/media?parent=1567"}],"wp:term":[{"taxonomy":"product_cat","embeddable":true,"href":"https:\/\/www.tiller.it\/de\/wp-json\/wp\/v2\/product_cat?post=1567"},{"taxonomy":"product_tag","embeddable":true,"href":"https:\/\/www.tiller.it\/de\/wp-json\/wp\/v2\/product_tag?post=1567"}],"curies":[{"name":"wp","href":"https:\/\/api.w.org\/{rel}","templated":true}]}}