{"id":1569,"date":"2024-01-15T16:31:31","date_gmt":"2024-01-15T15:31:31","guid":{"rendered":"https:\/\/www.tiller.it\/prodotto\/nutrisan-20-20-20\/"},"modified":"2024-02-05T14:39:23","modified_gmt":"2024-02-05T13:39:23","slug":"nutrisan-20-20-20","status":"publish","type":"product","link":"https:\/\/www.tiller.it\/de\/produkt\/nutrisan-20-20-20\/","title":{"rendered":"NUTRISAN 20-20-20"},"content":{"rendered":"<table class=\"tabella_prodotto\" style=\"border-collapse: separate;\" border=\"1\" width=\"100%\" cellspacing=\"0\" cellpadding=\"3\">\n<tbody>\n<tr>\n<td><strong><span style=\"color: #336600;\">Blattanwendung<\/span><\/strong><\/td>\n<td><strong><span style=\"color: #336600;\">Dosierung g\/hl Wasser<\/span><\/strong><\/td>\n<td><strong><span style=\"color: #336600;\">Dosierung pro Hektar<\/span><\/strong><\/td>\n<\/tr>\n<tr>\n<td class=\"testi\">OBST-UND KIWIANBAU<\/td>\n<td>\u00a0 g 250-300<\/td>\n<td class=\"testi\">kg 2,5-3<\/td>\n<\/tr>\n<tr>\n<td class=\"testi\">ZITRUSFR\u00dcCHTE<\/td>\n<td>g 300-350<\/td>\n<td class=\"testi\">kg 3<\/td>\n<\/tr>\n<tr>\n<td class=\"testi\">REBEN &#8211; OLIVEN <\/td>\n<td>g 250-300<\/td>\n<td class=\"testi\">kg 2,5-3<\/td>\n<\/tr>\n<tr>\n<td class=\"testi\">GEM\u00dcSEANBAU<\/td>\n<td>g 200-250<\/td>\n<td class=\"testi\">kg 2<\/td>\n<\/tr>\n<tr>\n<td class=\"testi\">BLUMENANBAU<\/td>\n<td>g 150-200<\/td>\n<td class=\"testi\">kg 1,5<\/td>\n<\/tr>\n<tr>\n<td class=\"testi\">ERDBEEREN<\/td>\n<td>g 200-250<\/td>\n<td class=\"testi\">kg 2<\/td>\n<\/tr>\n<tr>\n<td class=\"testi\">BAUMSCHULEN UND RASENTEPPICHE<\/td>\n<td>g 250-300<\/td>\n<td class=\"testi\">kg 3<\/td>\n<\/tr>\n<tr>\n<td class=\"testi\">INDUSTRIELLER ANBAU VON FUTTER-UND GETREIDEPFLANZEN<\/td>\n<td>&#8211;<\/td>\n<td class=\"testi\">kg 3-4<\/td>\n<\/tr>\n<\/tbody>\n<\/table>\n","protected":false},"excerpt":{"rendered":"<p align=\"justify\">Nutrisan 20-20-20  ist ein aus reinsten technischen Salzen erzeugter D\u00fcnger; Aufgrund seiner speziellen Formel wird er besonders schnell von den Bl\u00e4ttern aufgenommen. Nutrisan 20-20-20 hat ein optimales Verh\u00e4ltnis von 1-1-1 und ist somit ein Produkt, das f\u00fcr alle Anbausorten und f\u00fcr alle Phasen des vegetativen Zyklus geeignet ist. Die enthaltenen chelierten Spurenelemente beugen g\u00e4ngigen Pflanzenkrankheiten durch Mangelerscheinungen vor. <\/p>\n<p><\/br><\/p>\n<p align=\"justify\"><strong>Zusammensetzung:<\/strong><\/br><br \/>\nStickstoff (N) insgesamt 20%<\/br><br \/>\nNitratstickstoff (N) 2%<\/br><br \/>\nHarnstoffstickstoff (N) 18%<\/br><br \/>\nPhosphorpentoxid (P205) in Neutral-Ammoncitrat und in Wasser l\u00f6slich  20%<\/br><br \/>\nPhosphorpentoxid (P205) in Wasser l\u00f6slich  20%<\/br><br \/>\nKaliumoxid (K20) in Wasser l\u00f6slich 20%<\/br><br \/>\nEisen (Fe) in Wasser l\u00f6slich 0,03%<\/br><br \/>\nEisenchelat (Fe) mit EDTA 0,03%<\/br><br \/>\nMangan (Mn) in Wasser l\u00f6slich 0,02%<\/br><br \/>\nManganchelat (Mn) mit EDTA 0,02%<\/br><br \/>\nZink (Zn) in Wasser l\u00f6slich  0,01%<\/br><br \/>\nZinkchelat (Zn) mit EDTA 0,01%<\/p>\n","protected":false},"featured_media":2216,"template":"","meta":[],"product_cat":[110],"product_tag":[],"class_list":{"0":"post-1569","1":"product","2":"type-product","3":"status-publish","4":"has-post-thumbnail","6":"product_cat-2-loesliche-trockenduenger-zur-blattduengung","8":"entry","9":"has-media","11":"first","12":"instock","13":"shipping-taxable","14":"product-type-simple","15":"has-product-nav","16":"col","17":"span_1_of_4","18":"owp-content-center","19":"item-entry","20":"owp-thumbs-layout-horizontal","21":"owp-btn-normal","22":"owp-tabs-layout-horizontal","23":"has-no-thumbnails"},"_links":{"self":[{"href":"https:\/\/www.tiller.it\/de\/wp-json\/wp\/v2\/product\/1569","targetHints":{"allow":["GET"]}}],"collection":[{"href":"https:\/\/www.tiller.it\/de\/wp-json\/wp\/v2\/product"}],"about":[{"href":"https:\/\/www.tiller.it\/de\/wp-json\/wp\/v2\/types\/product"}],"wp:featuredmedia":[{"embeddable":true,"href":"https:\/\/www.tiller.it\/de\/wp-json\/wp\/v2\/media\/2216"}],"wp:attachment":[{"href":"https:\/\/www.tiller.it\/de\/wp-json\/wp\/v2\/media?parent=1569"}],"wp:term":[{"taxonomy":"product_cat","embeddable":true,"href":"https:\/\/www.tiller.it\/de\/wp-json\/wp\/v2\/product_cat?post=1569"},{"taxonomy":"product_tag","embeddable":true,"href":"https:\/\/www.tiller.it\/de\/wp-json\/wp\/v2\/product_tag?post=1569"}],"curies":[{"name":"wp","href":"https:\/\/api.w.org\/{rel}","templated":true}]}}