{"id":1571,"date":"2024-01-15T16:43:36","date_gmt":"2024-01-15T15:43:36","guid":{"rendered":"https:\/\/www.tiller.it\/prodotto\/nutrisan-14-40-12\/"},"modified":"2024-02-05T14:45:17","modified_gmt":"2024-02-05T13:45:17","slug":"nutrisan-14-40-12","status":"publish","type":"product","link":"https:\/\/www.tiller.it\/de\/produkt\/nutrisan-14-40-12\/","title":{"rendered":"NUTRISAN 14-40-12"},"content":{"rendered":"<table class=\"tabella_prodotto\" style=\"border-collapse: separate;\" border=\"1\" width=\"100%\" cellspacing=\"0\" cellpadding=\"3\">\n<tbody>\n<tr>\n<td><strong><span style=\"color: #336600;\">Blattanwendung<\/span><\/strong><\/td>\n<td><strong><span style=\"color: #336600;\">Dosierung g\/hl Wasser<\/span><\/strong><\/td>\n<td><strong><span style=\"color: #336600;\">Dosierung pro Hektar<\/span><\/strong><\/td>\n<\/tr>\n<tr>\n<td class=\"testi\" >\nOBSTPLANTAGE<\/p>\n<\/td>\n<td>\n<p>\ng 200-250<\/p>\n<\/td>\n<td class=\"testi\" >\nkg 2<\/p>\n<\/td>\n<\/tr>\n<tr>\n<td class=\"testi\" >\nZITRUSFR\u00dcCHTE<\/p>\n<\/td>\n<td  >\n<p>\ng 300-350<\/p>\n<\/td>\n<td class=\"testi\" >\nkg 2,5-2<\/p>\n<\/td>\n<\/tr>\n<tr>\n<td class=\"testi\" >\nREBEN- OLIVEN UND KIWIANBAU<\/p>\n<\/td>\n<td>\n<p>\ng 250-300<\/p>\n<\/td>\n<td class=\"testi\" >\nkg 2,5<\/p>\n<\/td>\n<\/tr>\n<tr>\n<td class=\"testi\" >\nGEM\u00dcSEANBAU<\/p>\n<\/td>\n<td>\n<p>\ng 150-200<\/p>\n<\/td>\n<td class=\"testi\" >\nkg 1,5<\/p>\n<\/td>\n<\/tr>\n<tr>\n<td class=\"testi\" >\nBLUMENANBAU<\/p>\n<\/td>\n<td  >\n<p>\ng 100-200<\/p>\n<\/td>\n<td class=\"testi\" >\nkg 1<\/p>\n<\/td>\n<\/tr>\n<tr>\n<td class=\"testi\" >\nERDBEEREN UND MELONE<\/p>\n<\/td>\n<td>\n<p>\ng 150-200<\/p>\n<\/td>\n<td class=\"testi\" >\nkg 1,5<\/p>\n<\/td>\n<\/tr>\n<tr>\n<td class=\"testi\" >\nBAUMSCHULEN UND RASENTEPPICHE<\/p>\n<\/td>\n<td>\n<p>g 200-250<\/p>\n<\/td>\n<td class=\"testi\" >\nkg 2<\/p>\n<\/td>\n<\/tr>\n<tr>\n<td class=\"testi\" >\nINDUSTRIELLER ANBAU VON FUTTER-UND GETREIDEPFLANZEN<\/p>\n<\/td>\n<td  >\n<p>\n&#8211;\n<\/p>\n<\/td>\n<td class=\"testi\" >\nkg 3-5 <\/p>\n<\/td>\n<\/tr>\n<\/tbody>\n<\/table>\n","protected":false},"excerpt":{"rendered":"<p align=\"justify\">Nutrisan 14-40-12 ist ein aus reinsten technischen Salzen erzeugter D\u00fcnger; Aufgrund seiner speziellen Formel ist es ganz l\u00f6slich und er wird besonders schnell von den Bl\u00e4ttern sowie von Wurzeln aufgenommen.<\/br><\/br><\/p>\n<p>Durch die hohe Phosphorkonzentration in seiner Formel wird die Verholzung der vegetativen Organen erleichtert und wird der Pflanze geholfen, sich in kritischen Momenten, wie Temperaturspr\u00fcnge oder pl\u00f6tzliche Ver\u00e4nderungen in der Helligkeit zu verteidigen.<\/br><\/br><\/p>\n<p>Phosphor ist f\u00fcr die Ausbreitung von Samen, Wurzeln und Knollen beg\u00fcnstigt; Au\u00dferdem f\u00fchrt Phosphor zu einem Anstieg der Gr\u00f6\u00dfe von Fr\u00fcchten. Nutrisan 14-40-12 eignet sich f\u00fcr Pflanzen mit besonders hohem Phosphorbedarf. Die enthaltenen chelierten Spurenelementen werden schnell von Pflanzen ausgenommen und beugen g\u00e4ngigen Pflanzenkrankheiten durch Mangelerscheinungen vor.<\/p>\n<p>&nbsp;<\/p>\n<p align=\"justify\"><strong>Zusammensetzung:<\/strong><\/br><br \/>\nStickstoff (N) insgesamt 14%<\/br><br \/>\nNitratstickstoff (N) 3,5%<\/br><br \/>\nAmmoniakstickstoff (N) 7,5%<\/br><br \/>\nHarnstoffstickstoff (N) 3%<\/br><br \/>\nPhosphorpentoxid (P205) in Neutral-Ammoncitrat und in Wasser l\u00f6slich 40%<\/br><br \/>\nPhosphorpentoxid (P205) in Wasser l\u00f6slich 40%<\/br><br \/>\nKaliumoxid (K20) in Wasser l\u00f6slich 12%<\/br><br \/>\nEisen (Fe) in Wasser l\u00f6slich 0,03%<\/br><br \/>\nEisenchelat (Fe) mit EDTA 0,03%<\/br><br \/>\nMangan (Mn) in Wasser l\u00f6slich 0,02%<\/br><br \/>\nManganchelat (Mn) mit EDTA 0,02%<\/br><br \/>\nZink (Zn) in Wasser l\u00f6slich 0,01%<\/br><br \/>\nZinkchelat (Zn) mit EDTA 0,01%<\/br><\/br><\/p>\n<p>Ph-Bereich, der eine gute Stabilit\u00e4t des Chelatanteils gew\u00e4hrleistet: 4-10<\/p>\n","protected":false},"featured_media":2210,"template":"","meta":[],"product_cat":[110],"product_tag":[],"class_list":{"0":"post-1571","1":"product","2":"type-product","3":"status-publish","4":"has-post-thumbnail","6":"product_cat-2-loesliche-trockenduenger-zur-blattduengung","8":"entry","9":"has-media","11":"first","12":"instock","13":"shipping-taxable","14":"product-type-simple","15":"has-product-nav","16":"col","17":"span_1_of_4","18":"owp-content-center","19":"item-entry","20":"owp-thumbs-layout-horizontal","21":"owp-btn-normal","22":"owp-tabs-layout-horizontal","23":"has-no-thumbnails"},"_links":{"self":[{"href":"https:\/\/www.tiller.it\/de\/wp-json\/wp\/v2\/product\/1571","targetHints":{"allow":["GET"]}}],"collection":[{"href":"https:\/\/www.tiller.it\/de\/wp-json\/wp\/v2\/product"}],"about":[{"href":"https:\/\/www.tiller.it\/de\/wp-json\/wp\/v2\/types\/product"}],"wp:featuredmedia":[{"embeddable":true,"href":"https:\/\/www.tiller.it\/de\/wp-json\/wp\/v2\/media\/2210"}],"wp:attachment":[{"href":"https:\/\/www.tiller.it\/de\/wp-json\/wp\/v2\/media?parent=1571"}],"wp:term":[{"taxonomy":"product_cat","embeddable":true,"href":"https:\/\/www.tiller.it\/de\/wp-json\/wp\/v2\/product_cat?post=1571"},{"taxonomy":"product_tag","embeddable":true,"href":"https:\/\/www.tiller.it\/de\/wp-json\/wp\/v2\/product_tag?post=1571"}],"curies":[{"name":"wp","href":"https:\/\/api.w.org\/{rel}","templated":true}]}}