{"id":1573,"date":"2024-01-15T17:04:38","date_gmt":"2024-01-15T16:04:38","guid":{"rendered":"https:\/\/www.tiller.it\/prodotto\/nutrisan-20-5-30\/"},"modified":"2024-02-05T14:49:54","modified_gmt":"2024-02-05T13:49:54","slug":"nutrisan-20-5-30","status":"publish","type":"product","link":"https:\/\/www.tiller.it\/de\/produkt\/nutrisan-20-5-30\/","title":{"rendered":"NUTRISAN 20-5-30"},"content":{"rendered":"<table class=\"tabella_prodotto\" style=\"border-collapse: separate;\" border=\"1\" width=\"100%\" cellspacing=\"0\" cellpadding=\"3\">\n<tbody>\n<tr>\n<td><strong><span style=\"color: #336600;\">Blattanwendung<\/span><\/strong><\/td>\n<td><strong><span style=\"color: #336600;\">Dosierung g\/hl Wasser<\/span><\/strong><\/td>\n<td><strong><span style=\"color: #336600;\">Dosierung pro Hektar<\/span><\/strong><\/td>\n<\/tr>\n<tr>\n<td class=\"testi\">\nAPFEL AND BIRNE <\/p>\n<\/td>\n<td>\n<p>\ng 200-300 <\/p>\n<\/td>\n<td class=\"testi\">\nkg 2,5 <\/p>\n<\/td>\n<\/tr>\n<tr>\n<td class=\"testi\">\nPFIRSICH- KIRSCHE-APRIKOSE-SUSINE<\/p>\n<\/td>\n<td>\n<p>\ng 250-300 <\/p>\n<\/td>\n<td class=\"testi\">\nkg 3 <\/p>\n<\/td>\n<\/tr>\n<tr>\n<td class=\"testi\">\nZITRUSFR\u00dcCHTE<\/p>\n<\/td>\n<td>\n<p>\ng 350-400 <\/p>\n<\/td>\n<td class=\"testi\">\nkg 3 <\/p>\n<\/td>\n<\/tr>\n<tr>\n<td class=\"testi\">\nREBEN- OLIVE UND KIWIANBAU<\/p>\n<\/td>\n<td>\n<p>\ng 300-350 <\/p>\n<\/td>\n<td class=\"testi\">\nkg 3 <\/p>\n<\/td>\n<\/tr>\n<tr>\n<td class=\"testi\">\nGEM\u00dcSEANBAU <\/p>\n<\/td>\n<td>\n<p>\ng 200-250 <\/p>\n<\/td>\n<td class=\"testi\">\nkg 2 <\/p>\n<\/td>\n<\/tr>\n<tr>\n<td class=\"testi\">\nERDBEEREN <\/p>\n<\/td>\n<td>\n<p>\ng 250-300\n<\/p>\n<\/td>\n<td class=\"testi\">\nkg 2\n<\/td>\n<\/tr>\n<tr>\n<td class=\"testi\">\nBLUMENANBAU\n<\/td>\n<td>\n<p>\ng 150-200\n<\/p>\n<\/td>\n<td class=\"testi\">\nkg 1,5\n<\/td>\n<\/tr>\n<tr>\n<td class=\"testi\">\nBAUMSCHULEN UND RASENTEPPICHE\n<\/td>\n<td>\n<p>\ng 250-300\n<\/p>\n<\/td>\n<td class=\"testi\">\nkg 3\n<\/td>\n<\/tr>\n<tr>\n<td class=\"testi\">\nR\u00dcBE\n<\/td>\n<td>\n<p>\n&#8211;\n<\/p>\n<\/td>\n<td class=\"testi\">\nkg 3-6\n<\/td>\n<\/tr>\n<tr>\n<td class=\"testi\">\nINDUSTRIELLER ANBAU VON FUTTER-UND GETREIDEPFLANZEN\n<\/td>\n<td>\n<p>\n&#8211;\n<\/p>\n<\/td>\n<td class=\"testi\">\nkg 3-5\n<\/td>\n<\/tr>\n<\/tbody>\n<\/table>\n","protected":false},"excerpt":{"rendered":"<p align=\"justify\">Nutrisan 20-5-30  ist ein aus reinsten technischen Salzen erzeugter D\u00fcnger; Aufgrund seiner speziellen Formel ist er ganz l\u00f6slich und er wird ganz schnell von den behandelten Pflanzen aufgenommen.<\/br><\/br><\/p>\n<p>Durch die hohe Kaliumkonzentration eignet sich Nutrisan 20-5-30 besonders f\u00fcr die mittleren und sp\u00e4ten Phasen des Kulturzyklus, vor allem bei Obstbau verbessert das Produkt die Gr\u00f6\u00dfe, die Farbe und den Geschmack der Fr\u00fcchte. Die enthaltenen chelierten Spurenelemente beugen g\u00e4ngigen Pflanzenkrankheiten durch Mangelerscheinungen vor.<\/p>\n<p>&nbsp;<\/p>\n<p align=\"justify\"><strong>Zusammensetzung:<\/strong><\/br><br \/>\nStickstoff (N) insgesamt 20%<\/br><br \/>\nNitratstickstoff (N) 9%<\/br><br \/>\nAmmoniakstickstoff (N) 1%<\/br><br \/>\nHarnstoffstickstoff (N) 10%<\/br><br \/>\nPhosphorpentoxid (P205) in Neutral-Ammoncitrat und in Wasser l\u00f6slich 5%<\/br><br \/>\nPhosphorpentoxid (P205) in Wasser l\u00f6slich 5%<\/br><br \/>\nKaliumoxid (K20) in Wasser l\u00f6slich 30%<\/br><br \/>\nEisen (Fe) in Wasser l\u00f6slich 0,03%<\/br><br \/>\nEisenchelat (Fe) mit EDTA 0,03%<\/br><br \/>\nMangan (Mn) in Wasser l\u00f6slich 0,02%<\/br><br \/>\nManganchelat (Mn) mit EDTA 0,02%<\/br><br \/>\nZink (Zn) in Wasser l\u00f6slich 0,01%<\/br><br \/>\nZinkchelat (Zn) mit EDTA 0,01%<\/br><\/br><\/p>\n<p><strong>Ph-Bereich, der eine gute Stabilit\u00e4t des Chelatanteils gew\u00e4hrleistet: 4-10<\/strong><\/p>\n","protected":false},"featured_media":2213,"template":"","meta":[],"product_cat":[110],"product_tag":[],"class_list":{"0":"post-1573","1":"product","2":"type-product","3":"status-publish","4":"has-post-thumbnail","6":"product_cat-2-loesliche-trockenduenger-zur-blattduengung","8":"entry","9":"has-media","11":"first","12":"instock","13":"shipping-taxable","14":"product-type-simple","15":"has-product-nav","16":"col","17":"span_1_of_4","18":"owp-content-center","19":"item-entry","20":"owp-thumbs-layout-horizontal","21":"owp-btn-normal","22":"owp-tabs-layout-horizontal","23":"has-no-thumbnails"},"_links":{"self":[{"href":"https:\/\/www.tiller.it\/de\/wp-json\/wp\/v2\/product\/1573","targetHints":{"allow":["GET"]}}],"collection":[{"href":"https:\/\/www.tiller.it\/de\/wp-json\/wp\/v2\/product"}],"about":[{"href":"https:\/\/www.tiller.it\/de\/wp-json\/wp\/v2\/types\/product"}],"wp:featuredmedia":[{"embeddable":true,"href":"https:\/\/www.tiller.it\/de\/wp-json\/wp\/v2\/media\/2213"}],"wp:attachment":[{"href":"https:\/\/www.tiller.it\/de\/wp-json\/wp\/v2\/media?parent=1573"}],"wp:term":[{"taxonomy":"product_cat","embeddable":true,"href":"https:\/\/www.tiller.it\/de\/wp-json\/wp\/v2\/product_cat?post=1573"},{"taxonomy":"product_tag","embeddable":true,"href":"https:\/\/www.tiller.it\/de\/wp-json\/wp\/v2\/product_tag?post=1573"}],"curies":[{"name":"wp","href":"https:\/\/api.w.org\/{rel}","templated":true}]}}