{"id":1576,"date":"2024-01-15T17:21:58","date_gmt":"2024-01-15T16:21:58","guid":{"rendered":"https:\/\/www.tiller.it\/prodotto\/foliaverde-1150\/"},"modified":"2024-02-05T15:03:28","modified_gmt":"2024-02-05T14:03:28","slug":"foliaverde-1150","status":"publish","type":"product","link":"https:\/\/www.tiller.it\/de\/produkt\/foliaverde-1150\/","title":{"rendered":"FOLIAVERDE 1150"},"content":{"rendered":"<table class=\"tabella_prodotto\" style=\"border-collapse: separate;\" border=\"1\" width=\"100%\" cellspacing=\"0\" cellpadding=\"3\">\n<tbody>\n<tr>\n<td><strong><span style=\"color: #336600;\">Blattanwendung<\/span><\/strong><\/td>\n<td><strong><span style=\"color: #336600;\">Dosierung g\/hl Wasser<\/span><\/strong><\/td>\n<td><strong><span style=\"color: #336600;\">Dosierung pro Hektar<\/span><\/strong><\/td>\n<\/tr>\n<td class=\"testi\" >\nObstplantagen und Kiwianbau\n<\/td>\n<td class=\"testi\" >\ng 60-80<\/td>\n<td class=\"testi\" >\ng 750-1000<\/td>\n<\/tr>\n<tr>\n<td class=\"testi\" >\nZitrusfr\u00fcchte, Oliven und Reben\n<\/td>\n<td class=\"testi\" >\ng 80-100<\/td>\n<td class=\"testi\" >\ng 1000-1200<\/td>\n<\/tr>\n<tr>\n<td class=\"testi\" >\nIndustrieller Anbau von Futter-und Getreidepflanzen\n<\/td>\n<td class=\"testi\" >\ng 70-90<\/td>\n<td class=\"testi\" >\ng 500-800<\/td>\n<\/tr>\n<tr>\n<td class=\"testi\" >\nGem\u00fcse und Erdbeeren\n<\/td>\n<td class=\"testi\" >\ng 50-60<\/td>\n<td class=\"testi\" >\ng 400-500<\/td>\n<\/tr>\n<tr>\n<td class=\"testi\" >\nBlumenanbau\n <\/td>\n<td class=\"testi\" >\ng 40-50 <\/td>\n<td class=\"testi\" >\ng 400-450<\/td>\n<\/tr>\n<tr>\n<td class=\"testi\" >\nBaumschulen und Rasenteppiche\n<\/td>\n<td class=\"testi\" >\ng 50-60<\/td>\n<td class=\"testi\" >\n<p>\ng 400-500<\/p>\n<\/td>\n<\/tr>\n<\/tbody>\n<\/table>\n<p>Bei anderen Kulturen empfehlen wir eine Dosierung von 50 bis 80 g\/hl Wasser, je nach Bedarf der Kultur. FOLIAVERDE 1150 in das Wasser in der empfohlenen Dosierung verd\u00fcnnen; 2-4 Anwendungen alle 10-15 Tage, je nach Bedarf der Kultur<\/p>\n","protected":false},"excerpt":{"rendered":"<p align=\"justify\">FOLIAVERDE 1150 ist ein Trockend\u00fcnger im Pulverform bestehend aus Eisenchelat aus DTPA und Manganchelat aus EDTA; Aufgrund seiner speziellen Formel eignet sich das Produkt zur Blattanwendung. Dank der hohen Reinheit der enthaltenen Metallchelaten und der hohen L\u00f6slichkeit wird Foliaverde von Pflanzen mit besonders hoherem Eisen-und Manganbedarf sofort aufgenommen. FOLIAVERDE ist die richtige L\u00f6sung f\u00fcr spezialisierte Kulturen mit einem hohem Mikron\u00e4hrstoffenbedarf.<\/p>\n<p>&nbsp;<\/p>\n<p align=\"justify\"><strong>Zusammensetzung:<\/strong><\/br><br \/>\nEisen (Fe) in Wasser l\u00f6slich 7%<\/br><br \/>\nEisenchelat (Fe) aus DTPA 7%<\/br><br \/>\nMangan (Mn) in Wasser l\u00f6slich 4%<\/br><br \/>\nManganchelat (Mn)  aus EDTA 4%<\/br><\/br><\/p>\n<p><strong>Ph-Bereich, der eine gute Stabilit\u00e4t des Chelatanteils gew\u00e4hrleistet: Eisen (Fe) 4-10; Mangan (Mn): 5-10.<\/strong>\n<\/p>\n<p><\/br><br \/>\n&nbsp;<br \/>\n<img fetchpriority=\"high\" decoding=\"async\" src=\"https:\/\/www.tiller.it\/wp-content\/uploads\/2024\/02\/logo_bio_de.webp\" alt=\"\" width=\"299\" height=\"201\" class=\"alignnone size-full wp-image-588\" \/><\/p>\n","protected":false},"featured_media":2141,"template":"","meta":[],"product_cat":[111,109],"product_tag":[],"class_list":{"0":"post-1576","1":"product","2":"type-product","3":"status-publish","4":"has-post-thumbnail","6":"product_cat-3-duenger-auf-der-grundlage-von-spurenelementen","7":"product_cat-20-im-oekologischen-landbau-zugelassene-duengemittel","9":"entry","10":"has-media","12":"first","13":"instock","14":"shipping-taxable","15":"product-type-simple","16":"has-product-nav","17":"col","18":"span_1_of_4","19":"owp-content-center","20":"item-entry","21":"owp-thumbs-layout-horizontal","22":"owp-btn-normal","23":"owp-tabs-layout-horizontal","24":"has-no-thumbnails"},"_links":{"self":[{"href":"https:\/\/www.tiller.it\/de\/wp-json\/wp\/v2\/product\/1576","targetHints":{"allow":["GET"]}}],"collection":[{"href":"https:\/\/www.tiller.it\/de\/wp-json\/wp\/v2\/product"}],"about":[{"href":"https:\/\/www.tiller.it\/de\/wp-json\/wp\/v2\/types\/product"}],"wp:featuredmedia":[{"embeddable":true,"href":"https:\/\/www.tiller.it\/de\/wp-json\/wp\/v2\/media\/2141"}],"wp:attachment":[{"href":"https:\/\/www.tiller.it\/de\/wp-json\/wp\/v2\/media?parent=1576"}],"wp:term":[{"taxonomy":"product_cat","embeddable":true,"href":"https:\/\/www.tiller.it\/de\/wp-json\/wp\/v2\/product_cat?post=1576"},{"taxonomy":"product_tag","embeddable":true,"href":"https:\/\/www.tiller.it\/de\/wp-json\/wp\/v2\/product_tag?post=1576"}],"curies":[{"name":"wp","href":"https:\/\/api.w.org\/{rel}","templated":true}]}}