{"id":1578,"date":"2024-01-15T17:28:18","date_gmt":"2024-01-15T16:28:18","guid":{"rendered":"https:\/\/www.tiller.it\/prodotto\/microspeed-130\/"},"modified":"2024-02-05T15:10:25","modified_gmt":"2024-02-05T14:10:25","slug":"microspeed-130","status":"publish","type":"product","link":"https:\/\/www.tiller.it\/de\/produkt\/microspeed-130\/","title":{"rendered":"MICROSPEED 130"},"content":{"rendered":"<table class=\"tabella_prodotto\" style=\"border-collapse: separate;\" border=\"1\" width=\"100%\" cellspacing=\"0\" cellpadding=\"3\">\n<tbody>\n<tr>\n<td><strong><span style=\"color: #336600;\">Blattanwendung<\/span><\/strong><\/td>\n<td><strong><span style=\"color: #336600;\">Dosierung g\/hl Wasser<\/span><\/strong><\/td>\n<td><strong><span style=\"color: #336600;\">Dosierung pro Hektar<\/span><\/strong><\/td>\n<\/tr>\n<tr>\n<td class=\"testi\"  >\nObstplantagen und Kiwianbau\n<\/td>\n<td  >\n<p >\ng 80-100<\/p>\n<\/td>\n<td class=\"testi\"  >\n<p >\ng 1000 &#8211; 1200<\/p>\n<\/td>\n<\/tr>\n<tr>\n<td class=\"testi\"  >\nZitrusfr\u00fcchte, Oliven und Reben\n<\/td>\n<td  >\n<p >\ng 100-120<\/p>\n<\/td>\n<td class=\"testi\"  >\n<p >\ng 1500<\/p>\n<\/td>\n<\/tr>\n<tr>\n<td class=\"testi\"  >\nGem\u00fcse, Erdbeere, Melone,<br \/>\nWassermelone und K\u00fcrbis\n<\/td>\n<td  >\n<p >\ng 60-80<\/p>\n<\/td>\n<td class=\"testi\"  >\n<p >\ng 400-600<\/p>\n<\/td>\n<\/tr>\n<tr>\n<td class=\"testi\"  >\nBlumenanbau\n<\/td>\n<td  >\n<p >\ng 50-70<\/p>\n<\/td>\n<td class=\"testi\"  >\n<p >\ng 400<\/p>\n<\/td>\n<\/tr>\n<tr>\n<td class=\"testi\"  >\nBaumschulen und Rasenteppiche\n<\/td>\n<td  >\n<p >\ng 70-80<\/p>\n<\/td>\n<td class=\"testi\"  >\n<p >\ng 600-800<\/p>\n<\/td>\n<\/tr>\n<tr>\n<td class=\"testi\"  >\nIndustrieller Anbau von Futter-und Getreidepflanzen\n<\/td>\n<td  >\n<p >\ng 80-100<\/p>\n<\/td>\n<td class=\"testi\"  >\n<p >\ng 500-1000<\/p>\n<\/td>\n<\/tr>\n<\/tbody>\n<\/table>\n<p>Bei anderen Kulturen empfehlen wir eine Dosierung von 50 bis 100 g\/hl Wasser, je nach Bedarf der Kultur. MICROSPEED 130 ab ersten Anzeichen von Mehrfachmangel verwenden. MICROSPEED 130 in das Wasser, in der empfohlenen Dosierung, verd\u00fcnnen; 2-4 Anwendungen alle 10-15 Tage, je nach Bedarf der Kultur. <\/p>\n","protected":false},"excerpt":{"rendered":"<p align=\"justify\">MICROSPEED 130 ist ein D\u00fcnger mit einer hohen Spurenelementenkonzentration. Aufgrund seiner speziellen Formel wird er besonders schnell von den Bl\u00e4ttern und Wurzeln der Pflanzen aufgenommen. Spurenelementen sind sehr wichtig f\u00fcr das Leben der Pflanzen; In der Tat bestimmen sie besondere biochemische Reaktionen, die f\u00fcr viele Synthese-Prozesse sehr wichtig sind. Spurenelementen werden in kleinen Mengen von den Pflanzen verwendet, aber Spurenelementemangel f\u00fchr zu einigen Krankenheiten sehr sch\u00e4dlich f\u00fcr die Kulturen.<\/p>\n<p>&nbsp;<\/p>\n<p align=\"justify\"><strong>Zusammensetzung:<\/strong><\/br><br \/>\nEisen (Fe) in Wasser l\u00f6slich 6%<\/br><br \/>\nEisenchelat aus EDTA (Fe) 6%<\/br><br \/>\nMangan (Mn) in Wasser l\u00f6slich 5%<\/br><br \/>\nManganchelat (Mn) aus EDTA 5%<\/br><br \/>\nZink (Zn) in Wasser l\u00f6slich 2%<\/br><br \/>\nZinkchelat (Zn) aus EDTA 2%<\/p>\n<p>&nbsp;<br \/>\n<img fetchpriority=\"high\" decoding=\"async\" src=\"https:\/\/www.tiller.it\/wp-content\/uploads\/2024\/02\/logo_bio_de.webp\" alt=\"\" width=\"299\" height=\"201\" class=\"alignnone size-full wp-image-588\" \/><\/p>\n","protected":false},"featured_media":2195,"template":"","meta":[],"product_cat":[111,109],"product_tag":[],"class_list":{"0":"post-1578","1":"product","2":"type-product","3":"status-publish","4":"has-post-thumbnail","6":"product_cat-3-duenger-auf-der-grundlage-von-spurenelementen","7":"product_cat-20-im-oekologischen-landbau-zugelassene-duengemittel","9":"entry","10":"has-media","12":"first","13":"instock","14":"shipping-taxable","15":"product-type-simple","16":"has-product-nav","17":"col","18":"span_1_of_4","19":"owp-content-center","20":"item-entry","21":"owp-thumbs-layout-horizontal","22":"owp-btn-normal","23":"owp-tabs-layout-horizontal","24":"has-no-thumbnails"},"_links":{"self":[{"href":"https:\/\/www.tiller.it\/de\/wp-json\/wp\/v2\/product\/1578","targetHints":{"allow":["GET"]}}],"collection":[{"href":"https:\/\/www.tiller.it\/de\/wp-json\/wp\/v2\/product"}],"about":[{"href":"https:\/\/www.tiller.it\/de\/wp-json\/wp\/v2\/types\/product"}],"wp:featuredmedia":[{"embeddable":true,"href":"https:\/\/www.tiller.it\/de\/wp-json\/wp\/v2\/media\/2195"}],"wp:attachment":[{"href":"https:\/\/www.tiller.it\/de\/wp-json\/wp\/v2\/media?parent=1578"}],"wp:term":[{"taxonomy":"product_cat","embeddable":true,"href":"https:\/\/www.tiller.it\/de\/wp-json\/wp\/v2\/product_cat?post=1578"},{"taxonomy":"product_tag","embeddable":true,"href":"https:\/\/www.tiller.it\/de\/wp-json\/wp\/v2\/product_tag?post=1578"}],"curies":[{"name":"wp","href":"https:\/\/api.w.org\/{rel}","templated":true}]}}