{"id":1580,"date":"2024-01-15T17:37:22","date_gmt":"2024-01-15T16:37:22","guid":{"rendered":"https:\/\/www.tiller.it\/prodotto\/natfer-50\/"},"modified":"2024-02-05T15:16:41","modified_gmt":"2024-02-05T14:16:41","slug":"natfer-50","status":"publish","type":"product","link":"https:\/\/www.tiller.it\/de\/produkt\/natfer-50\/","title":{"rendered":"NATFER 50"},"content":{"rendered":"<table class=\"tabella_prodotto\" style=\"border-collapse: separate;\" border=\"1\" width=\"100%\" cellspacing=\"0\" cellpadding=\"3\">\n<tbody>\n<tr>\n<td><strong><span style=\"color: #336600;\">Blattanwendung<\/span><\/strong><\/td>\n<td><strong><span style=\"color: #336600;\">Dosierung g\/hl Wasser<\/span><\/strong><\/td>\n<td><strong><span style=\"color: #336600;\">Dosierung pro Hektar<\/span><\/strong><\/td>\n<\/tr>\n<tr>\n<td >\n<p>\nObstplantagen und Kiwianbau<\/p>\n<\/td>\n<td >\n<p>\ng 300-350<\/p>\n<\/td>\n<td >\n<p>\nkg 3-4<\/p>\n<\/td>\n<\/tr>\n<tr>\n<td class=\"testi\" >\nAgrumi, Vite, Olivo\n<\/td>\n<td class=\"testi\" >\ng 350-400<\/td>\n<td class=\"testi\" >\nkg 4<\/td>\n<\/tr>\n<tr>\n<td class=\"testi\" >\nZitrusfr\u00fcchte, Reben und Oliven\n<\/td>\n<td class=\"testi\" >\ng 200-250<\/td>\n<td class=\"testi\" >\nkg 2<\/td>\n<\/tr>\n<tr>\n<td class=\"testi\" >\nGem\u00fcse, Erdbeere, Melone, Wassermelone und K\u00fcrbis\n<\/td>\n<td class=\"testi\" >\ng 200-250 <\/td>\n<td class=\"testi\" >\nkg 2,5<\/td>\n<\/tr>\n<tr>\n<td class=\"testi\" >\nBlumenanbau\n<\/td>\n<td class=\"testi\" >\ng 150-200<\/td>\n<td class=\"testi\" >\nkg 2<\/td>\n<\/tr>\n<tr>\n<td class=\"testi\" >\nBaumschulen und Rasenteppiche\n<\/td>\n<td class=\"testi\" >\ng 300 <\/td>\n<td class=\"testi\" >\nkg 3<\/td>\n<\/tr>\n<\/tbody>\n<\/table>\n<p>Bei anderen Kulturen empfehlen wir eine Dosierung von NATFER 50 von 200 bis 300 g\/Hl Wasser, je nach Bedarf der Kultur. <\/p>\n","protected":false},"excerpt":{"rendered":"<p align=\"justify\">NATFER 50 ist ein Produkt, der speziell zur Blattd\u00fcngung von Pflanzen mit Eisenchlorose und Manganchlorose entwickelt wurde. Die Gelbf\u00e4rbung von Bl\u00e4ttern bei Obst- und Gem\u00fcsebau ist ein schwierigtes Problem zur Schw\u00e4chung der Pflanzen, das zu einer schlechten Ernte und einer niedrigen Qualit\u00e4t der Kulturen f\u00fchrt. NATFER 50 ist mit Aminos\u00e4uren angereicht; dadurch werden die Aufnahme des Produkts \u00fcber die Bl\u00e4tter und ihr Transport innerhalb der Pflanzen gef\u00f6rdert, mit maximale Wirksamkeit von Wiederbegr\u00fcnung bereits nach der ersten Anwendung.<\/p>\n<p><\/br><br \/>\n&nbsp;<\/p>\n<p align=\"justify\"><strong>Zusammensetzung:<\/strong><\/br><br \/>\nStickstoff (N) insgesamt 9%<\/br><br \/>\nOrganischer Stickstoff (N) 0,8%<\/br><br \/>\nNitratstickstoff (N) 1,5%<\/br><br \/>\nHarnstoffstickstoff (N) 6,7%<\/br><br \/>\nOrganischer Kohlenstoff biologischen Ursprungs 3%<\/br><br \/>\nMagnesiumoxid (MgO) in Wasser l\u00f6slich 3%<\/br><br \/>\nEisen (Fe) in Wasser l\u00f6slich 2%<\/br><br \/>\nEisenchelat (Fe) mit DTPA 2%<\/p>\n","protected":false},"featured_media":2207,"template":"","meta":[],"product_cat":[111],"product_tag":[],"class_list":{"0":"post-1580","1":"product","2":"type-product","3":"status-publish","4":"has-post-thumbnail","6":"product_cat-3-duenger-auf-der-grundlage-von-spurenelementen","8":"entry","9":"has-media","11":"first","12":"instock","13":"shipping-taxable","14":"product-type-simple","15":"has-product-nav","16":"col","17":"span_1_of_4","18":"owp-content-center","19":"item-entry","20":"owp-thumbs-layout-horizontal","21":"owp-btn-normal","22":"owp-tabs-layout-horizontal","23":"has-no-thumbnails"},"_links":{"self":[{"href":"https:\/\/www.tiller.it\/de\/wp-json\/wp\/v2\/product\/1580","targetHints":{"allow":["GET"]}}],"collection":[{"href":"https:\/\/www.tiller.it\/de\/wp-json\/wp\/v2\/product"}],"about":[{"href":"https:\/\/www.tiller.it\/de\/wp-json\/wp\/v2\/types\/product"}],"wp:featuredmedia":[{"embeddable":true,"href":"https:\/\/www.tiller.it\/de\/wp-json\/wp\/v2\/media\/2207"}],"wp:attachment":[{"href":"https:\/\/www.tiller.it\/de\/wp-json\/wp\/v2\/media?parent=1580"}],"wp:term":[{"taxonomy":"product_cat","embeddable":true,"href":"https:\/\/www.tiller.it\/de\/wp-json\/wp\/v2\/product_cat?post=1580"},{"taxonomy":"product_tag","embeddable":true,"href":"https:\/\/www.tiller.it\/de\/wp-json\/wp\/v2\/product_tag?post=1580"}],"curies":[{"name":"wp","href":"https:\/\/api.w.org\/{rel}","templated":true}]}}