{"id":1584,"date":"2024-01-15T18:32:05","date_gmt":"2024-01-15T17:32:05","guid":{"rendered":"https:\/\/www.tiller.it\/prodotto\/mazinca\/"},"modified":"2024-02-05T15:25:25","modified_gmt":"2024-02-05T14:25:25","slug":"mazinca","status":"publish","type":"product","link":"https:\/\/www.tiller.it\/de\/produkt\/mazinca\/","title":{"rendered":"MAZINCA"},"content":{"rendered":"<table class=\"tabella_prodotto\" style=\"border-collapse: separate;\" border=\"1\" width=\"100%\" cellspacing=\"0\" cellpadding=\"3\">\n<tbody>\n<tr>\n<td><strong><span style=\"color: #336600;\">Blattanwendung<\/span><\/strong><\/td>\n<td><strong><span style=\"color: #336600;\">Dosierung g\/hl Wasser<\/span><\/strong><\/td>\n<td><strong><span style=\"color: #336600;\">Dosierung pro Hektar<\/span><\/strong><\/td>\n<\/tr>\n<tr>\n<td>\n<p >\nBirne, Apfel, Pfirsich, Kirsche, Aprikose, Susine\n<\/p>\n<\/td>\n<td>\n<p >\ngr 100-120<br \/>\n&nbsp;<\/p>\n<\/td>\n<td >\n<p>\nkg 1-1,5\n<\/p>\n<\/td>\n<\/tr>\n<tr>\n<td >\n<p >\nKiwianbau, Reben und Oliven\n<\/p>\n<\/td>\n<td >\n<p >\ngr 120-130\n<\/p>\n<\/td>\n<td >\n<p>\nkg 1-1,5\n<\/p>\n<\/td>\n<\/tr>\n<tr>\n<td >\n<p>\nZitrusfr\u00fcchte\n<\/p>\n<\/td>\n<td>\n<p>\ngr 120-150\n<\/p>\n<\/td>\n<td >\n<p>\nkg 1,5\n<\/p>\n<\/td>\n<\/tr>\n<tr>\n<td >\n<p>\nGem\u00fcse, Erdbeeren, Melone, Wassermelone und Kurbis\n<\/p>\n<\/td>\n<td>\n<p>\ngr 80-100\n<\/p>\n<\/td>\n<td >\n<p>\nkg 1\n<\/p>\n<\/td>\n<\/tr>\n<tr>\n<td >\n<p>\nBlumenanbau<\/p>\n<\/td>\n<td >\n<p >\ngr 60-80<\/p>\n<\/td>\n<td >\n<p>\nkg 0,7\n<\/p>\n<\/td>\n<\/tr>\n<tr>\n<td >\n<p>\nBaumschulen und Rasenteppiche\n<\/p>\n<\/td>\n<td >\n<p >\ngr 60-100\n<\/p>\n<\/td>\n<td >\n<p>\nkg 1\n<\/p>\n<\/td>\n<\/tr>\n<tr>\n<td >\n<p>\nIndustrieller Anbau von Futter-und Getreidepflanzen\n<\/p>\n<\/td>\n<td >\n<p >\ngr 80-100<\/p>\n<\/td>\n<td >\n<p>\nkg 1 <\/p>\n<\/td>\n<\/tr>\n<\/tbody>\n<\/table>\n<p>\nMAZINCA bei Kulturen mit Mehrfachmangelerscheinungen aus Zink, Mangan und Magnesium verwenden; in das Wasser, in der empfohlenen Dosierung, verd\u00fcnnen; 2-4 Anwendungen alle 10-15 Tage, je nach Bedarf der Kultur.<\/p>\n","protected":false},"excerpt":{"rendered":"<p align=\"justify\">MAZINCA ist ein D\u00fcnger auf der Grundlage von Zinkchelat, Manganchelat und Magnesium, der sich f\u00fcr Obst-Gem\u00fcse und Blumenbau eignet, zur Vorbeugung von Pflanzen mit Mehrfachmangel aus Zink, Mangan und Magnesium. MAZINCA ist ein Produkt zur Blattanwendung von Zitrusfr\u00fcchte, die Mangel von diesen Mikroelementen zeigen. MAZINCA eignet sich auch f\u00fcr Obstbau w\u00e4hrend der Ausbildung von Knospen und nach der Ernte f\u00fcr die quantitative Steigerung der Ertr\u00e4ge f\u00fcr das n\u00e4chste Jahr.<\/p>\n<p>&nbsp;<\/p>\n<p align=\"justify\"><strong>Zusammensetzung:<\/strong><\/br><br \/>\nMangan (Mn) in Wasser l\u00f6slich 4%<\/br><br \/>\nManganchelat (Mn) aus EDTA 4%<\/br><br \/>\nZink (Zn) in Wasser l\u00f6slich 5%<\/br><br \/>\nZinkchelat (Zn) aus EDTA 5%<\/br><br \/>\nMagnesiumoxid (MgO) in Wasser l\u00f6slich 5%<\/br><\/br><\/p>\n<p><strong>Ph-Bereich, der eine gute Stabilit\u00e4t des Chelatanteils gew\u00e4hrleistet: 4-10.<\/strong><\/p>\n","protected":false},"featured_media":2189,"template":"","meta":[],"product_cat":[111,109],"product_tag":[],"class_list":{"0":"post-1584","1":"product","2":"type-product","3":"status-publish","4":"has-post-thumbnail","6":"product_cat-3-duenger-auf-der-grundlage-von-spurenelementen","7":"product_cat-20-im-oekologischen-landbau-zugelassene-duengemittel","9":"entry","10":"has-media","12":"first","13":"instock","14":"shipping-taxable","15":"product-type-simple","16":"has-product-nav","17":"col","18":"span_1_of_4","19":"owp-content-center","20":"item-entry","21":"owp-thumbs-layout-horizontal","22":"owp-btn-normal","23":"owp-tabs-layout-horizontal","24":"has-no-thumbnails"},"_links":{"self":[{"href":"https:\/\/www.tiller.it\/de\/wp-json\/wp\/v2\/product\/1584","targetHints":{"allow":["GET"]}}],"collection":[{"href":"https:\/\/www.tiller.it\/de\/wp-json\/wp\/v2\/product"}],"about":[{"href":"https:\/\/www.tiller.it\/de\/wp-json\/wp\/v2\/types\/product"}],"wp:featuredmedia":[{"embeddable":true,"href":"https:\/\/www.tiller.it\/de\/wp-json\/wp\/v2\/media\/2189"}],"wp:attachment":[{"href":"https:\/\/www.tiller.it\/de\/wp-json\/wp\/v2\/media?parent=1584"}],"wp:term":[{"taxonomy":"product_cat","embeddable":true,"href":"https:\/\/www.tiller.it\/de\/wp-json\/wp\/v2\/product_cat?post=1584"},{"taxonomy":"product_tag","embeddable":true,"href":"https:\/\/www.tiller.it\/de\/wp-json\/wp\/v2\/product_tag?post=1584"}],"curies":[{"name":"wp","href":"https:\/\/api.w.org\/{rel}","templated":true}]}}