{"id":1592,"date":"2024-01-15T20:37:45","date_gmt":"2024-01-15T19:37:45","guid":{"rendered":"https:\/\/www.tiller.it\/prodotto\/ferridro-60\/"},"modified":"2024-02-06T09:17:47","modified_gmt":"2024-02-06T08:17:47","slug":"ferridro-60","status":"publish","type":"product","link":"https:\/\/www.tiller.it\/de\/produkt\/ferridro-60\/","title":{"rendered":"FERRIDRO 60"},"content":{"rendered":"<table class=\"tabella_prodotto\" style=\"border-collapse: separate;\" border=\"1\" width=\"100%\" cellspacing=\"0\" cellpadding=\"3\">\n<tbody>\n<tr>\n<td>\u00a0<strong><span style=\"color: #336600;\">Fl\u00fcssigd\u00fcngung<\/span><\/strong><\/td>\n<td>\u00a0<strong><span style=\"color: #336600;\">Empfohlene Dosierung<\/span><\/strong><\/td>\n<\/tr>\n<tr>\n<td  width=\"50%\">\n<p>\n<strong>Obstplantagen und Kiwianbau:<\/strong><\/p>\n<\/td>\n<td  width=\"50%\">\n<p>&nbsp;<\/p>\n<\/td>\n<\/tr>\n<tr>\n<td  width=\"50%\">\n<p>Jungpflanzen<br \/>\nAusgewachsene Pflanzen<br \/>\nVorbeugung<\/p>\n<\/td>\n<td  width=\"50%\">\n<p>10-30 g pro Pflanz<br \/>\n50-100 g pro Pflanz<br \/>\n15-20 g pro Pflanz\n<\/p>\n<\/td>\n<\/tr>\n<tr>\n<td  width=\"50%\">\n<p>\n<strong>Zitrusfr\u00fcchte:<\/strong><\/p>\n<\/td>\n<td  width=\"50%\">\n<p>&nbsp;<\/p>\n<\/td>\n<\/tr>\n<tr>\n<td  width=\"50%\">\n<p>Jungpflanzen<br \/>\nAusgewachsene Pflanzen<\/p>\n<\/td>\n<td  width=\"50%\">\n<p>20-40 g pro Pflanz<br \/>\n80-150 g pro Pflanz\n<\/p>\n<\/td>\n<\/tr>\n<tr>\n<td  width=\"50%\">\n<p>\n<strong>Reben:<\/strong><\/p>\n<\/td>\n<td  width=\"50%\">\n<p>&nbsp;<\/p>\n<\/td>\n<\/tr>\n<tr>\n<td width=\"50%\">\n<p>Jungpflanzen<br \/>\nAusgewachsene Pflanzen\n<\/p>\n<\/td>\n<td  width=\"50%\">\n<p>5-10 g pro Pflanz<br \/>\n30-40 g pro Pflanz\n<\/p>\n<\/td>\n<\/tr>\n<tr>\n<td  width=\"50%\">\n<p>\n<strong>Gem\u00fcseanbau<br \/>\n<\/strong><\/p>\n<\/td>\n<td width=\"50%\">\n<p>\n1-2 Kg pro 1000 Qm<\/p>\n<\/td>\n<\/tr>\n<tr>\n<td  width=\"50%\">\n<p>\n<strong>Erdbeeren<br \/>\n<\/strong><\/p>\n<\/td>\n<td  width=\"50%\">\n<p>\n1-3 Kg pro 1000 Qm<\/p>\n<\/td>\n<\/tr>\n<tr>\n<td  width=\"50%\">\n<p>\n<strong>Baumschulen und Rasenteppiche<br \/>\n<\/strong><\/p>\n<\/td>\n<td  width=\"50%\">\n<p>\n2-4 Kg pro 1000 Qm<\/p>\n<\/td>\n<\/tr>\n<tr>\n<td  width=\"50%\">\n<p>\n<strong>Blumenanbau <\/strong>\n<\/p>\n<\/td>\n<td  width=\"50%\">\n<p>\n40-100 g\/hl Wasser\n<\/p>\n<\/td>\n<\/tr>\n<\/tbody>\n<\/table>\n<p>\nSobald die ersten Anzeichen f\u00fcr Eisenchlorose auftreten, FERRIDRO 60 zu den Wurzeln der Pflanzen anwenden. Das Produkt in das Wasser, in der empfohlenen Dosierung, verd\u00fcnnen, mindestens 10 Liter Wasser pro Pflanz brauchen. Wir empfehlen die Anwendung durch Bew\u00e4sserungsystem, Furchenzieher oder D\u00fcngelanze. Bei sehr trockenen B\u00f6den verwenden Sie eine gr\u00f6\u00dfere Menge von Wasser.<br \/>\nIm Allgemeinen, muss FERRIDRO 60 an Ausgewachsene Pflanzen mit der Dosierung von 18-30 Kg pro Hektar gebraucht werden, je nach Bedarf der Kultur. Bei Jungpflanzen muss di Dosierung um 50% reduziert werden.<\/p>\n","protected":false},"excerpt":{"rendered":"<p align=\"justify\">FERRIDRO 60 ist ein D\u00fcnger auf Eisenchelatbasis speziell zur Vorbeugung von Eisenchlorose. Die Eisenchlorose zeigt sich am Vergilben zwischen den Blattadern der Blattspreite und f\u00fchrt zur Entlaubung der Triebspitzen, zur k\u00fcmmerlichen Entwicklung der Pflanze und letztlich zu einem qualitativ geringen Ertrag und zu einer sp\u00e4rlichen Qualit\u00e4t der landwirtschaftlichen Produktionen. Eisenchlorose zeigt sich besonders im Boden mit alkalischem Ph-Wert, hoher Aktiv-kalk-Gehalt und geringe Durchl\u00e4ssigkeit. Aufgrund seiner speziellen Formel ist FERRIDRO 60 ein Produkt h\u00f6her L\u00f6slichkeit mit einer optimalen Wirkungsgeschwindigkeit und einer guten Stabilit\u00e4t des Chelatanteils von 4 bis 10 Ph.<\/p>\n<p>&nbsp;<\/p>\n<p align=\"justify\"><strong>Zusammensetzung:<\/strong><\/br><br \/>\nEisen (Fe) in Wasser l\u00f6slich 6%<\/br><br \/>\nChelatanteil 100% l\u00f6sliches Eisen<\/br><br \/>\nEisenchelat(o-o) (Fe) aus EDDHA 4,2%<\/br><\/br><\/p>\n<p><strong>Chelatbildner:<\/strong> EDDHA.<\/br><\/br><br \/>\n<strong><br \/>\nPh-Bereich, der eine gute Stabilit\u00e4t des Chelatanteils gew\u00e4hrleistet:<\/strong> 4-10.<\/br>\n<\/p>\n<p><img fetchpriority=\"high\" decoding=\"async\" src=\"https:\/\/www.tiller.it\/wp-content\/uploads\/2024\/02\/logo_bio_de.webp\" alt=\"\" width=\"299\" height=\"201\" class=\"alignnone size-full wp-image-588\" \/><\/p>\n","protected":false},"featured_media":2126,"template":"","meta":[],"product_cat":[112,109],"product_tag":[],"class_list":{"0":"post-1592","1":"product","2":"type-product","3":"status-publish","4":"has-post-thumbnail","6":"product_cat-4-eisenchelaten","7":"product_cat-20-im-oekologischen-landbau-zugelassene-duengemittel","9":"entry","10":"has-media","12":"first","13":"instock","14":"shipping-taxable","15":"product-type-simple","16":"has-product-nav","17":"col","18":"span_1_of_4","19":"owp-content-center","20":"item-entry","21":"owp-thumbs-layout-horizontal","22":"owp-btn-normal","23":"owp-tabs-layout-horizontal","24":"has-no-thumbnails"},"_links":{"self":[{"href":"https:\/\/www.tiller.it\/de\/wp-json\/wp\/v2\/product\/1592","targetHints":{"allow":["GET"]}}],"collection":[{"href":"https:\/\/www.tiller.it\/de\/wp-json\/wp\/v2\/product"}],"about":[{"href":"https:\/\/www.tiller.it\/de\/wp-json\/wp\/v2\/types\/product"}],"wp:featuredmedia":[{"embeddable":true,"href":"https:\/\/www.tiller.it\/de\/wp-json\/wp\/v2\/media\/2126"}],"wp:attachment":[{"href":"https:\/\/www.tiller.it\/de\/wp-json\/wp\/v2\/media?parent=1592"}],"wp:term":[{"taxonomy":"product_cat","embeddable":true,"href":"https:\/\/www.tiller.it\/de\/wp-json\/wp\/v2\/product_cat?post=1592"},{"taxonomy":"product_tag","embeddable":true,"href":"https:\/\/www.tiller.it\/de\/wp-json\/wp\/v2\/product_tag?post=1592"}],"curies":[{"name":"wp","href":"https:\/\/api.w.org\/{rel}","templated":true}]}}