{"id":1594,"date":"2024-01-15T20:44:59","date_gmt":"2024-01-15T19:44:59","guid":{"rendered":"https:\/\/www.tiller.it\/prodotto\/humato-di-ferro\/"},"modified":"2024-02-06T09:24:36","modified_gmt":"2024-02-06T08:24:36","slug":"humato-di-ferro","status":"publish","type":"product","link":"https:\/\/www.tiller.it\/de\/produkt\/humato-di-ferro\/","title":{"rendered":"HUMATO DI FERRO"},"content":{"rendered":"<table class=\"tabella_prodotto\" style=\"border-collapse: separate;\" border=\"1\" width=\"100%\" cellspacing=\"0\" cellpadding=\"3\">\n<tbody>\n<tr>\n<td><strong><span style=\"color: #336600;\">Blattanwendung<\/span><\/strong><\/td>\n<td><strong><span style=\"color: #336600;\">Dosierung g\/hl Wasser<\/span><\/strong><\/td>\n<td><strong><span style=\"color: #336600;\">Dosierung pro Hektar<\/span><\/strong><\/td>\n<\/tr>\n<tr>\n<td class=\"testi\" width=\"50%\">\nObstplantagen und Kiwianbau\n<\/td>\n<td width=\"25%\" >\n<p>g 150-180\n<\/p>\n<\/td>\n<td class=\"testi\" width=\"25%\">\nkg 1,5-2\n<\/td>\n<\/tr>\n<tr>\n<td class=\"testi\" width=\"50%\">\nZitrusfr\u00fcchte, Oliven und Reben\n<\/td>\n<td width=\"25%\" >\n<p>g 180-200\n<\/p>\n<\/td>\n<td class=\"testi\" width=\"25%\">kg 2\n<\/td>\n<\/tr>\n<tr>\n<td class=\"testi\" width=\"50%\">\nGem\u00fcse, Erdbeeren, Melone und Wasser Melone\n<\/td>\n<td width=\"25%\">\n<p>g 100-150<\/p>\n<\/td>\n<td class=\"testi\" width=\"25%\">kg 1,5<\/td>\n<\/tr>\n<tr>\n<td colspan=\"1\" width=\"50%\">\n<p>Blumenanbau<\/p>\n<\/td>\n<td width=\"25%\">\n<p>g 100-120<\/p>\n<\/td>\n<td colspan=\"1\" width=\"25%\">\n<p>kg 1<\/p>\n<\/td>\n<\/tr>\n<tr>\n<td class=\"testi\" width=\"50%\">\nBaumschulen und Rasenteppiche<\/td>\n<td width=\"25%\">\n<p>g 120-150<\/p>\n<\/td>\n<td class=\"testi\" width=\"25%\">kg 1,5<\/td>\n<\/tr>\n<tr>\n<td class=\"testi\" width=\"50%\">\nIndustrieller Anbau von Futter- und Getreidepflanzen<\/td>\n<td width=\"25%\">\n<p>150-200<\/p>\n<\/td>\n<td class=\"testi\" width=\"25%\">kg 2<\/td>\n<\/tr>\n<tr>\n<td colspan=\"3\" width=\"100%\">\n<p>Bei anderen Kulturen die empfohlene Dosierung von HUMATO DI FERRO ist 120-180 g\/hl Wasser, je nach Bedarf der Kultur.<\/p>\n<\/td>\n<\/tr>\n<\/tbody>\n<\/table>\n","protected":false},"excerpt":{"rendered":"<p align=\"justify\">HUMATO DI FERRO ist ein D\u00fcnger, auf der Grundlage von Stickstoff, Aminos\u00e4uren und Eisenchelat h\u00f6her Qualit\u00e4t. Dank der optimalen Chelierung des enthaltenen Eisens, der gro\u00dfen Stabilit\u00e4t des Chelatanteils und der gro\u00dfen Aminos\u00e4urenengehalt ist Humato di Ferro ein Produkt gro\u00dfer agronomischen Eigenschaften. Per Blattanwendung angewandt wird das Produkt schnell aufgenommen und innerhalb der gehandelten Pfanzen transportiert, mit guten Ergebnisse von den ersten Anwendungen.<\/br><\/br><\/p>\n<p>Per Fl\u00fcssigd\u00fcngung bei Gem\u00fcse und Obstplantagen angewandt wird das Produkt schnell von Plfanzen aufgenommen mit einer schnellen Begr\u00fcnung der behandelten Pflanzen.<\/p>\n<p>&nbsp;<\/p>\n<p align=\"justify\"><strong>Zusammensetzung:<\/strong><\/br><br \/>\nStickstoff (N) insgesamt 8,5%<\/br><br \/>\nOrganischer Stickstoff (N) 0,3%<\/br><br \/>\nHarnstoffstickstoff (N) 8,2%<\/br><br \/>\nOrganischer Kohlenstoff (C) organischen Ursprungs 3%<\/br><br \/>\nEisen (Fe) in Wasser l\u00f6slich 4%<\/br><br \/>\nEisenchelat (Fe) aus EDTA 4%<\/br><\/br><\/p>\n<p>Ph-Bereich, der eine gute Stabilit\u00e4t des Chelatanteils gew\u00e4hrleistet: 3-8.\n<\/p>\n<p><\/br><\/p>\n<p align=\"justify\"><strong>RATSCHL\u00c4GE F\u00dcR EINE FACHGERECHTE LAGERUNG:<\/strong><\/br>Das Produkt ist gut lagerf\u00e4hig bei ener Temperatur zwischen 5\u00b0C und 30 \u00b0C. <\/p>\n","protected":false},"featured_media":2147,"template":"","meta":[],"product_cat":[112],"product_tag":[],"class_list":{"0":"post-1594","1":"product","2":"type-product","3":"status-publish","4":"has-post-thumbnail","6":"product_cat-4-eisenchelaten","8":"entry","9":"has-media","11":"first","12":"instock","13":"shipping-taxable","14":"product-type-simple","15":"has-product-nav","16":"col","17":"span_1_of_4","18":"owp-content-center","19":"item-entry","20":"owp-thumbs-layout-horizontal","21":"owp-btn-normal","22":"owp-tabs-layout-horizontal","23":"has-no-thumbnails"},"_links":{"self":[{"href":"https:\/\/www.tiller.it\/de\/wp-json\/wp\/v2\/product\/1594","targetHints":{"allow":["GET"]}}],"collection":[{"href":"https:\/\/www.tiller.it\/de\/wp-json\/wp\/v2\/product"}],"about":[{"href":"https:\/\/www.tiller.it\/de\/wp-json\/wp\/v2\/types\/product"}],"wp:featuredmedia":[{"embeddable":true,"href":"https:\/\/www.tiller.it\/de\/wp-json\/wp\/v2\/media\/2147"}],"wp:attachment":[{"href":"https:\/\/www.tiller.it\/de\/wp-json\/wp\/v2\/media?parent=1594"}],"wp:term":[{"taxonomy":"product_cat","embeddable":true,"href":"https:\/\/www.tiller.it\/de\/wp-json\/wp\/v2\/product_cat?post=1594"},{"taxonomy":"product_tag","embeddable":true,"href":"https:\/\/www.tiller.it\/de\/wp-json\/wp\/v2\/product_tag?post=1594"}],"curies":[{"name":"wp","href":"https:\/\/api.w.org\/{rel}","templated":true}]}}