{"id":1596,"date":"2024-01-15T20:52:44","date_gmt":"2024-01-15T19:52:44","guid":{"rendered":"https:\/\/www.tiller.it\/prodotto\/magnetik-fe\/"},"modified":"2024-02-06T09:29:10","modified_gmt":"2024-02-06T08:29:10","slug":"magnetik-fe","status":"publish","type":"product","link":"https:\/\/www.tiller.it\/de\/produkt\/magnetik-fe\/","title":{"rendered":"MAGNETIK Fe"},"content":{"rendered":"<table class=\"tabella_prodotto\" style=\"border-collapse: separate;\" border=\"1\" width=\"100%\" cellspacing=\"0\" cellpadding=\"3\">\n<tbody>\n<tr>\n<td><strong><span style=\"color: #336600;\">Blattanwendung<\/span><\/strong><\/td>\n<td><strong><span style=\"color: #336600;\">Dosierung g\/hl Wasser<\/span><\/strong><\/td>\n<td><strong><span style=\"color: #336600;\">Dosierung pro Hektar<\/span><\/strong><\/td>\n<\/tr>\n<tr>\n<td width=\"50%\">\n<p>\nObstplantagen, Reben,  Kiwianbau und Zitrusfr\u00fcchte<\/p>\n<\/td>\n<td width=\"25%\" ><span size=\"1\"><\/p>\n<p >g 150\/200<\/p>\n<p><\/span><\/td>\n<td width=\"25%\" >\n<p>g 1500-2000 <\/p>\n<\/td>\n<\/tr>\n<tr>\n<td width=\"50%\">\n<p>Blattgem\u00fcse, Obstgem\u00fcse, Erdbeeren, Melone und Wasser Melone<\/p>\n<\/td>\n<td width=\"25%\">\n<p>g 100\/150 <\/p>\n<\/td>\n<td width=\"25%\" >\n<p>g 700-1000<\/p>\n<\/td>\n<\/tr>\n<tr>\n<td width=\"50%\">\n<p>Blumenanbau<\/p>\n<\/td>\n<td width=\"25%\" ><span size=\"1\"><\/p>\n<p>g 80\/100<\/p>\n<p><\/span><\/td>\n<td width=\"25%\" >\n<p>g 600-800<\/p>\n<\/td>\n<\/tr>\n<tr>\n<td colspan=\"3\">\n<p><strong>HYDROPONIK: AUF KULTUREN AU\u00dfERHALB DES BODENS:<\/strong> Zur Verwendung muss MAGNETIK FE in der L\u00f6sung gel\u00f6st werden, die sich in den Wannen am Anfang befindet in der Dosierung 150-200 g pro 100 Liter Wasser, je nach Bedarf der Kultur.<\/p>\n<\/td>\n<\/tr>\n<\/tbody>\n<\/table>\n","protected":false},"excerpt":{"rendered":"<p align=\"justify\">MAGNETIK FE ist ein Fl\u00fcssigchelat zur Vorbeugung und Bek\u00e4mpfung von Gelbf\u00e4rbung durch Eisenchlorose verursacht. Durch seine spezielle Formel eignet sich das Produkt zur Blattd\u00fcngung von allen Kulturen mit Eisenchlorosemangeerscheinungen. MAGNETIK FE eignet sich auch f\u00fcr D\u00fcngung au\u00dferhalb des Bodens oder N\u00e4hrl\u00f6sungen mit saurem Ph-Wert.<\/p>\n<p>&nbsp;<\/p>\n<p align=\"justify\"><strong>Zusammensetzung:<\/strong><\/br><br \/>\nEisen (Fe) in Wasser l\u00f6slich 7,2%<\/br><br \/>\nEisenchelat (Fe) 7,2%<\/br><br \/>\nEisenchelat (Fe) aus EDTA 7,2%<\/br><\/br><br \/>\n<strong><br \/>\nChelatbildner:<\/strong> EDTA<\/br>\n<\/p>\n<p><\/br><\/p>\n<p style=\"color:red;\"><strong>PRODUKT NUR AUF ANFRAGE VERF\u00dcGBAR<\/strong> <\/br><\/p>\n<p><\/br><br \/>\n<img fetchpriority=\"high\" decoding=\"async\" src=\"https:\/\/www.tiller.it\/wp-content\/uploads\/2024\/02\/logo_bio_de.webp\" alt=\"\" width=\"299\" height=\"201\" class=\"alignnone size-full wp-image-588\" \/><\/p>\n","protected":false},"featured_media":2180,"template":"","meta":[],"product_cat":[112,109],"product_tag":[],"class_list":{"0":"post-1596","1":"product","2":"type-product","3":"status-publish","4":"has-post-thumbnail","6":"product_cat-4-eisenchelaten","7":"product_cat-20-im-oekologischen-landbau-zugelassene-duengemittel","9":"entry","10":"has-media","12":"first","13":"instock","14":"shipping-taxable","15":"product-type-simple","16":"has-product-nav","17":"col","18":"span_1_of_4","19":"owp-content-center","20":"item-entry","21":"owp-thumbs-layout-horizontal","22":"owp-btn-normal","23":"owp-tabs-layout-horizontal","24":"has-no-thumbnails"},"_links":{"self":[{"href":"https:\/\/www.tiller.it\/de\/wp-json\/wp\/v2\/product\/1596","targetHints":{"allow":["GET"]}}],"collection":[{"href":"https:\/\/www.tiller.it\/de\/wp-json\/wp\/v2\/product"}],"about":[{"href":"https:\/\/www.tiller.it\/de\/wp-json\/wp\/v2\/types\/product"}],"wp:featuredmedia":[{"embeddable":true,"href":"https:\/\/www.tiller.it\/de\/wp-json\/wp\/v2\/media\/2180"}],"wp:attachment":[{"href":"https:\/\/www.tiller.it\/de\/wp-json\/wp\/v2\/media?parent=1596"}],"wp:term":[{"taxonomy":"product_cat","embeddable":true,"href":"https:\/\/www.tiller.it\/de\/wp-json\/wp\/v2\/product_cat?post=1596"},{"taxonomy":"product_tag","embeddable":true,"href":"https:\/\/www.tiller.it\/de\/wp-json\/wp\/v2\/product_tag?post=1596"}],"curies":[{"name":"wp","href":"https:\/\/api.w.org\/{rel}","templated":true}]}}