{"id":1606,"date":"2024-01-16T09:09:21","date_gmt":"2024-01-16T08:09:21","guid":{"rendered":"https:\/\/www.tiller.it\/prodotto\/manganbetter\/"},"modified":"2024-02-06T10:04:16","modified_gmt":"2024-02-06T09:04:16","slug":"manganbetter","status":"publish","type":"product","link":"https:\/\/www.tiller.it\/de\/produkt\/manganbetter\/","title":{"rendered":"MANGANBETTER"},"content":{"rendered":"<table class=\"tabella_prodotto\" style=\"border-collapse: separate;\" border=\"1\" width=\"100%\" cellspacing=\"0\" cellpadding=\"3\">\n<tbody>\n<tr>\n<td><strong><span style=\"color: #336600;\">Blattanwendung<\/span><\/strong><\/td>\n<td><strong><span style=\"color: #336600;\">Dosierung g\/hl Wasser<\/span><\/strong><\/td>\n<td><strong><span style=\"color: #336600;\">Dosierung pro Hektar<\/span><\/strong><\/td>\n<\/tr>\n<tr>\n<td class=\"testi\" width=\"50%\">\nObstplantagen, Reben und Kiwianbau<\/td>\n<td width=\"25%\">\n<p>g 80-100<\/p>\n<\/td>\n<td class=\"testi\" width=\"25%\">g 1000<\/td>\n<\/tr>\n<tr>\n<td class=\"testi\" width=\"50%\">\nZitrusfr\u00fcchte und Oliven<\/td>\n<td width=\"25%\">\n<p>g 100-120<\/p>\n<\/td>\n<td class=\"testi\" width=\"25%\">g 1200<\/td>\n<\/tr>\n<tr>\n<td class=\"testi\" width=\"50%\">\nGem\u00fcseanbau und Erdbeeren<\/td>\n<td width=\"25%\">\n<p>g 50-80<\/p>\n<\/td>\n<td class=\"testi\" width=\"25%\">g 600-700<\/td>\n<\/tr>\n<tr>\n<td class=\"testi\" width=\"50%\">\nBlumenanbau<\/td>\n<td width=\"25%\">\n<p>g 40-60<\/p>\n<\/td>\n<td class=\"testi\" width=\"25%\">g 400-500<\/td>\n<\/tr>\n<tr>\n<td class=\"testi\" width=\"50%\">Baumschulen und Rasenteppiche<\/td>\n<td width=\"25%\">\n<p>g 60-80<\/p>\n<\/td>\n<td class=\"testi\" width=\"25%\">g 800<\/td>\n<\/tr>\n<tr>\n<td class=\"testi\" width=\"50%\">\nIndustrieller Anbau von Futter- und Getreidepflanzen<\/td>\n<td width=\"25%\">\n<p>&#8211; <\/p>\n<\/td>\n<td class=\"testi\" width=\"25%\">kg 0,5-1 <\/td>\n<\/tr>\n<\/tbody>\n<\/table>\n<p>Bei anderen Kulturen die Dosierung von MANGANBETTER ist variable von 50-100 g\/hl Wasser, je nach Bedarf der Kultur.<\/br> Manganbetter bei Pflanzen verwenden, sobald die ersten Anzeichen f\u00fcr Manganmangel auftreten. Das Produkt, in der empfohlenen Dosierung, in das Wasser verd\u00fcnnen. 2-4 Anwendungen im Abstand von 10-15 Tagen, je nach Bedarf der Kultur weiterf\u00fchren.<\/p>\n","protected":false},"excerpt":{"rendered":"<p align=\"justify\">MANGANBETTER ist ein Trockend\u00fcnger auf Manganbasis, der schnell \u00fcber Bl\u00e4tter und Wurzel der Pflanzen aufgenommen wird. Mangan ist ein Spurenelement, das an Redoxreaktionen, Respiration, Photosynthese und Bildung von Vitamin C  eingreift. Au\u00dferdem ist Mangan auch f\u00fcr die Synthese von Aminos\u00e4uren und Piptide sehr wichtig.<\/p>\n<p>&nbsp;<\/p>\n<p align=\"justify\"><strong>Zusammensetzung:<\/strong><\/br><br \/>\nMangan (Mn) in Wasser l\u00f6slich 13%<\/br><br \/>\nManganchelat (Mn) aus EDTA 12,6%<\/br><\/br><\/p>\n<p><strong>Chelatbildner:<\/strong> EDTA<\/br><\/br><\/p>\n<p><strong>Ph-Bereich, der eine gute Stabilit\u00e4t des Chelatanteils gew\u00e4hrleistet:<\/strong> 5-10.\n<\/p>\n<p><\/br><br \/>\n<img fetchpriority=\"high\" decoding=\"async\" src=\"https:\/\/www.tiller.it\/wp-content\/uploads\/2024\/02\/logo_bio_de.webp\" alt=\"\" width=\"299\" height=\"201\" class=\"alignnone size-full wp-image-588\" \/><\/p>\n","protected":false},"featured_media":2183,"template":"","meta":[],"product_cat":[113,109],"product_tag":[],"class_list":{"0":"post-1606","1":"product","2":"type-product","3":"status-publish","4":"has-post-thumbnail","6":"product_cat-5-manganduenger","7":"product_cat-20-im-oekologischen-landbau-zugelassene-duengemittel","9":"entry","10":"has-media","12":"first","13":"instock","14":"shipping-taxable","15":"product-type-simple","16":"has-product-nav","17":"col","18":"span_1_of_4","19":"owp-content-center","20":"item-entry","21":"owp-thumbs-layout-horizontal","22":"owp-btn-normal","23":"owp-tabs-layout-horizontal","24":"has-no-thumbnails"},"_links":{"self":[{"href":"https:\/\/www.tiller.it\/de\/wp-json\/wp\/v2\/product\/1606","targetHints":{"allow":["GET"]}}],"collection":[{"href":"https:\/\/www.tiller.it\/de\/wp-json\/wp\/v2\/product"}],"about":[{"href":"https:\/\/www.tiller.it\/de\/wp-json\/wp\/v2\/types\/product"}],"wp:featuredmedia":[{"embeddable":true,"href":"https:\/\/www.tiller.it\/de\/wp-json\/wp\/v2\/media\/2183"}],"wp:attachment":[{"href":"https:\/\/www.tiller.it\/de\/wp-json\/wp\/v2\/media?parent=1606"}],"wp:term":[{"taxonomy":"product_cat","embeddable":true,"href":"https:\/\/www.tiller.it\/de\/wp-json\/wp\/v2\/product_cat?post=1606"},{"taxonomy":"product_tag","embeddable":true,"href":"https:\/\/www.tiller.it\/de\/wp-json\/wp\/v2\/product_tag?post=1606"}],"curies":[{"name":"wp","href":"https:\/\/api.w.org\/{rel}","templated":true}]}}