{"id":1608,"date":"2024-01-16T09:16:42","date_gmt":"2024-01-16T08:16:42","guid":{"rendered":"https:\/\/www.tiller.it\/prodotto\/borspeed\/"},"modified":"2024-02-06T10:09:48","modified_gmt":"2024-02-06T09:09:48","slug":"borspeed","status":"publish","type":"product","link":"https:\/\/www.tiller.it\/de\/produkt\/borspeed\/","title":{"rendered":"BORSPEED"},"content":{"rendered":"<table class=\"tabella_prodotto\" style=\"border-collapse: separate;\" border=\"1\" width=\"100%\" cellspacing=\"0\" cellpadding=\"3\">\n<tbody>\n<tr>\n<td><strong><span style=\"color: #336600;\">Blattanwendung<\/span><\/strong><\/td>\n<td><strong><span style=\"color: #336600;\">Dosierung g\/hl Wasser<\/span><\/strong><\/td>\n<td><strong><span style=\"color: #336600;\">Dosierung pro Hektar<\/span><\/strong><\/td>\n<\/tr>\n<tr>\n<td class=\"testi\" width=\"50%\">\nObstplantagen und Kiwianbau<\/p>\n<\/td>\n<td width=\"25%\">\n<p>\ng 70-80<\/p>\n<\/td>\n<td class=\"testi\" width=\"25%\">\ng 1000<\/p>\n<\/td>\n<\/tr>\n<tr>\n<td class=\"testi\" width=\"50%\">\nReben und Oliven<\/p>\n<\/td>\n<td width=\"25%\">\n<p>\ng 80-90<\/p>\n<\/td>\n<td class=\"testi\" width=\"25%\">\ng 1000<\/p>\n<\/td>\n<\/tr>\n<tr>\n<td class=\"testi\" width=\"50%\">\nGem\u00fcseanbau<\/p>\n<\/td>\n<td width=\"25%\">\n<p>\ng 50-60<\/p>\n<\/td>\n<td class=\"testi\" width=\"25%\">\ng 600-800<\/p>\n<\/td>\n<\/tr>\n<tr>\n<td class=\"testi\" width=\"50%\">\nBlumenanbau<\/p>\n<\/td>\n<td width=\"25%\">\n<p>\ng 30-50<\/p>\n<\/td>\n<td class=\"testi\" width=\"25%\">\ng 500<\/p>\n<\/td>\n<\/tr>\n<tr>\n<td class=\"testi\" width=\"50%\">\nBaumschulen<\/p>\n<\/td>\n<td width=\"25%\">\n<p>\ng 60-70<\/p>\n<\/td>\n<td class=\"testi\" width=\"25%\">\ng 700-800<\/p>\n<\/td>\n<\/tr>\n<tr>\n<td class=\"testi\" width=\"50%\">\nIndustrieller Anbau<\/p>\n<\/td>\n<td width=\"25%\">\n<p>\ng 70-80<\/p>\n<\/td>\n<td class=\"testi\" width=\"25%\">\ng 600-800<\/p>\n<\/td>\n<\/tr>\n<tr>\n<td class=\"testi\" width=\"50%\">\nR\u00fcbe<\/p>\n<\/td>\n<td width=\"25%\">\n<p>\n&#8211;\n<\/p>\n<\/td>\n<td class=\"testi\" width=\"25%\">\ng 800-1000 x ettaro<\/p>\n<\/td>\n<\/tr>\n<\/tbody>\n<\/table>\n<p>BORSPEED anwenden, sobald die ersten Anzeichen f\u00fcr Bormangel auftreten. Das Produkt in das Wasser in der empfohlenen Dosierung verd\u00fcnnen, 2-3 Anwendungen im Abstand von 10-15 Tagen, je nach Bedarf der Kultur weiterf\u00fchren. (F\u00fcr bessere Ereignisse empfehlen wir folgende Anwendungen bei Obstplantagen, Reben, Kiwianbau und Oliven: ab der Bl\u00fcte und w\u00e4hrend der Ausbildung von Knospen).<\/p>\n","protected":false},"excerpt":{"rendered":"<p align=\"justify\">BORSPEED ist ein Fl\u00fcssigd\u00fcnger aus Borbasis. Aufgrund seiner speziellen Formel wird das Produkt schnell \u00fcber Bl\u00e4tter und Wurzel der Pflanzen aufgenommen. Bor ist ein sehr wichtiges Element in vielen biochemischen Synthese-Prozessen, wie Zuckertransport und Aufspeicherung. Ausserdem wirkt das Produkt auch auf die Zellreplikation und verbessert den Proze\u00df der Stickstofffixierung.<\/p>\n<p>&nbsp;<\/p>\n<p align=\"justify\"><strong>Zusammenzetzung:<\/strong><\/br><br \/>\nBor (B) in Wasser l\u00f6slich 11%<br \/>\n<\/br>\n<\/p>\n<p><\/br><br \/>\n<strong>RATSCHL\u00c4GE F\u00dcR EINE FACHGERECHTE LAGERUNG:<\/strong> Das Produkt ist gut lagerf\u00e4hig bei einer Temperatur zwischen 4\u00b0C und 35 \u00b0C.<\/p>\n<p><img fetchpriority=\"high\" decoding=\"async\" src=\"https:\/\/www.tiller.it\/wp-content\/uploads\/2024\/02\/logo_bio_de.webp\" alt=\"\" width=\"299\" height=\"201\" class=\"alignnone size-full wp-image-588\" \/><\/p>\n","protected":false},"featured_media":2099,"template":"","meta":[],"product_cat":[114,109],"product_tag":[],"class_list":{"0":"post-1608","1":"product","2":"type-product","3":"status-publish","4":"has-post-thumbnail","6":"product_cat-6-borduenger","7":"product_cat-20-im-oekologischen-landbau-zugelassene-duengemittel","9":"entry","10":"has-media","12":"first","13":"instock","14":"shipping-taxable","15":"product-type-simple","16":"has-product-nav","17":"col","18":"span_1_of_4","19":"owp-content-center","20":"item-entry","21":"owp-thumbs-layout-horizontal","22":"owp-btn-normal","23":"owp-tabs-layout-horizontal","24":"has-no-thumbnails"},"_links":{"self":[{"href":"https:\/\/www.tiller.it\/de\/wp-json\/wp\/v2\/product\/1608","targetHints":{"allow":["GET"]}}],"collection":[{"href":"https:\/\/www.tiller.it\/de\/wp-json\/wp\/v2\/product"}],"about":[{"href":"https:\/\/www.tiller.it\/de\/wp-json\/wp\/v2\/types\/product"}],"wp:featuredmedia":[{"embeddable":true,"href":"https:\/\/www.tiller.it\/de\/wp-json\/wp\/v2\/media\/2099"}],"wp:attachment":[{"href":"https:\/\/www.tiller.it\/de\/wp-json\/wp\/v2\/media?parent=1608"}],"wp:term":[{"taxonomy":"product_cat","embeddable":true,"href":"https:\/\/www.tiller.it\/de\/wp-json\/wp\/v2\/product_cat?post=1608"},{"taxonomy":"product_tag","embeddable":true,"href":"https:\/\/www.tiller.it\/de\/wp-json\/wp\/v2\/product_tag?post=1608"}],"curies":[{"name":"wp","href":"https:\/\/api.w.org\/{rel}","templated":true}]}}