{"id":1610,"date":"2024-01-16T09:34:11","date_gmt":"2024-01-16T08:34:11","guid":{"rendered":"https:\/\/www.tiller.it\/prodotto\/zinchel\/"},"modified":"2024-02-06T10:14:51","modified_gmt":"2024-02-06T09:14:51","slug":"zinchel","status":"publish","type":"product","link":"https:\/\/www.tiller.it\/de\/produkt\/zinchel\/","title":{"rendered":"ZINCHEL"},"content":{"rendered":"<table class=\"tabella_prodotto\" style=\"border-collapse: separate;\" border=\"1\" width=\"100%\" cellspacing=\"0\" cellpadding=\"3\">\n<tbody>\n<tr>\n<td><strong><span style=\"color: #336600;\">Blattanwendung<\/span><\/strong><\/td>\n<td><strong><span style=\"color: #336600;\">Dosierung g\/hl Wasser<\/span><\/strong><\/td>\n<td><strong><span style=\"color: #336600;\">Dosierung pro Hektar<\/span><\/strong><\/td>\n<\/tr>\n<tr>\n<td class=\"testi\" >\nObstplantagen, Reben und Kiwianbau\n<\/td>\n<td align=\"center\">\n<p>\ng 80-100\n<\/p>\n<\/td>\n<td class=\"testi\">\ng 1000\n<\/td>\n<\/tr>\n<tr>\n<td class=\"testi\">\nZitrusfr\u00fcchte\n<\/td>\n<td align=\"center\">\n<p>\ng 100-120<\/p>\n<\/td>\n<td class=\"testi\" >\ng 1200<\/p>\n<\/td>\n<\/tr>\n<tr>\n<td class=\"testi\" >\nGem\u00fcseanbau\n<\/td>\n<td align=\"center\">\n<p>\ng 50-80<\/p>\n<\/td>\n<td class=\"testi\" >\ng 600<\/p>\n<\/td>\n<\/tr>\n<tr>\n<td class=\"testi\" >\nBlumenanbau<\/p>\n<\/td>\n<td align=\"center\">\n<p>\ng 40-60<\/p>\n<\/td>\n<td class=\"testi\" >\ng 500<\/p>\n<\/td>\n<\/tr>\n<tr>\n<td class=\"testi\" >\nBaumschulen<\/p>\n<\/td>\n<td align=\"center\">\n<p>\ng 60-80<\/p>\n<\/td>\n<td class=\"testi\" >\ng 800<\/p>\n<\/td>\n<\/tr>\n<tr>\n<td class=\"testi\" >\nIndustrieller Anbau von Futter-und Getreidepflanzen\n<\/td>\n<td align=\"center\">\n<p>\ng 80-100<\/p>\n<\/td>\n<td class=\"testi\" >\ng 800-1000<\/p>\n<\/td>\n<\/tr>\n<tr>\n<td colspan=\"1\" >\n<p>Mais\n<\/p>\n<\/td>\n<td colspan=\"1\" align=\"center\">\n<p>\n&#8211; <\/p>\n<\/td>\n<td colspan=\"1\" align=\"center\">\n<p>\ng 800 &#8211; 1000 <\/p>\n<\/td>\n<\/tr>\n<\/tbody>\n<\/table>\n<p>Sobald die ersten Anzeichen f\u00fcr Zinkmangel auftreten, ZINCHEL verwenden. 2-3 Anwendungen alle 10-15 Tage, je nach Bedarf der Kultur.<\/p>\n","protected":false},"excerpt":{"rendered":"<p align=\"justify\">ZINCHEL ist ein Trockend\u00fcnger aus Zinkchelatbasis. Seine Formel wurde speziell entwickelt, um eine schnelle Aufnahme \u00fcber Bl\u00e4tter und Wurzel der Pflanzen zu erm\u00f6glichen. Zink ist ein  Spurelement, das eine wichtige Rolle innerhalb der Pflanzen spielt und nimmt an vielen enzymatischen Prozessen teil; au\u00dferdem ist Zink wichtig auch f\u00fcr Tryptophan Synthese und entsprechend f\u00fcr Auxin Synthese. Charakteristische Symptome f\u00fcr Zinkmangel sind:  chlorotische Sprenkelungen, ganz kleine Bl\u00e4ttchen, &#8218;Rosettenkrankheit\u201c, vorzeitigen Abfallen der Bl\u00e4tter und zerbrechliche Gewebe.<\/p>\n<p>&nbsp;<\/p>\n<p align=\"justify\"><strong>Zusammensetzung:<\/strong><\/br><br \/>\nZink (Zn) in Wasser l\u00f6slich 15%<\/br><br \/>\nZinkchelat (Zn)  aus EDTA 14,7%<\/br><\/br><\/p>\n<p><strong>Chelatbildner:<\/strong> EDTA<\/br><\/br><\/p>\n<p><strong>Ph-Bereich, der eine gute Stabilit\u00e4t des Chelatanteils gew\u00e4hrleistet<\/strong>: 4-10.\n<\/p>\n<p><\/br><\/p>\n<p><img fetchpriority=\"high\" decoding=\"async\" src=\"https:\/\/www.tiller.it\/wp-content\/uploads\/2024\/02\/logo_bio_de.webp\" alt=\"\" width=\"299\" height=\"201\" class=\"alignnone size-full wp-image-588\" \/><\/p>\n","protected":false},"featured_media":2267,"template":"","meta":[],"product_cat":[115,109],"product_tag":[],"class_list":{"0":"post-1610","1":"product","2":"type-product","3":"status-publish","4":"has-post-thumbnail","6":"product_cat-7-zinkduenger","7":"product_cat-20-im-oekologischen-landbau-zugelassene-duengemittel","9":"entry","10":"has-media","12":"first","13":"instock","14":"shipping-taxable","15":"product-type-simple","16":"has-product-nav","17":"col","18":"span_1_of_4","19":"owp-content-center","20":"item-entry","21":"owp-thumbs-layout-horizontal","22":"owp-btn-normal","23":"owp-tabs-layout-horizontal","24":"has-no-thumbnails"},"_links":{"self":[{"href":"https:\/\/www.tiller.it\/de\/wp-json\/wp\/v2\/product\/1610","targetHints":{"allow":["GET"]}}],"collection":[{"href":"https:\/\/www.tiller.it\/de\/wp-json\/wp\/v2\/product"}],"about":[{"href":"https:\/\/www.tiller.it\/de\/wp-json\/wp\/v2\/types\/product"}],"wp:featuredmedia":[{"embeddable":true,"href":"https:\/\/www.tiller.it\/de\/wp-json\/wp\/v2\/media\/2267"}],"wp:attachment":[{"href":"https:\/\/www.tiller.it\/de\/wp-json\/wp\/v2\/media?parent=1610"}],"wp:term":[{"taxonomy":"product_cat","embeddable":true,"href":"https:\/\/www.tiller.it\/de\/wp-json\/wp\/v2\/product_cat?post=1610"},{"taxonomy":"product_tag","embeddable":true,"href":"https:\/\/www.tiller.it\/de\/wp-json\/wp\/v2\/product_tag?post=1610"}],"curies":[{"name":"wp","href":"https:\/\/api.w.org\/{rel}","templated":true}]}}