{"id":1612,"date":"2024-01-16T09:39:33","date_gmt":"2024-01-16T08:39:33","guid":{"rendered":"https:\/\/www.tiller.it\/prodotto\/zincam\/"},"modified":"2024-02-06T10:19:52","modified_gmt":"2024-02-06T09:19:52","slug":"zincam","status":"publish","type":"product","link":"https:\/\/www.tiller.it\/de\/produkt\/zincam\/","title":{"rendered":"ZINCAM"},"content":{"rendered":"<table class=\"tabella_prodotto\" style=\"border-collapse: separate;\" border=\"1\" width=\"100%\" cellspacing=\"0\" cellpadding=\"3\">\n<tbody>\n<tr>\n<td><strong><span style=\"color: #336600;\">Blattanwendung<\/span><\/strong><\/td>\n<td><strong><span style=\"color: #336600;\">Dosierung g\/hl Wasser<\/span><\/strong><\/td>\n<td><strong><span style=\"color: #336600;\">Dosierung pro Hektar<\/span><\/strong><\/td>\n<\/tr>\n<tr>\n<td>\n<p>\nObstplantagen, Reben und<br \/>\nKiwianbau<\/p>\n<\/td>\n<td >\n<p>g 100-150\n<\/p>\n<\/td>\n<td >\n<p>kg 1,5-1,8 <\/p>\n<\/td>\n<\/tr>\n<tr>\n<td >\n<p>Zitrusfr\u00fcchte<\/p>\n<\/td>\n<td >\n<p>g 150-200<\/p>\n<\/td>\n<td >\n<p>kg 2<\/p>\n<\/td>\n<\/tr>\n<tr>\n<td >\n<p>Gem\u00fcseanbau und Blumenanbau<\/p>\n<\/td>\n<td >\n<p>g 80-120<\/p>\n<\/td>\n<td >\n<p>kg 1<\/p>\n<\/td>\n<\/tr>\n<tr>\n<td colspan=\"1\" >\n<p>Erdbeere, Melone, Wassermelone und K\u00fcrbis <\/p>\n<\/td>\n<td colspan=\"1\" >\n<p>g 80-100<\/p>\n<\/td>\n<td colspan=\"1\" >\n<p>kg 1<\/p>\n<\/td>\n<\/tr>\n<tr>\n<td >\n<p>\nBaumschulen und Rasenteppiche<\/p>\n<\/td>\n<td >\n<p>g 100-120<\/p>\n<\/td>\n<td >\n<p>kg 1<\/p>\n<\/td>\n<\/tr>\n<tr>\n<td >\n<p>Industrieller Anbau von Futterund Getreidepflanzen<\/p>\n<\/td>\n<td >\n<p>\n&#8211;<\/p>\n<\/td>\n<td >\n<p>\nKg 1-1,5 <\/p>\n<\/td>\n<\/tr>\n<\/tbody>\n<\/table>\n<p>ZINCAM in das Wasser in der empfohlenen Dosierung verd\u00fcnnen. 2-4 Anwendungen alle 12-15 Tage, je nach Bedarf der Kultur.<\/p>\n","protected":false},"excerpt":{"rendered":"<p align=\"justify\">ZINCAM ist ein Fl\u00fcssigd\u00fcnger auf der Grundlage von Zinkchelat und Eisenchelat. Die ganz chelierten Elementen in seiner Formel enthalten, erm\u00f6glichen eine schnelle Aufnahme \u00fcber Bl\u00e4tter aber auch \u00fcber Wurzel der Pflanzen. Die Verbindung von Zink mit Eisen f\u00f6rdert die Vorbeugung und Bek\u00e4mpfung von Mehrfachmangel bei Obst-und Gem\u00fcsebau.<\/p>\n<p>&nbsp;<\/p>\n<p align=\"justify\"><strong>Zusammensetzung:<\/strong><\/br><br \/>\nZink (Zn) in Wasser l\u00f6slich 4%<\/br><br \/>\nZinchelat (Zn) aus EDTA 4%<\/br><br \/>\nEisen (Fe) in Wasser l\u00f6slich 1%<\/br><br \/>\nEisenchelat (Fe) aus EDTA 1%<\/br><\/br><\/p>\n<p><strong>Ph-Bereich, der eine gute Stabilit\u00e4t des Chelatanteils gew\u00e4hrleistet:<\/strong> Zink 4-10; Eisen 3-7.<br \/>\n<\/br>\n<\/p>\n<p><\/br><\/p>\n<p align=\"justify\"><strong>RATSCHL\u00c4GE F\u00dcR EINE FACHGERECHTE LAGERUNG: <\/strong>Das Produkt ist gut lagerf\u00e4hig bei einer Temperatur zwischen 3\u00b0C und 27 \u00b0C.<\/br><\/p>\n<p><img fetchpriority=\"high\" decoding=\"async\" src=\"https:\/\/www.tiller.it\/wp-content\/uploads\/2024\/02\/logo_bio_de.webp\" alt=\"\" width=\"299\" height=\"201\" class=\"alignnone size-full wp-image-588\" \/><\/p>\n","protected":false},"featured_media":2264,"template":"","meta":[],"product_cat":[115,109],"product_tag":[],"class_list":{"0":"post-1612","1":"product","2":"type-product","3":"status-publish","4":"has-post-thumbnail","6":"product_cat-7-zinkduenger","7":"product_cat-20-im-oekologischen-landbau-zugelassene-duengemittel","9":"entry","10":"has-media","12":"first","13":"instock","14":"shipping-taxable","15":"product-type-simple","16":"has-product-nav","17":"col","18":"span_1_of_4","19":"owp-content-center","20":"item-entry","21":"owp-thumbs-layout-horizontal","22":"owp-btn-normal","23":"owp-tabs-layout-horizontal","24":"has-no-thumbnails"},"_links":{"self":[{"href":"https:\/\/www.tiller.it\/de\/wp-json\/wp\/v2\/product\/1612","targetHints":{"allow":["GET"]}}],"collection":[{"href":"https:\/\/www.tiller.it\/de\/wp-json\/wp\/v2\/product"}],"about":[{"href":"https:\/\/www.tiller.it\/de\/wp-json\/wp\/v2\/types\/product"}],"wp:featuredmedia":[{"embeddable":true,"href":"https:\/\/www.tiller.it\/de\/wp-json\/wp\/v2\/media\/2264"}],"wp:attachment":[{"href":"https:\/\/www.tiller.it\/de\/wp-json\/wp\/v2\/media?parent=1612"}],"wp:term":[{"taxonomy":"product_cat","embeddable":true,"href":"https:\/\/www.tiller.it\/de\/wp-json\/wp\/v2\/product_cat?post=1612"},{"taxonomy":"product_tag","embeddable":true,"href":"https:\/\/www.tiller.it\/de\/wp-json\/wp\/v2\/product_tag?post=1612"}],"curies":[{"name":"wp","href":"https:\/\/api.w.org\/{rel}","templated":true}]}}