{"id":1614,"date":"2024-01-16T09:46:12","date_gmt":"2024-01-16T08:46:12","guid":{"rendered":"https:\/\/www.tiller.it\/prodotto\/molibdeno-special\/"},"modified":"2024-02-06T10:24:44","modified_gmt":"2024-02-06T09:24:44","slug":"molibdeno-special","status":"publish","type":"product","link":"https:\/\/www.tiller.it\/de\/produkt\/molibdeno-special\/","title":{"rendered":"MOLIBDENO SPECIAL"},"content":{"rendered":"<table class=\"tabella_prodotto\" style=\"border-collapse: separate;\" border=\"1\" width=\"100%\" cellspacing=\"0\" cellpadding=\"3\">\n<tbody>\n<tr>\n<td><strong><span style=\"color: #336600;\">Blattanwendung<\/span><\/strong><\/td>\n<td><strong><span style=\"color: #336600;\">Dosierung g\/hl Wasser<\/span><\/strong><\/td>\n<td><strong><span style=\"color: #336600;\">Dosierung pro Hektar<\/span><\/strong><\/td>\n<\/tr>\n<tr>\n<td colspan=\"1\" width=\"50%\"  >\n<p>\nWeinbau und Obstbau\n<\/p>\n<\/td>\n<td colspan=\"1\" width=\"25%\" >\n<p>\ng 80-100<\/p>\n<\/td>\n<td colspan=\"1\" width=\"25%\" >\n<p>\nkg 1<\/p>\n<\/td>\n<\/tr>\n<tr>\n<td class=\"testi\" width=\"50%\"  >\nBlumenanbau<\/p>\n<\/td>\n<td width=\"25%\" >\n<p>\ng 25-30<\/p>\n<\/td>\n<td class=\"testi\" width=\"25%\" >\ng 300<\/p>\n<\/td>\n<\/tr>\n<tr>\n<td class=\"testi\" width=\"50%\"  >\nGem\u00fcseanbau<\/p>\n<\/td>\n<td width=\"25%\" >\n<p>\ng 30-40<\/p>\n<\/td>\n<td class=\"testi\" width=\"25%\" >\ng 400-500<\/p>\n<\/td>\n<\/tr>\n<tr>\n<td class=\"testi\" width=\"50%\"  >\nErbse und Bohne<\/p>\n<\/td>\n<td width=\"25%\" >\n<p>\ng 40-50<\/p>\n<\/td>\n<td class=\"testi\" width=\"25%\" >\ng 500<\/p>\n<\/td>\n<\/tr>\n<tr>\n<td class=\"testi\" width=\"50%\"  >\nMelone<\/p>\n<\/td>\n<td width=\"25%\" >\n<p>\ng 35-40<\/p>\n<\/td>\n<td class=\"testi\" width=\"25%\" >\ng 400-500<\/p>\n<\/td>\n<\/tr>\n<tr>\n<td class=\"testi\" width=\"50%\"  >\n<p>\nSoja<\/p>\n<\/td>\n<td width=\"25%\" >\n<p>\ng 50-60<\/p>\n<\/td>\n<td class=\"testi\" width=\"25%\" >\ng 500<\/p>\n<\/td>\n<\/tr>\n<tr>\n<td class=\"testi\" width=\"50%\"  >\nIndustrieller Anbau<\/p>\n<\/td>\n<td width=\"25%\" >\n<p>\ng 40-50<\/p>\n<\/td>\n<td class=\"testi\" width=\"25%\" >\ng 500<\/p>\n<\/td>\n<\/tr>\n<\/tbody>\n<\/table>\n<p>Sobald die ersten Anzeichen f\u00fcr Molybd\u00e4nmangel auftreten, MOLIBDENO SPECIAL am Pflanzen verwenden.  MOLIBDENO SPECIAL im das Wasser in der empfohlenen Dosierung verd\u00fcnnen. 1-3 Anwendungen, alle 10-15 Tage, je nach Bedarf der Kultur.<\/p>\n","protected":false},"excerpt":{"rendered":"<p align=\"justify\">MOLIBDENO SPECIAL ist ein Fl\u00fcssigd\u00fcnger speziell entwickelt zur Vorbeugung von Molybd\u00e4nmangel. MOLIBDENO SPECIAL wird schnell \u00fcber Bl\u00e4tter sowie auch \u00fcber Wurzel der Pflanzen aufgenommen. Charakteristische Symptome bei Molybd\u00e4nmangel sind: Entf\u00e4rbung und Missbildungen der Bl\u00e4tter, eine niedrige Produktion und wenige Blumen. Mangelerscheinungen zeigen sich zuerst  auf den \u00e4ltesten Bl\u00e4ttern mit Krauselkrankenheit und Nekrosen der Bl\u00e4tter. Kulturen anf\u00e4lliger f\u00fcr Molybd\u00e4nmangel sind: Kreuzbl\u00fctengew\u00e4chsen, K\u00fcrbisgew\u00e4chsen, H\u00fclsenfr\u00fcchte und einige Bl\u00fcmen (Weihnachtsstern, Rosen und Orchidee).<\/p>\n<p>&nbsp;<\/p>\n<p align=\"justify\"><strong>Zusammensetzung:<\/strong><\/br><br \/>\nMolybd\u00e4n (Mo) in Wasser l\u00f6slich 4,4%<br \/>\n<\/br>\n<\/p>\n<p><\/br><\/p>\n<p align=\"justify\"><strong>RATSCHL\u00c4GE F\u00dcR EINE FACHGERECHTE LAGERUNG: <\/strong>Das Produkt ist gut lagerf\u00e4hig bei einer Temperatur zwischen 4\u00b0C und 28 \u00b0C.<\/br><\/p>\n<p><img fetchpriority=\"high\" decoding=\"async\" src=\"https:\/\/www.tiller.it\/wp-content\/uploads\/2024\/02\/logo_bio_de.webp\" alt=\"\" width=\"299\" height=\"201\" class=\"alignnone size-full wp-image-588\" \/><\/p>\n","protected":false},"featured_media":2204,"template":"","meta":[],"product_cat":[116,109],"product_tag":[],"class_list":{"0":"post-1614","1":"product","2":"type-product","3":"status-publish","4":"has-post-thumbnail","6":"product_cat-9-molybdaenduenger","7":"product_cat-20-im-oekologischen-landbau-zugelassene-duengemittel","9":"entry","10":"has-media","12":"first","13":"instock","14":"shipping-taxable","15":"product-type-simple","16":"has-product-nav","17":"col","18":"span_1_of_4","19":"owp-content-center","20":"item-entry","21":"owp-thumbs-layout-horizontal","22":"owp-btn-normal","23":"owp-tabs-layout-horizontal","24":"has-no-thumbnails"},"_links":{"self":[{"href":"https:\/\/www.tiller.it\/de\/wp-json\/wp\/v2\/product\/1614","targetHints":{"allow":["GET"]}}],"collection":[{"href":"https:\/\/www.tiller.it\/de\/wp-json\/wp\/v2\/product"}],"about":[{"href":"https:\/\/www.tiller.it\/de\/wp-json\/wp\/v2\/types\/product"}],"wp:featuredmedia":[{"embeddable":true,"href":"https:\/\/www.tiller.it\/de\/wp-json\/wp\/v2\/media\/2204"}],"wp:attachment":[{"href":"https:\/\/www.tiller.it\/de\/wp-json\/wp\/v2\/media?parent=1614"}],"wp:term":[{"taxonomy":"product_cat","embeddable":true,"href":"https:\/\/www.tiller.it\/de\/wp-json\/wp\/v2\/product_cat?post=1614"},{"taxonomy":"product_tag","embeddable":true,"href":"https:\/\/www.tiller.it\/de\/wp-json\/wp\/v2\/product_tag?post=1614"}],"curies":[{"name":"wp","href":"https:\/\/api.w.org\/{rel}","templated":true}]}}