{"id":1616,"date":"2024-01-16T09:53:22","date_gmt":"2024-01-16T08:53:22","guid":{"rendered":"https:\/\/www.tiller.it\/prodotto\/ramchel\/"},"modified":"2024-02-06T10:29:49","modified_gmt":"2024-02-06T09:29:49","slug":"ramchel","status":"publish","type":"product","link":"https:\/\/www.tiller.it\/de\/produkt\/ramchel\/","title":{"rendered":"RAMCHEL"},"content":{"rendered":"<table class=\"tabella_prodotto\" style=\"border-collapse: separate;\" border=\"1\" width=\"100%\" cellspacing=\"0\" cellpadding=\"3\">\n<tbody>\n<tr>\n<td><strong><span style=\"color: #336600;\">Blattanwendung<\/span><\/strong><\/td>\n<td><strong><span style=\"color: #336600;\">Dosierung g\/hl Wasser<\/span><\/strong><\/td>\n<td><strong><span style=\"color: #336600;\">Dosierung pro Hektar<\/span><\/strong><\/td>\n<\/tr>\n<tr>\n<td class=\"testi\" width=\"50%\"  >\nObstplantagen, Reben und Kiwianbau<\/p>\n<\/td>\n<td width=\"25%\" >\n<p>\ng 30-50<\/p>\n<\/td>\n<td class=\"testi\" width=\"25%\"  >\ng 300-500<\/p>\n<\/td>\n<\/tr>\n<tr>\n<td class=\"testi\" width=\"50%\"  >\nZitrusfr\u00fcchte<\/p>\n<\/td>\n<td width=\"25%\" >\n<p>\ng 40-60<\/p>\n<\/td>\n<td class=\"testi\" width=\"25%\"  >\ng 500-600<\/p>\n<\/td>\n<\/tr>\n<tr>\n<td class=\"testi\" width=\"50%\"  >\nGem\u00fcseanbau<\/p>\n<\/td>\n<td width=\"25%\" >\n<p>\ng 30-40<\/p>\n<\/td>\n<td class=\"testi\" width=\"25%\"  >\ng 200-300<\/p>\n<\/td>\n<\/tr>\n<tr>\n<td class=\"testi\" width=\"50%\"  >\nBlumenanbau<\/p>\n<\/td>\n<td width=\"25%\" >\n<p>\ng 20-30<\/p>\n<\/td>\n<td class=\"testi\" width=\"25%\"  >\ng 150-200<\/p>\n<\/td>\n<\/tr>\n<tr>\n<td class=\"testi\" width=\"50%\"  >\nBaumschulen und Rasenteppiche<\/p>\n<\/td>\n<td width=\"25%\" >\n<p>\ng 40-50<\/p>\n<\/td>\n<td class=\"testi\" width=\"25%\"  >\ng 400-500<\/p>\n<\/td>\n<\/tr>\n<tr>\n<td class=\"testi\" width=\"50%\"  >\nIndustrieller Anbau von Futter-und Getreidepflanzen<\/p>\n<\/td>\n<td width=\"25%\" >\n<p>\ng 60-80<\/p>\n<\/td>\n<td class=\"testi\" width=\"25%\"  >\ng 500-600<\/p>\n<\/td>\n<\/tr>\n<\/tbody>\n<\/table>\n<p>RAMCHEL f\u00f6rdert den Abfall der Bl\u00e4tter, in der Dosierung 800-100 g\/Hektar. 2 Mal im Abstand von 10-15 Tagen wiederholen.<\/p>\n","protected":false},"excerpt":{"rendered":"<p align=\"justify\">RAMCHEL ist ein Trockend\u00fcnger aus Kupferbasis; Aufgrund seiner speziellen Formel wird das Produkt besonders schnell \u00fcber Bl\u00e4tter und Wurzel der Pflanzen aufgenommen. Kupfer ist f\u00fcr die Chlorophyll-Photosynthese erforderlich und hat dar\u00fcber hinaus eine katalysierende Wirkung in den Oxydo-Reduktive Prozesse. Charakteristische Symptome bei Kupfermangel sind: Gelbf\u00e4rbung der Pflanzen, mit Kurznotigkeit und Blattrollkrankheit der Internodien: normalerweise scheint sich diese Mangel im Boden reich an organischer Substanz oder im alkalischen Boden.<\/p>\n<p>&nbsp;<\/p>\n<p align=\"justify\"><strong> Zusammensetzung:<\/strong><\/br><br \/>\nKupfer (Cu) in Wasser l\u00f6slich 14,60%<\/br><br \/>\nKupferchelat (Cu) aus EDTA 14%<\/br><br \/>\n<\/br><br \/>\n<strong>Chelatbildner:<\/strong> EDTA<\/br><\/br><\/p>\n<p><strong>Ph-Bereich, der eine gute Stabilit\u00e4t des Chelatanteils gew\u00e4hrleistet:<\/strong> 4-10.\n<\/p>\n<p><\/br><\/p>\n<p><img fetchpriority=\"high\" decoding=\"async\" src=\"https:\/\/www.tiller.it\/wp-content\/uploads\/2024\/02\/logo_bio_de.webp\" alt=\"\" width=\"299\" height=\"201\" class=\"alignnone size-full wp-image-588\" \/><\/p>\n","protected":false},"featured_media":2240,"template":"","meta":[],"product_cat":[117,109],"product_tag":[],"class_list":{"0":"post-1616","1":"product","2":"type-product","3":"status-publish","4":"has-post-thumbnail","6":"product_cat-8-kupferduenger","7":"product_cat-20-im-oekologischen-landbau-zugelassene-duengemittel","9":"entry","10":"has-media","12":"first","13":"instock","14":"shipping-taxable","15":"product-type-simple","16":"has-product-nav","17":"col","18":"span_1_of_4","19":"owp-content-center","20":"item-entry","21":"owp-thumbs-layout-horizontal","22":"owp-btn-normal","23":"owp-tabs-layout-horizontal","24":"has-no-thumbnails"},"_links":{"self":[{"href":"https:\/\/www.tiller.it\/de\/wp-json\/wp\/v2\/product\/1616","targetHints":{"allow":["GET"]}}],"collection":[{"href":"https:\/\/www.tiller.it\/de\/wp-json\/wp\/v2\/product"}],"about":[{"href":"https:\/\/www.tiller.it\/de\/wp-json\/wp\/v2\/types\/product"}],"wp:featuredmedia":[{"embeddable":true,"href":"https:\/\/www.tiller.it\/de\/wp-json\/wp\/v2\/media\/2240"}],"wp:attachment":[{"href":"https:\/\/www.tiller.it\/de\/wp-json\/wp\/v2\/media?parent=1616"}],"wp:term":[{"taxonomy":"product_cat","embeddable":true,"href":"https:\/\/www.tiller.it\/de\/wp-json\/wp\/v2\/product_cat?post=1616"},{"taxonomy":"product_tag","embeddable":true,"href":"https:\/\/www.tiller.it\/de\/wp-json\/wp\/v2\/product_tag?post=1616"}],"curies":[{"name":"wp","href":"https:\/\/api.w.org\/{rel}","templated":true}]}}