{"id":1618,"date":"2024-01-16T10:17:40","date_gmt":"2024-01-16T09:17:40","guid":{"rendered":"https:\/\/www.tiller.it\/prodotto\/magnesio-1600\/"},"modified":"2024-02-06T10:36:04","modified_gmt":"2024-02-06T09:36:04","slug":"magnesio-1600","status":"publish","type":"product","link":"https:\/\/www.tiller.it\/de\/produkt\/magnesio-1600\/","title":{"rendered":"MAGNESIO 1600"},"content":{"rendered":"<table class=\"tabella_prodotto\" style=\"border-collapse: separate;\" border=\"1\" width=\"100%\" cellspacing=\"0\" cellpadding=\"3\">\n<tbody>\n<tr>\n<td colspan=\"3\"><strong>MAGNESIO 1600 auf dem Boden mit einer Dosierung von 150-200 Kg pro Hektar verwenden. Zur Fl\u00fcssigd\u00fcngung in der Dosierung 100-150 Kg pro Hektar.<\/strong><\/td>\n<\/tr>\n<tr>\n<td colspan=\"3\">\u00a0<strong><span style=\"color: #336600;\">Blattd\u00fcngung<\/span><\/strong><\/td>\n<\/tr>\n<tr>\n<td><strong><span style=\"color: #336600;\">Kultur<\/span><\/strong><\/td>\n<td><strong><span style=\"color: #336600;\">Dosierung g\/hl Wasser<\/span><\/strong><\/td>\n<td><strong><span style=\"color: #336600;\">Dosierung pro Hektar<\/span><\/strong><\/td>\n<\/tr>\n<tr>\n<td width=\"50%\" >\n<p>Obstplantagen, Reben und Zitrusfr\u00fcchte<\/p>\n<\/td>\n<td width=\"25%\" >\n<p>g 350-500 <\/p>\n<\/td>\n<td width=\"25%\" >\n<p>kg 4-6 <\/p>\n<\/td>\n<\/tr>\n<tr>\n<td width=\"50%\" >\n<p>Oliven und Kiwianbau<\/p>\n<\/td>\n<td width=\"25%\" >\n<p>g 300-350<\/p>\n<\/td>\n<td width=\"25%\" >\n<p>kg 3-4<\/p>\n<\/td>\n<\/tr>\n<tr>\n<td width=\"50%\" >\n<p>Gem\u00fcse und Erdbeeren<\/p>\n<\/td>\n<td width=\"25%\" >\n<p>g 250-300 <\/p>\n<\/td>\n<td width=\"25%\" >\n<p>kg 2-2,5 <\/p>\n<\/td>\n<\/tr>\n<tr>\n<td width=\"50%\" >\n<p>Melone, Wassermelone und K\u00fcrbis<\/p>\n<\/td>\n<td width=\"25%\" >\n<p>g 300-350 <\/p>\n<\/td>\n<td width=\"25%\" >\n<p>kg 3<\/p>\n<\/td>\n<\/tr>\n<tr>\n<td width=\"50%\" >\n<p>Blumenanbau<\/p>\n<\/td>\n<td width=\"25%\" >\n<p>g 250-300 <\/p>\n<\/td>\n<td width=\"25%\" >\n<p>kg 2<\/p>\n<\/td>\n<\/tr>\n<tr>\n<td width=\"50%\" >\n<p>Baumschulen und Rasenteppiche\n<\/p>\n<\/td>\n<td width=\"25%\" >\n<p>g 350-400<\/p>\n<\/td>\n<td width=\"25%\" >\n<p>kg 3-4<\/p>\n<\/td>\n<\/tr>\n<tr>\n<td width=\"50%\" >\n<p>Industrieller Anbau von Futter &#8211; und Getreidepflanzen\n<\/p>\n<\/td>\n<td width=\"25%\" >\n<p>g 250-300<\/p>\n<\/td>\n<td width=\"25%\" >\n<p>kg 2-3\n<\/p>\n<\/td>\n<\/tr>\n<\/tbody>\n<\/table>\n","protected":false},"excerpt":{"rendered":"<p align=\"justify\">MAGNESIO 1600 ist ein Trockerd\u00fcnger aus Magnesiumbasis hoher Reinheit und L\u00f6slichkeit. Magnesium in den Pflanzen ist ein sehr wichtiges Element; in der Tat ist es ein wichtiger Bestandteil des Chlorophyll; beitr\u00e4gt zur Bildung der Pigmente und unterst\u00fctzt die Synthese von Fetts\u00e4uren mit einer besseren Aufnahme von Phosphor und Kalium.<\/br><\/br><\/p>\n<p>Charakteristisches Symptom von Magnesiummangel ist eine Chlorose zwischen den Nerven aber  manchmal die Rotf\u00e4rbung ist ein weiteres Anzeichen f\u00fcr Magnesiummangel; Anfangs bef\u00e4llt sie nur die \u00e4ltesten Bl\u00e4tter, breitet sich dann aber auf die gesamte Vegetation der Pflanze aus. MAGNESIO 1600 eignet sich zur Vorbeugung von Still\u00e4hme bei Reben und Abfall bei Apfel.<\/p>\n<p>&nbsp;<\/p>\n<p align=\"justify\"><strong>Zusammensetzung:<\/strong><\/br><br \/>\nMagnesiumoxid (MgO) in Wasser l\u00f6slich 16%<\/br><br \/>\nPhosphordioxyd (SO3) in Wasser l\u00f6slich 30%<\/br><br \/>\n<\/br>\n<\/p>\n<p><img fetchpriority=\"high\" decoding=\"async\" src=\"https:\/\/www.tiller.it\/wp-content\/uploads\/2024\/02\/logo_bio_de.webp\" alt=\"\" width=\"299\" height=\"201\" class=\"alignnone size-full wp-image-588\" \/><\/p>\n","protected":false},"featured_media":2171,"template":"","meta":[],"product_cat":[118,109],"product_tag":[],"class_list":{"0":"post-1618","1":"product","2":"type-product","3":"status-publish","4":"has-post-thumbnail","6":"product_cat-10-magnesiumduenger","7":"product_cat-20-im-oekologischen-landbau-zugelassene-duengemittel","9":"entry","10":"has-media","12":"first","13":"instock","14":"shipping-taxable","15":"product-type-simple","16":"has-product-nav","17":"col","18":"span_1_of_4","19":"owp-content-center","20":"item-entry","21":"owp-thumbs-layout-horizontal","22":"owp-btn-normal","23":"owp-tabs-layout-horizontal","24":"has-no-thumbnails"},"_links":{"self":[{"href":"https:\/\/www.tiller.it\/de\/wp-json\/wp\/v2\/product\/1618","targetHints":{"allow":["GET"]}}],"collection":[{"href":"https:\/\/www.tiller.it\/de\/wp-json\/wp\/v2\/product"}],"about":[{"href":"https:\/\/www.tiller.it\/de\/wp-json\/wp\/v2\/types\/product"}],"wp:featuredmedia":[{"embeddable":true,"href":"https:\/\/www.tiller.it\/de\/wp-json\/wp\/v2\/media\/2171"}],"wp:attachment":[{"href":"https:\/\/www.tiller.it\/de\/wp-json\/wp\/v2\/media?parent=1618"}],"wp:term":[{"taxonomy":"product_cat","embeddable":true,"href":"https:\/\/www.tiller.it\/de\/wp-json\/wp\/v2\/product_cat?post=1618"},{"taxonomy":"product_tag","embeddable":true,"href":"https:\/\/www.tiller.it\/de\/wp-json\/wp\/v2\/product_tag?post=1618"}],"curies":[{"name":"wp","href":"https:\/\/api.w.org\/{rel}","templated":true}]}}