{"id":1620,"date":"2024-01-16T10:38:48","date_gmt":"2024-01-16T09:38:48","guid":{"rendered":"https:\/\/www.tiller.it\/prodotto\/magnesio-special-l\/"},"modified":"2024-02-06T10:42:52","modified_gmt":"2024-02-06T09:42:52","slug":"magnesio-special-l","status":"publish","type":"product","link":"https:\/\/www.tiller.it\/de\/produkt\/magnesio-special-l\/","title":{"rendered":"MAGNESIO SPECIAL L"},"content":{"rendered":"<table class=\"tabella_prodotto\" style=\"border-collapse: separate;\" border=\"1\" width=\"100%\" cellspacing=\"0\" cellpadding=\"3\">\n<tbody>\n<tr>\n<td colspan=\"3\">\u00a0<strong><span style=\"color: #336600;\">MAGNESIO SPECIAL L kann auch durch Bl\u00e4tter der Pflanzen schnell aufgenommen werden.<\/span><\/strong><\/td>\n<\/tr>\n<tr>\n<td><strong><span style=\"color: #336600;\">Blattanwendung<\/span><\/strong><\/td>\n<td><strong><span style=\"color: #336600;\">Dosierung g\/hl Wasser<\/span><\/strong><\/td>\n<td><strong><span style=\"color: #336600;\">Dosierung pro Hektar<\/span><\/strong><\/td>\n<\/tr>\n<tr>\n<td>\n<p><strong>Futterpflanzen<\/strong> 3-4 Anwendungen w\u00e4hrend des Kulturzyklus.<\/p>\n<\/td>\n<td>\n<p>g 200-300<\/p>\n<\/td>\n<td>\n<p>kg 3<\/p>\n<\/td>\n<\/tr>\n<tr align=\"left\">\n<td class=\"testi\" colspan=\"3\"><strong><em>Wir empfehlen Blattanwendungen bei allen Arten von \u00c4pfeln.<\/em><\/strong><\/td>\n<\/tr>\n<tr>\n<td class=\"testi\"><strong>Gr\u00e4serkulturen<\/strong> Anwendungen w\u00e4hrend des Kulturzyklus wiederholen.<\/td>\n<td class=\"testi\">g 150-200<\/td>\n<td>\n<p>kg 2<\/p>\n<\/td>\n<\/tr>\n<\/tbody>\n<\/table>\n<table class=\"tabella_prodotto\" style=\"border-collapse: separate;\" border=\"1\" width=\"100%\" cellspacing=\"0\" cellpadding=\"3\">\n<tbody>\n<tr>\n<td>\u00a0<strong><span style=\"color: #336600;\">FL\u00dcSSIGD\u00dcNGUNG<\/span><\/strong><\/td>\n<td>\u00a0<strong><span style=\"color: #336600;\">Empfohlene Dosierung<\/span><\/strong><\/td>\n<\/tr>\n<tr>\n<td class=\"testi\">Gem\u00fcseanbau und Erdbeeren<\/td>\n<td class=\"testi\">\n<p>1,5-2 pro 1000 Qm\n<\/p>\n<\/td>\n<\/tr>\n<tr>\n<td class=\"testi\">Blumenanbau<\/td>\n<td class=\"testi\" >\n<p>1-2 Kg pro 1000 Qm<\/p>\n<\/td>\n<\/tr>\n<tr>\n<td class=\"testi\">Pfirsisch und Kiwianbau<\/td>\n<td class=\"testi\">\n<p>15-20 Kg pro Hektar<\/p>\n<\/td>\n<\/tr>\n<tr>\n<td class=\"testi\">Apfel, Birne und Reben<\/td>\n<td class=\"testi\">\n<p>20-30 Kg pro Hektar<\/p>\n<\/td>\n<\/tr>\n<\/tbody>\n<\/table>\n","protected":false},"excerpt":{"rendered":"<p align=\"justify\">MAGNESIO SPECIAL L ist ein Fl\u00fcssigd\u00fcnger  auf Magnesiumbasis speziell entwickelt zur Vorbeugung und Bek\u00e4mpfung von Magnesiummangelerscheinungen. In MAGNESIO SPECIAL L befindet sich der Chelatbildner EDTA, der die Aufnahme des Produkts erleichtert und verbessert mit eine schnelle L\u00f6sung von allen Magnesiummangelerscheinungen.  Magnesium ist ein wichtiges Element im Chlorophyll und es ist notwendig f\u00fcr Zuckergehalt; au\u00dferdem Magnesium Special L erm\u00f6glicht die rasche Aufnahme von Phosphor und Kalium und beteiligt sich an der Synthese von Fetten. Magnesiummangel \u00e4u\u00dfert sich durch Chlorose zwischen den Nerven und durch R\u00f6tung der \u00e4ltesten Bl\u00e4tter der Pflanze.<\/p>\n<p>&nbsp;<\/p>\n<p align=\"justify\"><strong>Zusammensetzung:<\/strong><\/br><br \/>\nMagnesiumoxid (Mgo) in Wasser l\u00f6slich 6%<\/br><br \/>\nPhosphordioxyd (SO3) in Wasser l\u00f6slich 11%<br \/>\n<\/br>\n<\/p>\n<p><\/br><\/p>\n<p align=\"justify\"><strong>Ratschl\u00e4ge f\u00fcr eine Fachgerechte lagerung: <\/strong>Das Produkt ist gut lagerf\u00e4hig bei einer Temperatur zwischen 4\u00b0C und 30\u00b0C.<br \/>\n<\/br><\/p>\n","protected":false},"featured_media":2177,"template":"","meta":[],"product_cat":[118,109],"product_tag":[],"class_list":{"0":"post-1620","1":"product","2":"type-product","3":"status-publish","4":"has-post-thumbnail","6":"product_cat-10-magnesiumduenger","7":"product_cat-20-im-oekologischen-landbau-zugelassene-duengemittel","9":"entry","10":"has-media","12":"first","13":"instock","14":"shipping-taxable","15":"product-type-simple","16":"has-product-nav","17":"col","18":"span_1_of_4","19":"owp-content-center","20":"item-entry","21":"owp-thumbs-layout-horizontal","22":"owp-btn-normal","23":"owp-tabs-layout-horizontal","24":"has-no-thumbnails"},"_links":{"self":[{"href":"https:\/\/www.tiller.it\/de\/wp-json\/wp\/v2\/product\/1620","targetHints":{"allow":["GET"]}}],"collection":[{"href":"https:\/\/www.tiller.it\/de\/wp-json\/wp\/v2\/product"}],"about":[{"href":"https:\/\/www.tiller.it\/de\/wp-json\/wp\/v2\/types\/product"}],"wp:featuredmedia":[{"embeddable":true,"href":"https:\/\/www.tiller.it\/de\/wp-json\/wp\/v2\/media\/2177"}],"wp:attachment":[{"href":"https:\/\/www.tiller.it\/de\/wp-json\/wp\/v2\/media?parent=1620"}],"wp:term":[{"taxonomy":"product_cat","embeddable":true,"href":"https:\/\/www.tiller.it\/de\/wp-json\/wp\/v2\/product_cat?post=1620"},{"taxonomy":"product_tag","embeddable":true,"href":"https:\/\/www.tiller.it\/de\/wp-json\/wp\/v2\/product_tag?post=1620"}],"curies":[{"name":"wp","href":"https:\/\/api.w.org\/{rel}","templated":true}]}}