{"id":1622,"date":"2024-01-16T10:57:52","date_gmt":"2024-01-16T09:57:52","guid":{"rendered":"https:\/\/www.tiller.it\/prodotto\/calciomix\/"},"modified":"2024-02-06T10:50:14","modified_gmt":"2024-02-06T09:50:14","slug":"calciomix","status":"publish","type":"product","link":"https:\/\/www.tiller.it\/de\/produkt\/calciomix\/","title":{"rendered":"CALCIOMIX"},"content":{"rendered":"<table class=\"tabella_prodotto\" style=\"border-collapse: separate;\" border=\"1\" width=\"100%\" cellspacing=\"0\" cellpadding=\"3\">\n<tbody>\n<tr>\n<td><strong><span style=\"color: #336600;\">Blattanwendung<\/span><\/strong><\/td>\n<td><strong><span style=\"color: #336600;\">Dosierung g\/hl Wasser<\/span><\/strong><\/td>\n<td><strong><span style=\"color: #336600;\">Dosierung pro Hektar<\/span><\/strong><\/td>\n<\/tr>\n<tr>\n<td width=\"50%\" >\n<p>\n<strong>Reben (Stiell\u00e4hme)<\/strong><br \/>\nAnwendungen ab Abfallen der Bl\u00fctenbl\u00e4tter,<br \/>\nalle 15-20 Tage wiederholen, nach 20<br \/>\nTagen noch einmal wiederholen, letzte<br \/>\nAnwendung bei Fruchtf\u00e4rbung.<\/p>\n<\/td>\n<td width=\"25%\" >\n<p>g 400-600\n<\/p>\n<\/td>\n<td width=\"25%\" >\n<p>kg 5-6\n<\/p>\n<\/td>\n<\/tr>\n<tr>\n<td width=\"50%\" >\n<p>\n<strong>Melone (Blatt-und Stengelbr\u00e4une)<\/strong><br \/>\nAnwendung ab Fr\u00fcchte mit entwickeltem Stein, 4 Mal im Abstand von 10 Tagen wiederholen.<\/p>\n<\/td>\n<td width=\"25%\" >\n<p>\ng 700-1.000\n<\/p>\n<\/td>\n<td width=\"25%\" >\nkg 6-7\n<\/td>\n<\/tr>\n<tr>\n<td width=\"50%\" >\n<p>\n<strong>Tomate (Bl\u00fctenenf\u00e4ule)<\/strong><br \/>\nAb Fruchtansatz des ersten Quirls, 3-4 Mal alle 10 Tage wiederholen.<\/p>\n<\/td>\n<td width=\"25%\" ><span size=\"1\"><\/p>\n<p>g 400-600<\/p>\n<p><\/span><\/td>\n<td width=\"25%\" ><span size=\"1\"><br \/>\nkg 4-5 <\/p>\n<p><\/span><\/td>\n<\/tr>\n<tr>\n<td width=\"50%\" >\n<p>\n<strong>Kopfsalat und Gem\u00fcse (Blattbr\u00e4une)<\/strong><br \/>\nAnwendungen ab 7 Tage nach dem Umsetzen, 3-4 Mal jede Woche wiederholen.<\/p>\n<\/td>\n<td width=\"25%\" >\n<p>\ng 500-600\n<\/p>\n<\/td>\n<td width=\"25%\" >\n<p>\nkg 4\n<\/p>\n<\/td>\n<\/tr>\n<tr>\n<td colspan=\"1\" width=\"50%\" >\n<p>\n<strong>Apfel (Stippigkeit)<\/strong><br \/>\nAnwendungen ab 12 Tage nach der Bl\u00fcte, im Abstand von 15 Tagen wiederholen (mindestens 5-6 Anwendungen).<\/p>\n<\/td>\n<td colspan=\"1\" width=\"25%\" >\n<p>\ng 400-600\n<\/p>\n<\/td>\n<td colspan=\"1\" width=\"25%\" >\n<p>\nkg 5-6\n<\/p>\n<\/td>\n<\/tr>\n<\/tbody>\n<\/table>\n<p>Bei anderen Kulturen CALCIOMIX mit einer Dosierung von 300-400 g\/hl Wasser verwenden. CALCIOMIX in das Wasser in der empfohlenen Dosierung verd\u00fcnnen, mindestens 8-10 hl Wasser pro Hektar anwenden.<\/p>\n","protected":false},"excerpt":{"rendered":"<p align=\"justify\">CALCIOMIX ist ein D\u00fcnger mit einem hohen Magnesium-und Kalziumgehalt speziell entwickelt zur Vorbeugung und Bek\u00e4mpfung von Blatt-und Stengelbr\u00e4une bei Melone, Stiell\u00e4hme bei Reben, Bl\u00fctenendf\u00e4ule bei Tomate, Blattbr\u00e4une bei Kopfsalat und Stippigkeit bei Apfel.<\/br><\/br><\/p>\n<p>Aufgrund seiner speziellen Formel wird das Produkt besonders schnell von behandelten Pflanzen aufgenommen und dank seiner optimalen Verh\u00e4ltnis zwischen Kalzium und Magnesium ist CALCIOMIX ein Produkt speziell entwickelt, um alle Mangel vorzubeugen, die von einem unausgewogenen N\u00e4hrwert zwischen diesen zwei Elemente verursacht sind.<\/p>\n<p>&nbsp;<\/p>\n<p align=\"justify\"><strong>Zusammensetzung:<\/strong><\/br><br \/>\nKalziumoxid (CaO)in Wasser l\u00f6slich 10% <\/br><br \/>\nMagnesiumoxid (MgO) in Wasser l\u00f6slich 5%<br \/>\n<\/br>\n<\/p>\n<p><\/br><\/p>\n<p align=\"justify\"><strong>RATSCHL\u00c4GE F\u00dcR EINE FACHGERECHTE LAGERUNG: <\/strong>Das Produkt ist gut lagerf\u00e4hig bei einer Temperatur zwischen 4\u00b0C und 40 \u00b0C.<\/br><\/p>\n","protected":false},"featured_media":2111,"template":"","meta":[],"product_cat":[119],"product_tag":[],"class_list":{"0":"post-1622","1":"product","2":"type-product","3":"status-publish","4":"has-post-thumbnail","6":"product_cat-11-kalziumduenger","8":"entry","9":"has-media","11":"first","12":"instock","13":"shipping-taxable","14":"product-type-simple","15":"has-product-nav","16":"col","17":"span_1_of_4","18":"owp-content-center","19":"item-entry","20":"owp-thumbs-layout-horizontal","21":"owp-btn-normal","22":"owp-tabs-layout-horizontal","23":"has-no-thumbnails"},"_links":{"self":[{"href":"https:\/\/www.tiller.it\/de\/wp-json\/wp\/v2\/product\/1622","targetHints":{"allow":["GET"]}}],"collection":[{"href":"https:\/\/www.tiller.it\/de\/wp-json\/wp\/v2\/product"}],"about":[{"href":"https:\/\/www.tiller.it\/de\/wp-json\/wp\/v2\/types\/product"}],"wp:featuredmedia":[{"embeddable":true,"href":"https:\/\/www.tiller.it\/de\/wp-json\/wp\/v2\/media\/2111"}],"wp:attachment":[{"href":"https:\/\/www.tiller.it\/de\/wp-json\/wp\/v2\/media?parent=1622"}],"wp:term":[{"taxonomy":"product_cat","embeddable":true,"href":"https:\/\/www.tiller.it\/de\/wp-json\/wp\/v2\/product_cat?post=1622"},{"taxonomy":"product_tag","embeddable":true,"href":"https:\/\/www.tiller.it\/de\/wp-json\/wp\/v2\/product_tag?post=1622"}],"curies":[{"name":"wp","href":"https:\/\/api.w.org\/{rel}","templated":true}]}}