{"id":1624,"date":"2024-01-16T11:10:55","date_gmt":"2024-01-16T10:10:55","guid":{"rendered":"https:\/\/www.tiller.it\/prodotto\/butterstop\/"},"modified":"2024-02-06T10:53:12","modified_gmt":"2024-02-06T09:53:12","slug":"butterstop","status":"publish","type":"product","link":"https:\/\/www.tiller.it\/de\/produkt\/butterstop\/","title":{"rendered":"BUTTERSTOP"},"content":{"rendered":"<table class=\"tabella_prodotto\" style=\"border-collapse: separate;\" border=\"1\" width=\"100%\" cellspacing=\"0\" cellpadding=\"3\">\n<tbody>\n<tr>\n<td><strong><span style=\"color: #336600;\">Blattanwendung<\/span><\/strong><\/td>\n<td><strong><span style=\"color: #336600;\">Dosierung g\/hl Wasser<\/span><\/strong><\/td>\n<td><strong><span style=\"color: #336600;\">Dosierung pro Hektar<\/span><\/strong><\/td>\n<\/tr>\n<tr>\n<td class=\"testi\" width=\"50%\">\nApfelbaum (Stippigkeit)<br \/>\n<em>Mindestens 5 Anwendungen alle 12-15 Tagen, 10-15 Tage nach der Bl\u00fcte anfangen.<\/em><\/td>\n<td class=\"testi\" width=\"25%\" >g 700-1000<\/td>\n<td width=\"25%\">\n<p>kg 7-8<\/p>\n<\/td>\n<\/tr>\n<tr>\n<td class=\"testi\" width=\"50%\">Tomate (Bl\u00fctenendf\u00e4ule)<br \/>\n<em>Ab Fruchtansatz des ersten Quirls, alle 10-15 Tage wiederholen.<\/em><\/td>\n<td class=\"testi\" width=\"25%\">g 400-500<\/td>\n<td width=\"25%\">\n<p>kg 3,5-4 <\/p>\n<\/td>\n<\/tr>\n<tr>\n<td colspan=\"3\">\n<p>Bei Kulturen mit Kalziummangelerscheinungen BUTTERSTOP mit Dosierung 200-250 g\/hl Wasser verwe<\/p>\n<\/td>\n<\/tr>\n<\/tbody>\n<\/table>\n","protected":false},"excerpt":{"rendered":"<p align=\"justify\">BUTTERSTOP ist ein Fl\u00fcssigd\u00fcnger auf Kalziumbasis speziell entwickelt zur Vorbeugung von Stippigkeit bei \u00c4pfel, eine Physiopathologie, die zu erheblichen Qualit\u00e4tsproblemen f\u00fchrt. Kalzium ist ein Element, das besonders Schwierigkeiten hat, sich im Boden so wie innerhalb der Pflanzen zu bewegen, f\u00fcr diesen Grund wird es eine st\u00e4ndige Blattanwendung bei Pflanzen mit Kalziummangel n\u00f6twendig. <\/p>\n<p>&nbsp;<\/p>\n<p align=\"justify\"><strong> Zusammensetzung:<\/strong><\/br><br \/>\nKalziumoxid (CaO) in Wasser l\u00f6slich 15%<br \/>\n<\/br>\n<\/p>\n<p><\/br><\/p>\n<p align=\"justify\"><strong>RATSCHL\u00c4GE F\u00dcR EINE FACHGERECHTE LAGERUNG: <\/strong>Das Produkt ist gut lagerf\u00e4hig bei einer Temperatur zwischen 4\u00b0C und 35 \u00b0C.<br \/>\n<\/br>\n<\/p>\n<p><img fetchpriority=\"high\" decoding=\"async\" src=\"https:\/\/www.tiller.it\/wp-content\/uploads\/2024\/02\/logo_bio_de.webp\" alt=\"\" width=\"299\" height=\"201\" class=\"alignnone size-full wp-image-588\" \/><\/p>\n","protected":false},"featured_media":2102,"template":"","meta":[],"product_cat":[119,109],"product_tag":[],"class_list":{"0":"post-1624","1":"product","2":"type-product","3":"status-publish","4":"has-post-thumbnail","6":"product_cat-11-kalziumduenger","7":"product_cat-20-im-oekologischen-landbau-zugelassene-duengemittel","9":"entry","10":"has-media","12":"first","13":"instock","14":"shipping-taxable","15":"product-type-simple","16":"has-product-nav","17":"col","18":"span_1_of_4","19":"owp-content-center","20":"item-entry","21":"owp-thumbs-layout-horizontal","22":"owp-btn-normal","23":"owp-tabs-layout-horizontal","24":"has-no-thumbnails"},"_links":{"self":[{"href":"https:\/\/www.tiller.it\/de\/wp-json\/wp\/v2\/product\/1624","targetHints":{"allow":["GET"]}}],"collection":[{"href":"https:\/\/www.tiller.it\/de\/wp-json\/wp\/v2\/product"}],"about":[{"href":"https:\/\/www.tiller.it\/de\/wp-json\/wp\/v2\/types\/product"}],"wp:featuredmedia":[{"embeddable":true,"href":"https:\/\/www.tiller.it\/de\/wp-json\/wp\/v2\/media\/2102"}],"wp:attachment":[{"href":"https:\/\/www.tiller.it\/de\/wp-json\/wp\/v2\/media?parent=1624"}],"wp:term":[{"taxonomy":"product_cat","embeddable":true,"href":"https:\/\/www.tiller.it\/de\/wp-json\/wp\/v2\/product_cat?post=1624"},{"taxonomy":"product_tag","embeddable":true,"href":"https:\/\/www.tiller.it\/de\/wp-json\/wp\/v2\/product_tag?post=1624"}],"curies":[{"name":"wp","href":"https:\/\/api.w.org\/{rel}","templated":true}]}}