{"id":1626,"date":"2024-01-16T11:18:07","date_gmt":"2024-01-16T10:18:07","guid":{"rendered":"https:\/\/www.tiller.it\/prodotto\/calcium-tiller\/"},"modified":"2024-02-06T11:08:31","modified_gmt":"2024-02-06T10:08:31","slug":"calcium-tiller","status":"publish","type":"product","link":"https:\/\/www.tiller.it\/de\/produkt\/calcium-tiller\/","title":{"rendered":"CALCIUM TILLER"},"content":{"rendered":"<table class=\"tabella_prodotto\" style=\"border-collapse: separate;\" border=\"1\" width=\"100%\" cellspacing=\"0\" cellpadding=\"3\">\n<tbody>\n<tr>\n<td><strong><span style=\"color: #336600;\">Blattanwendung<\/span><\/strong><\/td>\n<td><strong><span style=\"color: #336600;\">Dosierung g\/hl Wasser<\/span><\/strong><\/td>\n<td><strong><span style=\"color: #336600;\">Dosierung pro Hektar<\/span><\/strong><\/td>\n<\/tr>\n<tr>\n<td class=\"testi\" width=\"50%\" >\nApfel (Stippigkeit)<br \/>\nMindestens 6 Anwendugen im Abstand<br \/>\nvon 12\/15 Tagen. Ab 12 Tage nach der Bl\u00fcte<\/td>\n<td width=\"25%\" >\n<p>g 400-450\n<\/p>\n<\/td>\n<td class=\"testi\" width=\"25%\"  >\nkg 5\n<\/td>\n<\/tr>\n<tr>\n<td class=\"testi\" width=\"50%\" >\nTomate (Bl\u00fctenenf\u00e4ule)<br \/>\nAb Fruchtansatz des ersten Quirls,<br \/>\nalle 10-15 Tage wiederholen.<\/td>\n<td width=\"25%\" >\n<p>g 300-350\n<\/p>\n<\/td>\n<td class=\"testi\" width=\"25%\"  >\nkg 3\n<\/td>\n<\/tr>\n<tr>\n<td class=\"testi\" width=\"50%\" >\nPfirsich (Fleischbr\u00e4une und Risse)<br \/>\nAb Fr\u00fcchte mit entwickeltem Stein, 3-4 Mal,<br \/>\nalle 12-15 Tage wiederholen.<\/td>\n<td width=\"25%\" >\n<p>g 300-350\n<\/p>\n<\/td>\n<td class=\"testi\" width=\"25%\"  >\nkg 3,5\n<\/td>\n<\/tr>\n<tr>\n<td class=\"testi\" width=\"50%\" >\nKiwianbau (Verbesserung der Haltbarkeit)<br \/>\nAnwendungen ab 12 Tage nach der Bl\u00fcte,<br \/>\n5-6 Mal alle 15 Tage wiederholen.\n<\/td>\n<td width=\"25%\" >\n<p>g 300-350\n<\/p>\n<\/td>\n<td class=\"testi\" width=\"25%\"  >\nkg 3,5-4\n<\/td>\n<\/tr>\n<tr>\n<td class=\"testi\" width=\"50%\" >\nKirsche (Verformung der Fr\u00fcchte)<br \/>\nAnwendungen ab 10 Tage nach der Bl\u00fcte,<br \/>\nmindestens 3-4 Anwendungen alle 10-12<br \/>\nTagen weiterf\u00fchren.<\/td>\n<td width=\"25%\" >\n<p>g 300-350\n<\/p>\n<\/td>\n<td class=\"testi\" width=\"25%\"  >\nkg 3\n<\/td>\n<\/tr>\n<tr>\n<td class=\"testi\" width=\"50%\" >\nGem\u00fcseanbau und Erdbeeren\n<\/td>\n<td width=\"25%\" >\n<p>g 250-300\n<\/p>\n<\/td>\n<td class=\"testi\" width=\"25%\"  >\nkg 2,5\n<\/td>\n<\/tr>\n<tr>\n<td class=\"testi\" width=\"50%\" >\nBlumenanbau\n<\/td>\n<td width=\"25%\" >\n<p>g 200-250\n<\/p>\n<\/td>\n<td class=\"testi\" width=\"25%\"  >\nkg 2\n<\/td>\n<\/tr>\n<tr>\n<td class=\"testi\" width=\"50%\" >\nObstplantagen und Reben\n<\/td>\n<td width=\"25%\" >\n<p>g 300-350\n<\/p>\n<\/td>\n<td class=\"testi\" width=\"25%\"  >\nkg 3,5-4<\/td>\n<\/tr>\n<\/tbody>\n<\/table>\n","protected":false},"excerpt":{"rendered":"<p align=\"justify\">Kalzium ist ein chemisches Element, das in der modernen Landwirtschaft eine \u00fcberaus wichtige Rolle spielt.  Kalkmangel oder Kalk in unzureichender Menge verursacht schwerwiegende Verluste in der Produktion. Je mehr der Anbau \u201cforciert\u201d ist, desto h\u00f6her ist der Bedarf an Kalk. Calcium Tiller ist ein Produkt, das eigens zur Verwendung f\u00fcr jene Kulturen konzipiert und realisiert wurde, die einen qualitativ hohen Standard bed\u00fcrfen und sich f\u00fcr eine optimale Haltbarkeit nach der Ernte eignen. Dank seiner speziellen Formel kann das Produkt durch Bl\u00e4tter sehr schnell innerhalb der Pflanzen transportiert werden und es kann auch zur Fl\u00fcssigd\u00fcngung bei Gem\u00fcse, Obstplantagen und Blumen angewandt werden. Magnesium in CALCIUM TILLER enth\u00e4lt sichert den behandelten Pflanzen eine bessere Aufnahme von Kalzium.<\/p>\n<p>&nbsp;<\/p>\n<p align=\"justify\"><strong>Zusammensetzung:<\/strong><\/br><br \/>\nKalziumoxid (CaO) in Wasser l\u00f6slich 14%<\/br><br \/>\nMagnesiumoxid (MgO) in Wasser l\u00f6slich 1%<br \/>\n<\/br>\n<\/p>\n<p><\/br><\/p>\n<p align=\"justify\"><strong>RATSCHL\u00c4GE F\u00dcR EINE FACHGERECHTE LAGERUNG: <\/strong>Das Produkt ist gut lagerf\u00e4hig bei einer Temperatur zwischen 4\u00b0C und 40 \u00b0C.<\/br><\/p>\n<p><img fetchpriority=\"high\" decoding=\"async\" src=\"https:\/\/www.tiller.it\/wp-content\/uploads\/2024\/02\/logo_bio_de.webp\" alt=\"\" width=\"299\" height=\"201\" class=\"alignnone size-full wp-image-588\" \/><\/p>\n","protected":false},"featured_media":2114,"template":"","meta":[],"product_cat":[119],"product_tag":[],"class_list":{"0":"post-1626","1":"product","2":"type-product","3":"status-publish","4":"has-post-thumbnail","6":"product_cat-11-kalziumduenger","8":"entry","9":"has-media","11":"first","12":"instock","13":"shipping-taxable","14":"product-type-simple","15":"has-product-nav","16":"col","17":"span_1_of_4","18":"owp-content-center","19":"item-entry","20":"owp-thumbs-layout-horizontal","21":"owp-btn-normal","22":"owp-tabs-layout-horizontal","23":"has-no-thumbnails"},"_links":{"self":[{"href":"https:\/\/www.tiller.it\/de\/wp-json\/wp\/v2\/product\/1626","targetHints":{"allow":["GET"]}}],"collection":[{"href":"https:\/\/www.tiller.it\/de\/wp-json\/wp\/v2\/product"}],"about":[{"href":"https:\/\/www.tiller.it\/de\/wp-json\/wp\/v2\/types\/product"}],"wp:featuredmedia":[{"embeddable":true,"href":"https:\/\/www.tiller.it\/de\/wp-json\/wp\/v2\/media\/2114"}],"wp:attachment":[{"href":"https:\/\/www.tiller.it\/de\/wp-json\/wp\/v2\/media?parent=1626"}],"wp:term":[{"taxonomy":"product_cat","embeddable":true,"href":"https:\/\/www.tiller.it\/de\/wp-json\/wp\/v2\/product_cat?post=1626"},{"taxonomy":"product_tag","embeddable":true,"href":"https:\/\/www.tiller.it\/de\/wp-json\/wp\/v2\/product_tag?post=1626"}],"curies":[{"name":"wp","href":"https:\/\/api.w.org\/{rel}","templated":true}]}}