{"id":1630,"date":"2024-01-16T13:43:34","date_gmt":"2024-01-16T12:43:34","guid":{"rendered":"https:\/\/www.tiller.it\/prodotto\/speedamin\/"},"modified":"2024-02-06T11:21:33","modified_gmt":"2024-02-06T10:21:33","slug":"speedamin","status":"publish","type":"product","link":"https:\/\/www.tiller.it\/de\/produkt\/speedamin\/","title":{"rendered":"SPEEDAMIN"},"content":{"rendered":"<table class=\"tabella_prodotto\" style=\"border-collapse: separate;\" border=\"1\" width=\"100%\" cellspacing=\"0\" cellpadding=\"3\">\n<tbody>\n<tr>\n<td><strong><span style=\"color: #336600;\">Blattanwendung<\/span><\/strong><\/td>\n<td><strong><span style=\"color: #336600;\">Dosierung g\/hl Wasser<\/span><\/strong><\/td>\n<td><strong><span style=\"color: #336600;\">Dosierung pro Hektar<\/span><\/strong><\/td>\n<\/tr>\n<tr>\n<td class=\"testi\" width=\"50%\" >\nObstplantagen, Zitrusfr\u00fcchte und Reben\n<\/td>\n<td width=\"25%\">\n<p>g 300-350<\/p>\n<\/td>\n<td class=\"testi\" width=\"25%\"  >\nKg 3<\/td>\n<\/tr>\n<tr>\n<td class=\"testi\" width=\"50%\" >\nOliven und Kiwianbau\n<\/td>\n<td width=\"25%\"  >\n<p>g 350-400<\/p>\n<\/td>\n<td class=\"testi\" width=\"25%\">kg 3,5<\/td>\n<\/tr>\n<tr>\n<td class=\"testi\" width=\"50%\" >Gem\u00fcseanbau und Erdbeeren<\/td>\n<td width=\"25%\"  >\n<p>g 250-300<\/p>\n<\/td>\n<td class=\"testi\" width=\"25%\">kg 2-2,5<\/td>\n<\/tr>\n<tr>\n<td class=\"testi\" width=\"50%\">Blumenanbau<\/td>\n<td width=\"25%\">\n<p>g 200-250<\/p>\n<\/td>\n<td class=\"testi\" width=\"25%\">kg 1,5-2<\/td>\n<\/tr>\n<tr>\n<td class=\"testi\" width=\"50%\" >\nBaumschulen und Rasenteppiche<\/td>\n<td width=\"25%\"  >\n<p>g 300-350<\/p>\n<\/td>\n<td class=\"testi\" width=\"25%\">\nkg 3<\/td>\n<\/tr>\n<tr>\n<td class=\"testi\" width=\"50%\" >\nIndustrieller Anbau von Futter-und Getreidepflanzen\n<\/td>\n<td width=\"25%\"  >\n<p>&#8211;<\/p>\n<\/p>\n<\/td>\n<td class=\"testi\" width=\"25%\">kg 4-6<\/td>\n<\/tr>\n<\/tbody>\n<\/table>\n","protected":false},"excerpt":{"rendered":"<p align=\"justify\">SPEEDAMIN ist ein organischer Fl\u00fcssigd\u00fcnger mit einem hohem Gehalt an Aminos\u00e4uren und Proteinen,der  von den neueren Forschungen auf dem Nahrunggebiet erstellt wurde. Die Aminos\u00e4uren wirken zahlreiche Funktionen auf Pflanzenmetabolismus, sie f\u00f6rdern die Photosynthese und die Entwicklung der Pflanze und sind eine sofort verf\u00fcgbare Riserve f\u00fcr die biosynthetischen Prozesse. Au\u00dferdem verbessern die Aminos\u00e4uren die Entwicklung der Wurzeln. Bei einer regelm\u00e4\u00dfigen Gabe von Aminos\u00e4uren werden die Pflanzen st\u00e4rker und wiederstandf\u00e4higer gegen Temperaturwechsel. Speedamin soll in den schwierigsten Phasen des Kulturzyklus angewandt werden (Hagelschl\u00e4ge, Temperaturwechsel, Umsetzen, \u00dcberproduktion).<\/p>\n<p>&nbsp;<\/p>\n<p align=\"justify\"><strong>Zusammensetzung:<\/strong><\/br><br \/>\nOrganischer Stickstoff (N) 6%<\/br><br \/>\nOrganischer l\u00f6slicher Stickstoff (N) 5,5%<\/br><br \/>\nOrganischer Kohlenstoff (C) organischen Ursprungs 21%<br \/>\n<\/br>\n<\/p>\n<p><\/br><\/p>\n<p align=\"justify\"><strong>RATSCHL\u00c4GE F\u00dcR EINE FACHGERECHTE LAGERUNG: <\/strong>Das Produkt ist gut lagerf\u00e4hig bei einer Temperatur zwischen 4\u00b0C und 35 \u00b0C.<\/br><\/p>\n<p><\/br><br \/>\n<img fetchpriority=\"high\" decoding=\"async\" src=\"https:\/\/www.tiller.it\/wp-content\/uploads\/2024\/02\/logo_bio_de.webp\" alt=\"\" width=\"299\" height=\"201\" class=\"alignnone size-full wp-image-588\" \/><\/p>\n","protected":false},"featured_media":2246,"template":"","meta":[],"product_cat":[121,109],"product_tag":[],"class_list":{"0":"post-1630","1":"product","2":"type-product","3":"status-publish","4":"has-post-thumbnail","6":"product_cat-14-organischer-duenger-mit-aminosaeuren","7":"product_cat-20-im-oekologischen-landbau-zugelassene-duengemittel","9":"entry","10":"has-media","12":"first","13":"instock","14":"shipping-taxable","15":"product-type-simple","16":"has-product-nav","17":"col","18":"span_1_of_4","19":"owp-content-center","20":"item-entry","21":"owp-thumbs-layout-horizontal","22":"owp-btn-normal","23":"owp-tabs-layout-horizontal","24":"has-no-thumbnails"},"_links":{"self":[{"href":"https:\/\/www.tiller.it\/de\/wp-json\/wp\/v2\/product\/1630","targetHints":{"allow":["GET"]}}],"collection":[{"href":"https:\/\/www.tiller.it\/de\/wp-json\/wp\/v2\/product"}],"about":[{"href":"https:\/\/www.tiller.it\/de\/wp-json\/wp\/v2\/types\/product"}],"wp:featuredmedia":[{"embeddable":true,"href":"https:\/\/www.tiller.it\/de\/wp-json\/wp\/v2\/media\/2246"}],"wp:attachment":[{"href":"https:\/\/www.tiller.it\/de\/wp-json\/wp\/v2\/media?parent=1630"}],"wp:term":[{"taxonomy":"product_cat","embeddable":true,"href":"https:\/\/www.tiller.it\/de\/wp-json\/wp\/v2\/product_cat?post=1630"},{"taxonomy":"product_tag","embeddable":true,"href":"https:\/\/www.tiller.it\/de\/wp-json\/wp\/v2\/product_tag?post=1630"}],"curies":[{"name":"wp","href":"https:\/\/api.w.org\/{rel}","templated":true}]}}