{"id":1632,"date":"2024-01-16T13:49:18","date_gmt":"2024-01-16T12:49:18","guid":{"rendered":"https:\/\/www.tiller.it\/prodotto\/biostarter\/"},"modified":"2024-02-06T11:26:35","modified_gmt":"2024-02-06T10:26:35","slug":"biostarter","status":"publish","type":"product","link":"https:\/\/www.tiller.it\/de\/produkt\/biostarter\/","title":{"rendered":"BIOSTARTER"},"content":{"rendered":"<table class=\"tabella_prodotto\" style=\"border-collapse: separate;\" border=\"1\" width=\"100%\" cellspacing=\"0\" cellpadding=\"3\">\n<tbody>\n<tr>\n<td>\u00a0<strong><span style=\"color: #336600;\">Fl\u00fcssigd\u00fcngung:<\/span><\/strong><\/td>\n<td>\u00a0<strong><span style=\"color: #336600;\">Dosierung<\/span><\/strong><\/td>\n<\/tr>\n<tr>\n<td class=\"testi\" >\n<strong>Obstplantagen, Zitrusfr\u00fcchte, Reben und Oliven<\/strong><\/td>\n<td class=\"testi\">kg 200-400 per ettaro<\/td>\n<\/tr>\n<tr>\n<td class=\"testi\"><strong>Gem\u00fcseanbau, Erdbeeren, Melone, Wassermelone und K\u00fcrbis<\/strong><\/td>\n<td class=\"testi\">kg 300-500 per ettaro<\/td>\n<\/tr>\n<tr>\n<td class=\"testi\"><strong>Baumschulen und Rasenteppiche<\/strong><\/td>\n<td class=\"testi\" >kg 300-400 per ettaro<\/td>\n<\/tr>\n<tr>\n<td colspan=\"2\" >\n<p>Die obigen Dosen sind w\u00e4hrend des Erntezyklus zu verteilen, indem die Gesamtdosis in 4-8 Verabreichungen aufgeteilt wird\n<\/p>\n<\/td>\n<\/tr>\n<tr>\n<td class=\"testi\" >\n<strong>Industrieller Anbau von Futter und Getreidepflanzen<\/strong><\/td>\n<td class=\"testi\">kg 100-200 per ettaro<\/td>\n<\/tr>\n<tr>\n<td colspan=\"2\" >\n<p>Vor der Aussaat oder unmittelbar nach der Aussaat direkt auf dem Boden verteilen<\/p>\n<\/td>\n<\/tr>\n<tr>\n<td colspan=\"2\" class=\"testi\">\n<strong>Blumenanbau: <\/strong>Zur Fl\u00fcssigd\u00fcngung die Dosierung ist 200-300 g\/hl Wasser.<\/td>\n<\/tr>\n<\/tbody>\n<\/table>\n","protected":false},"excerpt":{"rendered":"<p align=\"justify\">BIOSTARTER ist ein D\u00fcnger organischen Ursprungs, der sich f\u00fcr Kulturen mit ausgewogenen Stickstoff-und Kaliumbedarf eignet. Dank der hohen Nahrstoffekonzentration und einen hohen Gehalt an Aminos\u00e4uren ( Glutamins\u00e4ure, Alanin, Asparagins\u00e4ure, Glycin, Prolin, Arginin, Lysin, Valin, Serin, Phenylalanin, Isoleucin, Leucin, Tyrosin, Methionin, Threonin) ist Biostarter ein D\u00fcnger mit Breitbandwirkung in Landwirtschaft. Der organische Stoff im Boden beg\u00fcnstigt die Vermehrung der Mikroflora und der Mikrofauna und hat dar\u00fcber hinaus eine kolloidale Wirkung und verbindet sich mit Stoffen, die normalerweise ausgewaschen werden, im Besonderen stickstoffhaltige salpetrige Fraktionen.<\/br><\/br><\/p>\n<p>BIOSTARTER ist eine Zusammensetzung aus wertvollen Proteinen und Aminos\u00e4uren, die wichtige Funktionen aus\u00fcben, im Besonderen auf den Wurzelapparat der Pflanzen, und eine bessere Saugf\u00e4higkeit der N\u00e4hrstoffe in den im Boden zirkulierenden L\u00f6sungen beg\u00fcnstigen.\n<\/p>\n<p>&nbsp;<\/p>\n<p align=\"justify\"><strong>Zusammensetzung:<\/strong><\/br><br \/>\nOrganischer Stickstoff (N) 2,5%<\/br><br \/>\nKaliumoxid (K2O) in Wasser l\u00f6slich 4%<\/br><br \/>\nOrganischer Kohlenstoff (C) biologischen Ursprungs 10%<\/br>\n<\/p>\n<p><\/br><\/p>\n<p align=\"justify\"><strong>RATSCHL\u00c4GE F\u00dcR EINE FACHGERECHTE LAGERUNG: <\/strong>Das Produkt ist gut lagerf\u00e4hig bei einer Temperatur zwischen 4\u00b0C und 35 \u00b0C.<\/br><\/p>\n<p><img fetchpriority=\"high\" decoding=\"async\" src=\"https:\/\/www.tiller.it\/wp-content\/uploads\/2024\/02\/logo_bio_de.webp\" alt=\"\" width=\"299\" height=\"201\" class=\"alignnone size-full wp-image-588\" \/><\/p>\n","protected":false},"featured_media":2093,"template":"","meta":[],"product_cat":[121,109],"product_tag":[],"class_list":{"0":"post-1632","1":"product","2":"type-product","3":"status-publish","4":"has-post-thumbnail","6":"product_cat-14-organischer-duenger-mit-aminosaeuren","7":"product_cat-20-im-oekologischen-landbau-zugelassene-duengemittel","9":"entry","10":"has-media","12":"first","13":"instock","14":"shipping-taxable","15":"product-type-simple","16":"has-product-nav","17":"col","18":"span_1_of_4","19":"owp-content-center","20":"item-entry","21":"owp-thumbs-layout-horizontal","22":"owp-btn-normal","23":"owp-tabs-layout-horizontal","24":"has-no-thumbnails"},"_links":{"self":[{"href":"https:\/\/www.tiller.it\/de\/wp-json\/wp\/v2\/product\/1632","targetHints":{"allow":["GET"]}}],"collection":[{"href":"https:\/\/www.tiller.it\/de\/wp-json\/wp\/v2\/product"}],"about":[{"href":"https:\/\/www.tiller.it\/de\/wp-json\/wp\/v2\/types\/product"}],"wp:featuredmedia":[{"embeddable":true,"href":"https:\/\/www.tiller.it\/de\/wp-json\/wp\/v2\/media\/2093"}],"wp:attachment":[{"href":"https:\/\/www.tiller.it\/de\/wp-json\/wp\/v2\/media?parent=1632"}],"wp:term":[{"taxonomy":"product_cat","embeddable":true,"href":"https:\/\/www.tiller.it\/de\/wp-json\/wp\/v2\/product_cat?post=1632"},{"taxonomy":"product_tag","embeddable":true,"href":"https:\/\/www.tiller.it\/de\/wp-json\/wp\/v2\/product_tag?post=1632"}],"curies":[{"name":"wp","href":"https:\/\/api.w.org\/{rel}","templated":true}]}}