{"id":1636,"date":"2024-01-16T14:01:51","date_gmt":"2024-01-16T13:01:51","guid":{"rendered":"https:\/\/www.tiller.it\/prodotto\/biowinner\/"},"modified":"2024-02-06T11:34:03","modified_gmt":"2024-02-06T10:34:03","slug":"biowinner","status":"publish","type":"product","link":"https:\/\/www.tiller.it\/de\/produkt\/biowinner\/","title":{"rendered":"BIOWINNER"},"content":{"rendered":"<table class=\"tabella_prodotto\" style=\"border-collapse: separate;\" border=\"1\" width=\"100%\" cellspacing=\"0\" cellpadding=\"3\">\n<tbody>\n<tr>\n<td>\u00a0<strong><span style=\"color: #336600;\">Fl\u00fcssigd\u00fcngung:<\/span><\/strong><\/td>\n<\/tr>\n<tr>\n<td valign=\"top\" width=\"100%\">\n<p>*<strong>Kernobstgeh\u00f6lze, Steinobstgeh\u00f6lze, Kiwianbau, Reben, Zitrusfr\u00fcchte und Oliven: <\/strong>Kg 90-120 pro Hektar,<br \/>\nAnwendungen  4- 6 Mal, je nach Bedarf der Kultur wiederholen. (bei Jungpflanzen muss die Dosierung um 50% reduziert werden).<\/p>\n<p align=\"justify\"><strong>Blatt-und Obstgem\u00fcse: <\/strong> 70-100 kg pro Hektar, Anwendung 3-5 Mal im Abstand 8-12 Tagen, je nach Bedarf der Kultur wiederholen. <\/p>\n<p><strong>Obstbaumschulen: <\/strong>1.200 Kg pro Hektar bei Vorbereitung des Bodens.<\/p>\n<\/td>\n<\/tr>\n<\/tbody>\n<\/table>\n","protected":false},"excerpt":{"rendered":"<p align=\"justify\">BIOWINNER ist ein Fl\u00fcssigd\u00fcnger organischen Ursprungs, der eine nat\u00fcrliche N\u00e4hrung der Pflanzen erm\u00f6glicht; Biowinner enth\u00e4lt die gleichen D\u00fcnger-Elemente, die die Pflanze in der Natur finden w\u00fcrde. Die regelm\u00e4\u00dfige Gabe des Produkts bei Obstbau alle 15-20 Tage, w\u00e4hrend der vegetativen Phasen (von M\u00e4rz bis September) erm\u00f6glicht eine nat\u00fcrliche D\u00fcngung  der Pflanzen und garantiert  ein bestm\u00f6gliches Ernteergebnis an Qualit\u00e4t wie auch Quantit\u00e4t.\n<\/p>\n<p>&nbsp;<\/p>\n<p align=\"justify\"><strong>Zusammensetzung:<\/strong><\/br><br \/>\nOrganischer Stickstoff (N) 2%<\/br><br \/>\nKaliumoxid (K2O) in Wasser l\u00f6slich 4%<\/br><br \/>\nOrganischer  Kohlenstoff (C) nat\u00fcrlichen Ursprungs 10%<\/br>\n<\/p>\n<p><\/br><\/p>\n<p align=\"justify\"><strong>RATSCHL\u00c4GE F\u00dcR EINE FACHGERECHTE LAGERUNG: <\/strong>Das Produkt ist gut lagerf\u00e4hig bei einer Temperatur zwischen 4\u00b0C und 35 \u00b0C.<br \/>\n<\/br>\n<\/p>\n<p><\/br><\/p>\n<p style=\"color:red;\"><strong>PRODUKT NUR AUF ANFRAGE VERF\u00dcGBAR<\/strong> <\/br><\/p>\n<p><\/br><br \/>\n<img fetchpriority=\"high\" decoding=\"async\" src=\"https:\/\/www.tiller.it\/wp-content\/uploads\/2024\/02\/logo_bio_de.webp\" alt=\"\" width=\"299\" height=\"201\" class=\"alignnone size-full wp-image-588\" \/><\/p>\n","protected":false},"featured_media":2096,"template":"","meta":[],"product_cat":[121,109],"product_tag":[],"class_list":{"0":"post-1636","1":"product","2":"type-product","3":"status-publish","4":"has-post-thumbnail","6":"product_cat-14-organischer-duenger-mit-aminosaeuren","7":"product_cat-20-im-oekologischen-landbau-zugelassene-duengemittel","9":"entry","10":"has-media","12":"first","13":"instock","14":"shipping-taxable","15":"product-type-simple","16":"has-product-nav","17":"col","18":"span_1_of_4","19":"owp-content-center","20":"item-entry","21":"owp-thumbs-layout-horizontal","22":"owp-btn-normal","23":"owp-tabs-layout-horizontal","24":"has-no-thumbnails"},"_links":{"self":[{"href":"https:\/\/www.tiller.it\/de\/wp-json\/wp\/v2\/product\/1636","targetHints":{"allow":["GET"]}}],"collection":[{"href":"https:\/\/www.tiller.it\/de\/wp-json\/wp\/v2\/product"}],"about":[{"href":"https:\/\/www.tiller.it\/de\/wp-json\/wp\/v2\/types\/product"}],"wp:featuredmedia":[{"embeddable":true,"href":"https:\/\/www.tiller.it\/de\/wp-json\/wp\/v2\/media\/2096"}],"wp:attachment":[{"href":"https:\/\/www.tiller.it\/de\/wp-json\/wp\/v2\/media?parent=1636"}],"wp:term":[{"taxonomy":"product_cat","embeddable":true,"href":"https:\/\/www.tiller.it\/de\/wp-json\/wp\/v2\/product_cat?post=1636"},{"taxonomy":"product_tag","embeddable":true,"href":"https:\/\/www.tiller.it\/de\/wp-json\/wp\/v2\/product_tag?post=1636"}],"curies":[{"name":"wp","href":"https:\/\/api.w.org\/{rel}","templated":true}]}}