{"id":1646,"date":"2024-01-16T14:47:45","date_gmt":"2024-01-16T13:47:45","guid":{"rendered":"https:\/\/www.tiller.it\/prodotto\/ferrein-550\/"},"modified":"2024-02-06T13:52:09","modified_gmt":"2024-02-06T12:52:09","slug":"ferrein-550","status":"publish","type":"product","link":"https:\/\/www.tiller.it\/de\/produkt\/ferrein-550\/","title":{"rendered":"FERREIN 550"},"content":{"rendered":"<table class=\"tabella_prodotto\" style=\"border-collapse: separate;\" border=\"1\" width=\"100%\" cellspacing=\"0\" cellpadding=\"3\">\n<tbody>\n<tr>\n<td>\u00a0<strong><span style=\"color: #336600;\">Fl\u00fcssigd\u00fcngung<\/span><\/strong><\/td>\n<td><strong><span style=\"color: #336600;\">Empfohlene Dosierung<\/span><\/strong><\/td>\n<\/tr>\n<tr>\n<td width=\"50%\" >\n            <strong>Obstplantagen, Kiwianbau, Reben und Zitrusfr\u00fcchte:<br \/>\n            <\/strong>\n            <\/td>\n<td width=\"50%\"  >\n            <strong>&nbsp;<\/strong>\n            <\/td>\n<\/tr>\n<tr>\n<td width=\"50%\" >\n            &#8211; Jungpflanzen<br \/>\nRepeat 2-3 times during the crop cycle in relation to the needs of the crop\n            <\/td>\n<td width=\"50%\"  >\n            kg 10-15 pro Hektar\n            <\/td>\n<\/tr>\n<tr>\n<td width=\"50%\" >\n            &#8211; Ausgewachsene Pflanzen<br \/>\nRepeat 2-3 times during the crop cycle in relation to the needs of the crop\n            <\/td>\n<td width=\"50%\"  >\n            kg 15-30 pro Hektar\n            <\/td>\n<\/tr>\n<tr>\n<td width=\"50%\" >\n            <strong>Gem\u00fcseanbau:<\/strong>\n            <\/td>\n<td width=\"50%\"  >kg 15-30 pro Hektar<\/td>\n<\/tr>\n<tr>\n<td width=\"50%\" >\n            <strong>Gem\u00fcseanbau:<\/p>\n<p>            <\/strong>\n            <\/td>\n<td width=\"50%\"  >\n            Kg 15-30 pro Hektar<\/p>\n<\/td>\n<\/tr>\n<tr>\n<td width=\"50%\" >\n            <strong>Erdbeeren:<\/p>\n<p>            <\/strong>\n            <\/td>\n<td width=\"50%\"  >\n            Kg 20-40 pro Hektar<\/p>\n<\/td>\n<\/tr>\n<tr>\n<td width=\"50%\" >\n            <strong>Baumschulen und Rasenteppiche:<\/p>\n<p>            <\/strong>\n            <\/td>\n<td width=\"50%\"  >\n            Kg 20-40 pro Hektar<\/p>\n<\/td>\n<\/tr>\n<\/tbody>\n<\/table>\n<p>&nbsp;<\/p>\n<p align=\"justify\">\n<table class=\"tabella_prodotto\" style=\"border-collapse: separate;\" border=\"1\" width=\"100%\" cellspacing=\"0\" cellpadding=\"3\">\n<tbody>\n<tr>\n<td width=\"100%\" >\n            <strong>Blumenanbau:<\/strong> 60-120 g\/hl Wasser\n           <\/td>\n<\/tr>\n<tr>\n<td width=\"100%\" >\n             <strong>Gem\u00fcse, Melone, Wassermelone und K\u00fcrbis:<\/strong> Verwenden Sie in der Transplantationsphase FERREIN 550 in einer Dosis von 200-300 g pro hl Wasser, wobei diese L\u00f6sung den Boden um den jungen S\u00e4mling benetzt.\n            <\/td>\n<\/tr>\n<\/tbody>\n<\/table>\n<p>Wir empfehlen die Anwendung durch Beregnungsd\u00fcngung, Furchenzieher oder D\u00fcngelanze. Bei sehr trockenen B\u00f6den verwenden Sie eine gr\u00f6\u00dfere Menge von Wasser.<\/p>\n","protected":false},"excerpt":{"rendered":"<p align=\"justify\">FERREIN 550 ist ein D\u00fcnger, speziell entwickelt zur Bek\u00e4mpfung von Eisenchlorose. Vergilben der Bl\u00e4tter bei Birne, Pfirsich, Kiwianbau und Erdbeeren wird nicht allein durch Eisenmangel verursacht sondern durch Mehrfachmangel aus Eisen und Magnesium. FERREIN 550 enth\u00e4lt eine Mischung von Eisenchelat, Magnesium, Stickstoff und eine hohe Aminos\u00e4urenkonzentration.<\/br><\/br><\/p>\n<p>Dank seinem fl\u00fcssigen Form ist das Produkt sehr praktisch in der Benutzung, au\u00dferdem dank der optimalen Chelierung von Eisen und Magnesium mit Aminos\u00e4uren verbunden wird  FERREIN 550 ganz \u00fcber Wurzeln der Pflanzen aufgenommen.\n<\/p>\n<p>&nbsp;<\/p>\n<p align=\"justify\"><strong> Zusammensetzung: <\/strong><\/br><br \/>\nStickstoff (N) insgesamt 9%<\/br><br \/>\nOrganischer Stickstoff (N) 2%<\/br><br \/>\nNitratstickstoff (N) 3%<\/br><br \/>\nHarnstoffstickstoff (N) 4%<\/br><br \/>\nOrganischer Kohlenstoff biologischen Ursprungs 3%<\/br><br \/>\nMagnesiumoxid (MgO) in Wasser l\u00f6slich 4,5%<\/br><br \/>\nEisen in Wasser l\u00f6slich 1%<\/br><br \/>\nEisenchelat EDDHA (o-o) (Fe) aus EDDHA  0,7<\/br><\/br><\/p>\n<p><strong>Ph-Bereich, der eine gute Stabilit\u00e4t des Chelatanteils gew\u00e4hrleistet:<\/strong> 4-10.<\/br>\n<\/p>\n<p><\/br><\/p>\n<p align=\"justify\"><strong>RATSCHL\u00c4GE F\u00dcR EINE FACHGERECHTE LAGERUNG: <\/strong>Das Produkt ist gut lagerf\u00e4hig bei einer Temperatur zwischen 5\u00b0C und 30 \u00b0C.<br \/>\n<\/br><\/p>\n","protected":false},"featured_media":2123,"template":"","meta":[],"product_cat":[122],"product_tag":[],"class_list":{"0":"post-1646","1":"product","2":"type-product","3":"status-publish","4":"has-post-thumbnail","6":"product_cat-15-organischer-mineralduenger-mit-aminosaeuren","8":"entry","9":"has-media","11":"first","12":"instock","13":"shipping-taxable","14":"product-type-simple","15":"has-product-nav","16":"col","17":"span_1_of_4","18":"owp-content-center","19":"item-entry","20":"owp-thumbs-layout-horizontal","21":"owp-btn-normal","22":"owp-tabs-layout-horizontal","23":"has-no-thumbnails"},"_links":{"self":[{"href":"https:\/\/www.tiller.it\/de\/wp-json\/wp\/v2\/product\/1646","targetHints":{"allow":["GET"]}}],"collection":[{"href":"https:\/\/www.tiller.it\/de\/wp-json\/wp\/v2\/product"}],"about":[{"href":"https:\/\/www.tiller.it\/de\/wp-json\/wp\/v2\/types\/product"}],"wp:featuredmedia":[{"embeddable":true,"href":"https:\/\/www.tiller.it\/de\/wp-json\/wp\/v2\/media\/2123"}],"wp:attachment":[{"href":"https:\/\/www.tiller.it\/de\/wp-json\/wp\/v2\/media?parent=1646"}],"wp:term":[{"taxonomy":"product_cat","embeddable":true,"href":"https:\/\/www.tiller.it\/de\/wp-json\/wp\/v2\/product_cat?post=1646"},{"taxonomy":"product_tag","embeddable":true,"href":"https:\/\/www.tiller.it\/de\/wp-json\/wp\/v2\/product_tag?post=1646"}],"curies":[{"name":"wp","href":"https:\/\/api.w.org\/{rel}","templated":true}]}}