{"id":1648,"date":"2024-01-16T15:10:36","date_gmt":"2024-01-16T14:10:36","guid":{"rendered":"https:\/\/www.tiller.it\/prodotto\/superbios-liquido\/"},"modified":"2024-02-06T14:02:38","modified_gmt":"2024-02-06T13:02:38","slug":"superbios-liquido","status":"publish","type":"product","link":"https:\/\/www.tiller.it\/de\/produkt\/superbios-liquido\/","title":{"rendered":"SUPERBIOS LIQUIDO"},"content":{"rendered":"<table class=\"tabella_prodotto\" style=\"border-collapse: separate;\" border=\"1\" width=\"100%\" cellspacing=\"0\" cellpadding=\"3\">\n<tbody>\n<tr>\n<td colspan=\"4\">\u00a0<strong><span style=\"color: #336600;\">DOSIERUNG UND ANWENDUNGSMODALIT\u00c4TEN<\/span><\/strong><\/td>\n<\/tr>\n<tr>\n<td>\u00a0<strong><span style=\"color: #336600;\">Boden D\u00fcngung<\/span><\/strong><\/td>\n<td><strong><span style=\"color: #336600;\">Dosierung pro Hektar<\/span><\/strong><\/td>\n<\/tr>\n<tr>\n<td><strong>Kiwianbau<\/strong><br \/>\nVon Dezember bis Februar<\/td>\n<td>kg 500-600<\/td>\n<\/tr>\n<tr>\n<td><strong>Birne, Apfel und Pfirsich<\/strong><br \/>\nVon November bis Februar<\/td>\n<td>Kg 450-600<\/td>\n<\/tr>\n<tr>\n<td><strong>Blattgem\u00fcse<\/strong><br \/>\nBei Vorbereitung des Bodens<\/td>\n<td>Kg 600-750<\/td>\n<\/tr>\n<tr>\n<td><strong>Melone, Wasser Melone und Fruchtgem\u00fcse<\/strong><br \/>\nBei Vorbereitung des Bodens<\/td>\n<td>Kg 600-750<\/td>\n<\/tr>\n<tr>\n<td><strong>Obstbaumschulen<\/strong><br \/>\nBei Vorbereitung des Bodens<\/td>\n<td>Kg 1200-1500<\/td>\n<\/tr>\n<tr>\n<td><strong>Industrieller Anbau von Futter-und Getreidepflanzen<\/strong><br \/>\nBei Vorbereitung des Bodens<\/td>\n<td>Kg 300-450<\/td>\n<\/tr>\n<tr>\n<td><strong>Baumschulen<\/strong><br \/>\nVon November bis Januar<\/td>\n<td>Kg 600-900<\/td>\n<\/tr>\n<tr>\n<td><strong>Reben<\/strong><br \/>\nVon November bis Januar<\/td>\n<td>Kg 200-400<\/td>\n<\/tr>\n<tr>\n<td><strong>Spargel<\/strong><br \/>\nNeue Pflanzung: Bei Vorbereitung des Bodens<br \/>\n\u00c4ltere Pflanzung: im November<\/td>\n<td>Kg 1000-1200<br \/>\nKg 750-900<\/td>\n<\/tr>\n<\/tbody>\n<\/table>\n","protected":false},"excerpt":{"rendered":"<p align=\"justify\">SUPERBIOS LIQUIDO ist ein D\u00fcnger der Zusammensetzung geeignet f\u00fcr einen Herbst-und Winter D\u00fcngung bei Gem\u00fcse-und Obstanbau. Spurenelemente, Kalium und organischer Stickstoff in seiner Formel werden allm\u00e4hlich den Pflanzen abgegeben, je nach der Nahrbed\u00fcrfnissen der behandelten Pflanzen. Superbios Liquido charakterisiert durch einen h\u00f6heren Prozentsatz an organischer Substanz, die die Kennzeichnen des Bodens verbessert mit der Versorgung von Mikrobenflora, Aminos\u00e4uren und Humuss\u00e4uren, alle notwendige Substanzen, um Nahrstoffe im Boden zu transportieren, die normalerweise f\u00fcr die behandelten Pflanzen nicht verf\u00fcgbar sind.\n<\/p>\n<p>&nbsp;<\/p>\n<p align=\"justify\"><strong>Zusammensetzung:<\/strong><\/br><br \/>\nStickstoff (N)insgesamt 6%<\/br><br \/>\nOrganischer Stickstoff (N) 0,6%<\/br><br \/>\nHarnstoffstickstoff (N) 5,4%<\/br><br \/>\nKaliumoxid (K2O) in Wasser l\u00f6slich 6%<\/br><br \/>\nOrganischer Kohlenstoff (C) biologischen Ursprungs 3%<\/br><br \/>\nEisen (Fe) in Wasser l\u00f6slich 0,03%<\/br><br \/>\nEisenchelat (Fe) aus EDTA 0,03%<\/br><br \/>\nMangan (Mn) in Wasser l\u00f6slich 0,03%<\/br><br \/>\nManganchelat (Mn) aus EDTA 0,03%<\/br><br \/>\nZink (Zn) in Wasser l\u00f6slich 0,03%<\/br><br \/>\nZinkchelat (Zn) aus EDTA 0,03%<\/br><\/br><\/p>\n<p><strong>Ph-Bereich, der eine gute Stabilit\u00e4t des Chelatanteils gew\u00e4hrleistet:<\/strong> 4-10.<\/br>\n<\/p>\n<p><\/br><\/p>\n<p align=\"justify\"><strong>RATSCHL\u00c4GE F\u00dcR EINE FACHGERECHTE LAGERUNG: <\/strong>Das Produkt ist gut lagerf\u00e4hig bei einer Temperatur zwischen 3\u00b0C und 27 \u00b0C.<br \/>\n<\/br><\/p>\n","protected":false},"featured_media":2252,"template":"","meta":[],"product_cat":[122],"product_tag":[],"class_list":{"0":"post-1648","1":"product","2":"type-product","3":"status-publish","4":"has-post-thumbnail","6":"product_cat-15-organischer-mineralduenger-mit-aminosaeuren","8":"entry","9":"has-media","11":"first","12":"instock","13":"featured","14":"shipping-taxable","15":"product-type-simple","16":"has-product-nav","17":"col","18":"span_1_of_4","19":"owp-content-center","20":"item-entry","21":"owp-thumbs-layout-horizontal","22":"owp-btn-normal","23":"owp-tabs-layout-horizontal","24":"has-no-thumbnails"},"_links":{"self":[{"href":"https:\/\/www.tiller.it\/de\/wp-json\/wp\/v2\/product\/1648","targetHints":{"allow":["GET"]}}],"collection":[{"href":"https:\/\/www.tiller.it\/de\/wp-json\/wp\/v2\/product"}],"about":[{"href":"https:\/\/www.tiller.it\/de\/wp-json\/wp\/v2\/types\/product"}],"wp:featuredmedia":[{"embeddable":true,"href":"https:\/\/www.tiller.it\/de\/wp-json\/wp\/v2\/media\/2252"}],"wp:attachment":[{"href":"https:\/\/www.tiller.it\/de\/wp-json\/wp\/v2\/media?parent=1648"}],"wp:term":[{"taxonomy":"product_cat","embeddable":true,"href":"https:\/\/www.tiller.it\/de\/wp-json\/wp\/v2\/product_cat?post=1648"},{"taxonomy":"product_tag","embeddable":true,"href":"https:\/\/www.tiller.it\/de\/wp-json\/wp\/v2\/product_tag?post=1648"}],"curies":[{"name":"wp","href":"https:\/\/api.w.org\/{rel}","templated":true}]}}