{"id":1650,"date":"2024-01-17T08:51:55","date_gmt":"2024-01-17T07:51:55","guid":{"rendered":"https:\/\/www.tiller.it\/prodotto\/foliatill\/"},"modified":"2024-02-06T14:11:08","modified_gmt":"2024-02-06T13:11:08","slug":"foliatill","status":"publish","type":"product","link":"https:\/\/www.tiller.it\/de\/produkt\/foliatill\/","title":{"rendered":"FOLIATILL"},"content":{"rendered":"<table class=\"tabella_prodotto\" style=\"border-collapse: separate;\" border=\"1\" width=\"100%\" cellspacing=\"0\" cellpadding=\"3\">\n<tbody>\n<tr>\n<td><strong><span style=\"color: #336600;\">Blattanwendung<\/span><\/strong><\/td>\n<td><strong><span style=\"color: #336600;\">Dosierung g\/hl Wasser<\/span><\/strong><\/td>\n<td><strong><span style=\"color: #336600;\">Dosierung pro Hektar<\/span><\/strong><\/td>\n<\/tr>\n<tr>\n<td >\nObstplantagen, Zitrusf\u00fcchte und Reben\n<\/td>\n<td  align=\"center\">\ng 250-350\n<\/td>\n<td  align=\"center\">\nkg 3\n<\/td>\n<\/tr>\n<tr>\n<td >\nOliven\n<\/td>\n<td  align=\"center\">\ng 200-300<\/p>\n<\/td>\n<td  align=\"center\">\nkg 2,5 <\/p>\n<\/td>\n<\/tr>\n<tr>\n<td >\nKiwianbau<\/p>\n<\/td>\n<td  align=\"center\">\ng 300-400<\/p>\n<\/td>\n<td  align=\"center\">\nkg 3,5<\/p>\n<\/td>\n<\/tr>\n<tr>\n<td >\nGem\u00fcseanbau und Erdbeeren<\/p>\n<\/td>\n<td  align=\"center\">\ng 250-300<\/p>\n<\/td>\n<td  align=\"center\">\nkg 2,5<\/p>\n<\/td>\n<\/tr>\n<tr>\n<td >\nBaumschulen und Rasenteppiche<\/p>\n<\/td>\n<td  align=\"center\">\ng 300-350<\/p>\n<\/td>\n<td  align=\"center\">\nkg 3<\/p>\n<\/td>\n<\/tr>\n<tr>\n<td >\nIndustrieller Anbau von Futter-und Getreidepflanzen<\/p>\n<\/td>\n<td  align=\"center\">\n&#8211;<\/p>\n<\/td>\n<td  align=\"center\">\nKg 3-5<\/p>\n<\/td>\n<\/tr>\n<\/tbody>\n<\/table>\n","protected":false},"excerpt":{"rendered":"<p align=\"justify\">FOLIATILL ist ein D\u00fcnger mit hoher Stickstoffkonzentration, aktiviert mit Magnesium und Eisenchelat. Eisen und Magnesium mit Stickstoff verbunden regen die Chlorophyll-Synthese der behandelten Pflanzen an, und verschaffen den Pflanzen viele Vorteile:<\/br><br \/>\n&#8211; Vergr\u00f6\u00dferung der Fr\u00fcchte<\/br><br \/>\n&#8211; Stimulation der Pflanzen nach dem Umsetzen<\/br><br \/>\n&#8211; Kr\u00e4ftiger Pflanzen und gl\u00e4nzender Vegetation<\/br><br \/>\n&#8211; Erh\u00f6hung der Blattfl\u00e4che bei Blattgem\u00fcse<\/br><\/br><\/p>\n<p>FOLIATILL wird zur Blattanwendung und Bew\u00e4sserungsd\u00fcngung angewandt, bei allen Kulturen mit besonders Stickstoffbedarf, der \u00fcber Bl\u00e4tter und Wurzeln sofort aufgenommen werden kann.\n<\/p>\n<p>&nbsp;<\/p>\n<p align=\"justify\"><strong>Zusammensetzung:<\/strong><\/br><br \/>\nStickstoff (N) insgesamt 17%<\/br><br \/>\nAmmoniakstickstoff 4%<\/br><br \/>\nNitratstickstoff (N) 5%<\/br><br \/>\nHarnstoffstickstoff(N) 8%<\/br><br \/>\nEisen (Fe) in Wasser l\u00f6slich 0,6%<\/br><br \/>\nEisenchelat (Fe) mit EDTA 0,6%<\/br><br \/>\nMagnesiumoxid (MgO) in Wasser l\u00f6slich 2%<\/br>\n<\/p>\n<p><\/br><\/p>\n<p align=\"justify\"><strong>Ph-Bereich, der eine gute Stabilit\u00e4t des Chelatanteils gew\u00e4hrleistet:<\/strong> 3-6.<br \/>\n<\/br><\/p>\n","protected":false},"featured_media":2138,"template":"","meta":[],"product_cat":[123],"product_tag":[],"class_list":{"0":"post-1650","1":"product","2":"type-product","3":"status-publish","4":"has-post-thumbnail","6":"product_cat-16-einfache-fluessigduenger","8":"entry","9":"has-media","11":"first","12":"instock","13":"shipping-taxable","14":"product-type-simple","15":"has-product-nav","16":"col","17":"span_1_of_4","18":"owp-content-center","19":"item-entry","20":"owp-thumbs-layout-horizontal","21":"owp-btn-normal","22":"owp-tabs-layout-horizontal","23":"has-no-thumbnails"},"_links":{"self":[{"href":"https:\/\/www.tiller.it\/de\/wp-json\/wp\/v2\/product\/1650","targetHints":{"allow":["GET"]}}],"collection":[{"href":"https:\/\/www.tiller.it\/de\/wp-json\/wp\/v2\/product"}],"about":[{"href":"https:\/\/www.tiller.it\/de\/wp-json\/wp\/v2\/types\/product"}],"wp:featuredmedia":[{"embeddable":true,"href":"https:\/\/www.tiller.it\/de\/wp-json\/wp\/v2\/media\/2138"}],"wp:attachment":[{"href":"https:\/\/www.tiller.it\/de\/wp-json\/wp\/v2\/media?parent=1650"}],"wp:term":[{"taxonomy":"product_cat","embeddable":true,"href":"https:\/\/www.tiller.it\/de\/wp-json\/wp\/v2\/product_cat?post=1650"},{"taxonomy":"product_tag","embeddable":true,"href":"https:\/\/www.tiller.it\/de\/wp-json\/wp\/v2\/product_tag?post=1650"}],"curies":[{"name":"wp","href":"https:\/\/api.w.org\/{rel}","templated":true}]}}