{"id":1652,"date":"2024-01-17T09:03:39","date_gmt":"2024-01-17T08:03:39","guid":{"rendered":"https:\/\/www.tiller.it\/prodotto\/hp-50\/"},"modified":"2024-02-06T14:15:56","modified_gmt":"2024-02-06T13:15:56","slug":"hp-50","status":"publish","type":"product","link":"https:\/\/www.tiller.it\/de\/produkt\/hp-50\/","title":{"rendered":"HP 50"},"content":{"rendered":"","protected":false},"excerpt":{"rendered":"<p align=\"justify\">Phosphor ist ein Makroelement, das in den Verholzungprozess der Pflanzen angreift, so da\u00df Pflanzen gegen Witterungsverh\u00e4ltnisse und Parasiten widerstandf\u00e4higer werden. Phosphor ist wichtig f\u00fcr die Ausbildung von Wurzeln, Samen und Knollen und f\u00f6rdert die Vergr\u00f6\u00dferung der Fr\u00fcchte. In den letzten Jahren wurde HP 50 auch bei Hors-Sol Kulturen angewandt, um Ph-Wert der Kulturen zu niedrigen und gleichzeitig eine gro\u00dfe Mengen von Phosphor beizutragen, der \u00fcber Bl\u00e4tter und Wurzeln sofort aufgenommen werden k\u00f6nnte.<\/p>\n<p>&nbsp;<\/p>\n<p align=\"justify\"><strong>Zusammensetzung:<\/strong><\/br><br \/>\nPhosphorpentoxid (P205) insgesamt 50%<\/br><br \/>\nvon Orthophosphors\u00e4ure<\/p>\n<p><\/br><br \/>\n&nbsp;<\/p>\n<p align=\"justify\"><strong>RATSCHL\u00c4GE F\u00dcR EINE FACHGERECHTE LAGERUNG: <\/strong>Das Produkt ist gut lagerf\u00e4hig bei einer Temperatur zwischen 3\u00b0C und 40 \u00b0C.<\/p>\n","protected":false},"featured_media":2144,"template":"","meta":[],"product_cat":[123],"product_tag":[],"class_list":{"0":"post-1652","1":"product","2":"type-product","3":"status-publish","4":"has-post-thumbnail","6":"product_cat-16-einfache-fluessigduenger","8":"entry","9":"has-media","11":"first","12":"instock","13":"shipping-taxable","14":"product-type-simple","15":"has-product-nav","16":"col","17":"span_1_of_4","18":"owp-content-center","19":"item-entry","20":"owp-thumbs-layout-horizontal","21":"owp-btn-normal","22":"owp-tabs-layout-horizontal","23":"has-no-thumbnails"},"_links":{"self":[{"href":"https:\/\/www.tiller.it\/de\/wp-json\/wp\/v2\/product\/1652","targetHints":{"allow":["GET"]}}],"collection":[{"href":"https:\/\/www.tiller.it\/de\/wp-json\/wp\/v2\/product"}],"about":[{"href":"https:\/\/www.tiller.it\/de\/wp-json\/wp\/v2\/types\/product"}],"wp:featuredmedia":[{"embeddable":true,"href":"https:\/\/www.tiller.it\/de\/wp-json\/wp\/v2\/media\/2144"}],"wp:attachment":[{"href":"https:\/\/www.tiller.it\/de\/wp-json\/wp\/v2\/media?parent=1652"}],"wp:term":[{"taxonomy":"product_cat","embeddable":true,"href":"https:\/\/www.tiller.it\/de\/wp-json\/wp\/v2\/product_cat?post=1652"},{"taxonomy":"product_tag","embeddable":true,"href":"https:\/\/www.tiller.it\/de\/wp-json\/wp\/v2\/product_tag?post=1652"}],"curies":[{"name":"wp","href":"https:\/\/api.w.org\/{rel}","templated":true}]}}