{"id":1654,"date":"2024-01-17T09:15:18","date_gmt":"2024-01-17T08:15:18","guid":{"rendered":"https:\/\/www.tiller.it\/prodotto\/azoto-3000\/"},"modified":"2024-02-06T14:23:10","modified_gmt":"2024-02-06T13:23:10","slug":"azoto-3000","status":"publish","type":"product","link":"https:\/\/www.tiller.it\/de\/produkt\/azoto-3000\/","title":{"rendered":"AZOTO 3000"},"content":{"rendered":"<table class=\"tabella_prodotto\" style=\"border-collapse: separate;\" border=\"1\" width=\"100%\" cellspacing=\"0\" cellpadding=\"3\">\n<tbody>\n<tr>\n<td><strong><span style=\"color: #336600;\">Blattanwendung<\/span><\/strong><\/td>\n<td><strong><span style=\"color: #336600;\">Dosierung g\/hl Wasser<\/span><\/strong><\/td>\n<td><strong><span style=\"color: #336600;\">Dosierung pro Hektar<\/span><\/strong><\/td>\n<\/tr>\n<tr>\n<td class=\"testi\" >\nObstplantagen, Zitrusfr\u00fcchte und Reben\n<\/td>\n<td >\ng 250-300\n<\/td>\n<td class=\"testi\"  >\nkg 3\n<\/td>\n<\/tr>\n<tr>\n<td class=\"testi\" >\nOliven\n<\/td>\n<td >\ng 150-200\n<\/td>\n<td class=\"testi\"  >\nkg 2\n<\/td>\n<\/tr>\n<tr>\n<td class=\"testi\" >\nBlumenanbau\n<\/td>\n<td >\ng 100-150\n<\/td>\n<td class=\"testi\"  >\nkg 1,5\n<\/td>\n<\/tr>\n<tr>\n<td class=\"testi\" >\nGem\u00fcseanbau und Erdbeeren\n<\/td>\n<td >\ng 200-250\n<\/td>\n<td class=\"testi\">\nkg 2\n<\/td>\n<\/tr>\n<tr>\n<td class=\"testi\" >\nBaumschulen und Rasenteppiche\n<\/td>\n<td >\ng 200-250\n<\/td>\n<td class=\"testi\">\nkg 2,5\n<\/td>\n<\/tr>\n<tr>\n<td class=\"testi\" >\nIndustrieller Anbau von Futter-und Getreidepflanzen\n<\/td>\n<td>\n<\/td>\n<td class=\"testi\">\nkg 3-5\n<\/td>\n<\/tr>\n<\/tbody>\n<\/table>\n","protected":false},"excerpt":{"rendered":"<p align=\"justify\">Stickstoff ist ein sehr wichtiges Element f\u00fcr Pflanzen, der das vegetative Wachstum reguliert. AZOTO 3000 enth\u00e4lt alle Stickstoffformen (Nitrat-Ammonium-und Harnstoffstickstoff) und er eignet sich f\u00fcr alle Kulturen in den Zeiten st\u00e4rkster Aktivit\u00e4t und st\u00e4rken Wachstums der Pflanze. Stickstoff regt die Zellvermehrung und die Chlorophyll-Synthese an und er ist das wichtigste Makroelement; in der Tat kann Stickstoffmangel schwierige vegetative Probleme sowie Ertrage Probleme verursachen.<\/p>\n<p>&nbsp;<\/p>\n<p align=\"justify\"><strong>Zusammensetzung:<\/strong><\/br><br \/>\nStickstoff (N) insgesamt 30%<\/br><br \/>\nNitratstickstoff (N) 7,5%<\/br><br \/>\nAmmoniakstickstoff (N) 7,5%<\/br><br \/>\nHarnstoffstickstoff (N) 15%<\/p>\n<p><\/br><br \/>\n&nbsp;<\/p>\n<p align=\"justify\"><strong>RATSCHL\u00c4GE F\u00dcR EINE FACHGERECHTE LAGERUNG: <\/strong>Das Produkt ist gut lagerf\u00e4hig bei einer Temperatur zwischen 4\u00b0C und 40 \u00b0C.<\/p>\n<p><\/br><\/p>\n<p style=\"color:red;\"><strong>Produkt nur auf Anfrage verf\u00fcgbar<\/strong> <\/br><\/p>\n","protected":false},"featured_media":2090,"template":"","meta":[],"product_cat":[123],"product_tag":[],"class_list":{"0":"post-1654","1":"product","2":"type-product","3":"status-publish","4":"has-post-thumbnail","6":"product_cat-16-einfache-fluessigduenger","8":"entry","9":"has-media","11":"first","12":"instock","13":"shipping-taxable","14":"product-type-simple","15":"has-product-nav","16":"col","17":"span_1_of_4","18":"owp-content-center","19":"item-entry","20":"owp-thumbs-layout-horizontal","21":"owp-btn-normal","22":"owp-tabs-layout-horizontal","23":"has-no-thumbnails"},"_links":{"self":[{"href":"https:\/\/www.tiller.it\/de\/wp-json\/wp\/v2\/product\/1654","targetHints":{"allow":["GET"]}}],"collection":[{"href":"https:\/\/www.tiller.it\/de\/wp-json\/wp\/v2\/product"}],"about":[{"href":"https:\/\/www.tiller.it\/de\/wp-json\/wp\/v2\/types\/product"}],"wp:featuredmedia":[{"embeddable":true,"href":"https:\/\/www.tiller.it\/de\/wp-json\/wp\/v2\/media\/2090"}],"wp:attachment":[{"href":"https:\/\/www.tiller.it\/de\/wp-json\/wp\/v2\/media?parent=1654"}],"wp:term":[{"taxonomy":"product_cat","embeddable":true,"href":"https:\/\/www.tiller.it\/de\/wp-json\/wp\/v2\/product_cat?post=1654"},{"taxonomy":"product_tag","embeddable":true,"href":"https:\/\/www.tiller.it\/de\/wp-json\/wp\/v2\/product_tag?post=1654"}],"curies":[{"name":"wp","href":"https:\/\/api.w.org\/{rel}","templated":true}]}}