{"id":1656,"date":"2024-01-17T09:22:00","date_gmt":"2024-01-17T08:22:00","guid":{"rendered":"https:\/\/www.tiller.it\/prodotto\/potassio-3000\/"},"modified":"2024-02-06T14:28:14","modified_gmt":"2024-02-06T13:28:14","slug":"potassio-3000","status":"publish","type":"product","link":"https:\/\/www.tiller.it\/de\/produkt\/potassio-3000\/","title":{"rendered":"POTASSIO 3000"},"content":{"rendered":"<table class=\"tabella_prodotto\" style=\"border-collapse: separate;\" border=\"1\" width=\"100%\" cellspacing=\"0\" cellpadding=\"3\">\n<tbody>\n<tr>\n<td><strong><span style=\"color: #336600;\">Blattanwendung<\/span><\/strong><\/td>\n<td><strong><span style=\"color: #336600;\">Dosierung g\/hl Wasser<\/span><\/strong><\/td>\n<td><strong><span style=\"color: #336600;\">Dosierung pro Hektar<\/span><\/strong><\/td>\n<\/tr>\n<tr>\n<td class=\"testi\" >\nObstplantagen, Zitrusf\u00fcchte, Reben und Oliven<\/p>\n<\/td>\n<td >\n<p>g 250-300<\/p>\n<\/td>\n<td class=\"testi\"  >\n<p>kg 3<\/p>\n<\/td>\n<\/tr>\n<tr>\n<td class=\"testi\" >\nKiwianbau<\/p>\n<\/td>\n<td >\n<p>g 250-300<\/p>\n<\/td>\n<td class=\"testi\"  >\n<p>kg 3<\/p>\n<\/td>\n<\/tr>\n<tr>\n<td class=\"testi\" >\nGem\u00fcseanbau und Obstanbau<\/p>\n<\/td>\n<td >\n<p>g 150-200<\/p>\n<\/td>\n<td class=\"testi\"  >\n<p>kg 2<\/p>\n<\/td>\n<\/tr>\n<tr>\n<td class=\"testi\" >\nErdbeeren<\/p>\n<\/td>\n<td >\n<p>g 200-250<\/p>\n<\/td>\n<td class=\"testi\"  >\n<p>kg 2<\/p>\n<\/td>\n<\/tr>\n<tr>\n<td class=\"testi\" >\nBaumschulen und Rasenteppiche<\/p>\n<\/td>\n<td >\n<p>g 200-250<\/p>\n<\/td>\n<td class=\"testi\"  >\n<p>kg 2,5<\/p>\n<\/td>\n<\/tr>\n<tr>\n<td class=\"testi\" >\nIndustrieller Anbau von Futter-und Getreidepflanzen\n<\/td>\n<td >\n<p>&#8211;\n<\/td>\n<td class=\"testi\"  >\n<p>kg 3-5 <\/p>\n<\/td>\n<\/tr>\n<\/tbody>\n<\/table>\n","protected":false},"excerpt":{"rendered":"<p align=\"justify\">Potassium ist ein Makroelement, das an Chlorophyll-Photosynthese- Zucker und Proteine Prozess teilnimmt. Pflanzen behandelt mit Potassio 3000 sind st\u00e4rker und widerstandsf\u00e4higer gegen Sch\u00e4dlinge.<\/br><\/br><\/p>\n<p>Die Anwendung des Produkts bei Obstanbau verbessert die Farbe und Haltbarkeit der Pflanzen und bei Zierpflanzen verbessert die Farbe und den Duft der Bl\u00fctenbl\u00e4tter.<\/p>\n<p>&nbsp;<\/p>\n<p align=\"justify\"><strong>Zusammensetzung:<\/strong><\/br><br \/>\nKaliumoxid (K2O) in Wasser l\u00f6slich 30%\n<\/p>\n<p><\/br><\/p>\n<p align=\"justify\"><strong>RATSCHL\u00c4GE F\u00dcR EINE FACHGERECHTE LAGERUNG: <\/strong>Das Produkt ist gut lagerf\u00e4hig bei einer Temperatur zwischen 1\u00b0C und 40 \u00b0C.<\/p>\n<p><\/br><\/p>\n","protected":false},"featured_media":2231,"template":"","meta":[],"product_cat":[123],"product_tag":[],"class_list":{"0":"post-1656","1":"product","2":"type-product","3":"status-publish","4":"has-post-thumbnail","6":"product_cat-16-einfache-fluessigduenger","8":"entry","9":"has-media","11":"first","12":"instock","13":"shipping-taxable","14":"product-type-simple","15":"has-product-nav","16":"col","17":"span_1_of_4","18":"owp-content-center","19":"item-entry","20":"owp-thumbs-layout-horizontal","21":"owp-btn-normal","22":"owp-tabs-layout-horizontal","23":"has-no-thumbnails"},"_links":{"self":[{"href":"https:\/\/www.tiller.it\/de\/wp-json\/wp\/v2\/product\/1656","targetHints":{"allow":["GET"]}}],"collection":[{"href":"https:\/\/www.tiller.it\/de\/wp-json\/wp\/v2\/product"}],"about":[{"href":"https:\/\/www.tiller.it\/de\/wp-json\/wp\/v2\/types\/product"}],"wp:featuredmedia":[{"embeddable":true,"href":"https:\/\/www.tiller.it\/de\/wp-json\/wp\/v2\/media\/2231"}],"wp:attachment":[{"href":"https:\/\/www.tiller.it\/de\/wp-json\/wp\/v2\/media?parent=1656"}],"wp:term":[{"taxonomy":"product_cat","embeddable":true,"href":"https:\/\/www.tiller.it\/de\/wp-json\/wp\/v2\/product_cat?post=1656"},{"taxonomy":"product_tag","embeddable":true,"href":"https:\/\/www.tiller.it\/de\/wp-json\/wp\/v2\/product_tag?post=1656"}],"curies":[{"name":"wp","href":"https:\/\/api.w.org\/{rel}","templated":true}]}}