{"id":1660,"date":"2024-01-17T10:04:27","date_gmt":"2024-01-17T09:04:27","guid":{"rendered":"https:\/\/www.tiller.it\/prodotto\/idrofeed-30-5-10\/"},"modified":"2024-02-06T14:44:08","modified_gmt":"2024-02-06T13:44:08","slug":"idrofeed-30-5-10","status":"publish","type":"product","link":"https:\/\/www.tiller.it\/de\/produkt\/idrofeed-30-5-10\/","title":{"rendered":"IDROFEED 30-5-10"},"content":{"rendered":"<table class=\"tabella_prodotto\" style=\"border-collapse: separate;\" border=\"1\" width=\"100%\" cellspacing=\"0\" cellpadding=\"3\">\n<tbody>\n<tr>\n<td><strong><span style=\"color: #336600;\">Blattanwendung<\/span><\/strong><\/td>\n<td><strong><span style=\"color: #336600;\">Dosierung g\/hl Wasser<\/span><\/strong><\/td>\n<td><strong><span style=\"color: #336600;\">Dosierung pro Hektar<\/span><\/strong><\/td>\n<\/tr>\n<tr>\n<td class=\"testi\" >\nOBSTGARTEN UND KIWIANBAU\n<\/td>\n<td >\n<p>g 250-300<\/p>\n<\/td>\n<td class=\"testi\"  >\nkg 3<\/p>\n<\/td>\n<\/tr>\n<tr>\n<td class=\"testi\" >\nZITRUSFR\u00dcCHTE, REBEN UND OLIVEN<\/p>\n<\/td>\n<td >\n<p>g 300-350<\/p>\n<\/td>\n<td class=\"testi\"  >\nkg 3,5<\/p>\n<\/td>\n<\/tr>\n<tr>\n<td class=\"testi\" >\nGEM\u00dcSEANBAU<\/p>\n<\/td>\n<td >\n<p>g 200-250<\/td>\n<td class=\"testi\"  >\nkg 2<\/p>\n<\/td>\n<\/tr>\n<tr>\n<td class=\"testi\" >\nBLUMENANBAU<\/p>\n<\/td>\n<td >\n<p>g 150-200<\/p>\n<\/td>\n<td class=\"testi\"  >\nkg 1,5<\/p>\n<\/td>\n<\/tr>\n<tr>\n<td class=\"testi\" >\nERDBEEREN\n<\/td>\n<td >\n<p>g 200-250<\/p>\n<\/td>\n<td class=\"testi\"  >\nkg 2<\/p>\n<\/td>\n<\/tr>\n<tr>\n<td class=\"testi\" >\nBAUMSCHULEN UND RASENTEPPICHE\n<\/td>\n<td >\n<p>g 200-250<\/p>\n<\/td>\n<td class=\"testi\"  >\nkg 3<\/p>\n<\/td>\n<\/tr>\n<tr>\n<td class=\"testi\" >\nINDUSTRIELLER ANBAU VON FUTTER-UND GETREIDEPFLANZEN<\/p>\n<\/td>\n<td >\n<p>g 300-350<\/p>\n<\/td>\n<td class=\"testi\"  >\nkg 3-5<\/p>\n<\/td>\n<\/tr>\n<\/tbody>\n<\/table>\n","protected":false},"excerpt":{"rendered":"<p align=\"justify\">IDROFEED 30.5.10 ist ein Trockend\u00fcnger h\u00f6chster Reinheit, der speziell f\u00fcr Bew\u00e4sserungsd\u00fcngung von allen Kulturen entwickelt wurde. Durch die hohe Stickstoffkonzentration eignet sich das Produkt f\u00fcr die fr\u00fchen Phasen des Kulturzyklus. IDROFEED 30.5.10 ist ein aus reinsten technischen Salzen erzeugter D\u00fcnger und ist somit ein Produkt h\u00f6chster Qualit\u00e4t, das ganz und schnell von Pflanzen aufgenommen wird.<\/p>\n<p>&nbsp;<\/p>\n<p align=\"justify\"><strong>Zusammensetzung:<\/strong><\/br><br \/>\nStickstoff (N) insgesamt 30%<\/br><br \/>\nAmmoniakstickstoff (N) 1,2%<\/br><br \/>\nHarnstoffstickstoff (N) 28,80%<\/br><br \/>\nPhosphorpentoxid (P205) in Neutral-Ammoncitrat und in Wasser l\u00f6slich 5%<\/br><br \/>\nPhosphorpentoxid (P205) in Wasser l\u00f6slich 5%<\/br><br \/>\nKaliumoxid (K20) in Wasser l\u00f6slich 10%<\/br><br \/>\nEisen (Fe) in Wasser l\u00f6slich 0,03%<\/br><br \/>\nEisenchelat (Fe) mit EDTA 0,03%<\/br><br \/>\nMangan (Mn) in Wasser l\u00f6slich 0,02%<\/br><br \/>\nManganchelat (Mn) mit EDTA 0,02%<\/br><br \/>\nZink (Zn) in Wasser l\u00f6slich 0,01%<\/br>\n<\/p>\n<p><\/br><\/p>\n","protected":false},"featured_media":2168,"template":"","meta":[],"product_cat":[125],"product_tag":[],"class_list":{"0":"post-1660","1":"product","2":"type-product","3":"status-publish","4":"has-post-thumbnail","6":"product_cat-17-loesliche-trockenduenger-zur-bewaesserungsduengung","8":"entry","9":"has-media","11":"first","12":"instock","13":"shipping-taxable","14":"product-type-simple","15":"has-product-nav","16":"col","17":"span_1_of_4","18":"owp-content-center","19":"item-entry","20":"owp-thumbs-layout-horizontal","21":"owp-btn-normal","22":"owp-tabs-layout-horizontal","23":"has-no-thumbnails"},"_links":{"self":[{"href":"https:\/\/www.tiller.it\/de\/wp-json\/wp\/v2\/product\/1660","targetHints":{"allow":["GET"]}}],"collection":[{"href":"https:\/\/www.tiller.it\/de\/wp-json\/wp\/v2\/product"}],"about":[{"href":"https:\/\/www.tiller.it\/de\/wp-json\/wp\/v2\/types\/product"}],"wp:featuredmedia":[{"embeddable":true,"href":"https:\/\/www.tiller.it\/de\/wp-json\/wp\/v2\/media\/2168"}],"wp:attachment":[{"href":"https:\/\/www.tiller.it\/de\/wp-json\/wp\/v2\/media?parent=1660"}],"wp:term":[{"taxonomy":"product_cat","embeddable":true,"href":"https:\/\/www.tiller.it\/de\/wp-json\/wp\/v2\/product_cat?post=1660"},{"taxonomy":"product_tag","embeddable":true,"href":"https:\/\/www.tiller.it\/de\/wp-json\/wp\/v2\/product_tag?post=1660"}],"curies":[{"name":"wp","href":"https:\/\/api.w.org\/{rel}","templated":true}]}}