{"id":1664,"date":"2024-01-17T10:17:59","date_gmt":"2024-01-17T09:17:59","guid":{"rendered":"https:\/\/www.tiller.it\/prodotto\/idrofeed-18-11-27\/"},"modified":"2024-02-06T14:52:19","modified_gmt":"2024-02-06T13:52:19","slug":"idrofeed-18-11-27","status":"publish","type":"product","link":"https:\/\/www.tiller.it\/de\/produkt\/idrofeed-18-11-27\/","title":{"rendered":"IDROFEED 18-11-27"},"content":{"rendered":"<table class=\"tabella_prodotto\" style=\"border-collapse: separate;\" border=\"1\" width=\"100%\" cellspacing=\"0\" cellpadding=\"3\">\n<tbody>\n<tr>\n<td><strong><span style=\"color: #336600;\">Blattanwendung<\/span><\/strong><\/td>\n<td><strong><span style=\"color: #336600;\">Dosierung g\/hl Wasser<\/span><\/strong><\/td>\n<td><strong><span style=\"color: #336600;\">Dosierung pro Hektar<\/span><\/strong><\/td>\n<\/tr>\n<tr>\n<td class=\"testi\">\nOBSTGARTEN UND KIWIANBAU<\/td>\n<td>g 250-300<\/td>\n<td class=\"testi\"  >\nkg 3<\/td>\n<\/tr>\n<tr>\n<td class=\"testi\">ZITRUSFR\u00dcCHTE, REBEN UND OLIVEN<\/td>\n<td>g 300-350<\/td>\n<td class=\"testi\">kg 3,5<\/td>\n<\/tr>\n<tr>\n<td class=\"testi\">GEM\u00dcSEANBAU UND ERDBEEREN<\/td>\n<td>g 200-250<\/td>\n<td class=\"testi\">kg 2<\/td>\n<\/tr>\n<tr>\n<td class=\"testi\">BLUMENANBAU<\/td>\n<td>g 150-200<\/td>\n<td class=\"testi\">kg 1,5<\/td>\n<\/tr>\n<tr>\n<td class=\"testi\">\nBAUMSCHULEN UND RASENTEPPICHE<\/td>\n<td>g 200-250<\/td>\n<td class=\"testi\">kg 2,5<\/td>\n<\/tr>\n<tr>\n<td class=\"testi\">INDUSTRIELLER ANBAU VON FUTTER-UND GETREIDEPFLANZEN<\/td>\n<td>g 300-350<\/td>\n<td class=\"testi\">kg 3-5<\/td>\n<\/tr>\n<\/tbody>\n<\/table>\n","protected":false},"excerpt":{"rendered":"<p align=\"justify\">IDROFEED 18.11.27 ist ein Trockend\u00fcnger h\u00f6chster Reinheit, der speziell zur Bew\u00e4sserungsd\u00fcngung von allen Kulturen entwickelt wurde. Idrofeed 18.11.27 hat ein optimales Verh\u00e4ltnis von Stickstoff, Phosphor und Kalium und ist somit ein Produkt, das f\u00fcr alle Phasen des vegetativen Zyklus geeignet ist. Stickstoff reget die Zellvermehrung und die Chlorophyll-Photosynthese an, und verbessert die Gr\u00f6\u00dfe der Fr\u00fcchte. Dank Phosphor und Kalium werden die Pflanzen st\u00e4rker und widerstandf\u00e4higer gegen Sch\u00e4dlinge. Durch die hohe Kaliumkonzentration in Idrofeed 18.11.27 wird Farbe und Haltbarkeit der Fr\u00fcchte verbessert.<\/p>\n<p>&nbsp;<\/p>\n<p align=\"justify\"><strong>Zusammensetzung:<\/strong><\/br><br \/>\nStickstoff (N) insgesamt 18%<\/br><br \/>\nHarnstoffstickstoff (N) 18%<\/br><br \/>\nPhosphorpentoxid (P205) in Neutral-Ammoncitrat und in Wasser l\u00f6slich 11%<\/br><br \/>\nPhosphorpentoxid (P205) in Wasser l\u00f6slich 11%<\/br><br \/>\nKaliumoxid (K20) in Wasser l\u00f6slich 27%<\/br><br \/>\nEisen (Fe) in Wasser l\u00f6slich 0,02%<\/br><br \/>\nEisenchelat (Fe) mit EDTA 0,02%<\/br><br \/>\nMangan (Mn) in Wasser l\u00f6slich 0,01%<\/br><br \/>\nManganchelat (Mn) mit EDTA 0,01%<\/br><br \/>\nZink (Zn) in Wasser l\u00f6slich 0,01%<\/br><br \/>\nZinkchelat (Zn) mit EDTA 0,01%<\/br>\n<\/p>\n<p><\/br><\/p>\n","protected":false},"featured_media":2162,"template":"","meta":[],"product_cat":[125],"product_tag":[],"class_list":{"0":"post-1664","1":"product","2":"type-product","3":"status-publish","4":"has-post-thumbnail","6":"product_cat-17-loesliche-trockenduenger-zur-bewaesserungsduengung","8":"entry","9":"has-media","11":"first","12":"instock","13":"shipping-taxable","14":"product-type-simple","15":"has-product-nav","16":"col","17":"span_1_of_4","18":"owp-content-center","19":"item-entry","20":"owp-thumbs-layout-horizontal","21":"owp-btn-normal","22":"owp-tabs-layout-horizontal","23":"has-no-thumbnails"},"_links":{"self":[{"href":"https:\/\/www.tiller.it\/de\/wp-json\/wp\/v2\/product\/1664","targetHints":{"allow":["GET"]}}],"collection":[{"href":"https:\/\/www.tiller.it\/de\/wp-json\/wp\/v2\/product"}],"about":[{"href":"https:\/\/www.tiller.it\/de\/wp-json\/wp\/v2\/types\/product"}],"wp:featuredmedia":[{"embeddable":true,"href":"https:\/\/www.tiller.it\/de\/wp-json\/wp\/v2\/media\/2162"}],"wp:attachment":[{"href":"https:\/\/www.tiller.it\/de\/wp-json\/wp\/v2\/media?parent=1664"}],"wp:term":[{"taxonomy":"product_cat","embeddable":true,"href":"https:\/\/www.tiller.it\/de\/wp-json\/wp\/v2\/product_cat?post=1664"},{"taxonomy":"product_tag","embeddable":true,"href":"https:\/\/www.tiller.it\/de\/wp-json\/wp\/v2\/product_tag?post=1664"}],"curies":[{"name":"wp","href":"https:\/\/api.w.org\/{rel}","templated":true}]}}