{"id":1670,"date":"2024-01-17T10:42:48","date_gmt":"2024-01-17T09:42:48","guid":{"rendered":"https:\/\/www.tiller.it\/prodotto\/comodyt\/"},"modified":"2024-02-06T15:03:56","modified_gmt":"2024-02-06T14:03:56","slug":"comodyt","status":"publish","type":"product","link":"https:\/\/www.tiller.it\/de\/produkt\/comodyt\/","title":{"rendered":"COMODYT"},"content":{"rendered":"<table class=\"tabella_prodotto\" style=\"border-collapse: separate;\" border=\"1\" width=\"100%\" cellspacing=\"0\" cellpadding=\"3\">\n<tbody>\n<tr>\n<td class=\"testi\" >Es wird empfohlen 15-30 g pro 1000 Liter Wasser zu verwenden. Mit den folgenden Ratschl\u00e4ge erzielen Sie die besten Ergebnisse:<\/td>\n<\/tr>\n<tr>\n<td class=\"testi\" ><strong>1-<\/strong> F\u00fcllen Sie \u00be des Zerst\u00e4ubers mit Wasser <\/td>\n<\/tr>\n<tr>\n<td class=\"testi\" ><strong>2-<\/strong> F\u00fcgen die n\u00f6tigen Produkte f\u00fcr die Behandlung hinzu<\/td>\n<\/tr>\n<tr>\n<td class=\"testi\" ><strong>3-<\/strong> Zun\u00e4chst f\u00fcgen die geeignete Dosierung von Comodyt hinzu<\/td>\n<\/tr>\n<tr>\n<td class=\"testi\" ><strong>4-<\/strong> Erg\u00e4nzen die Anf\u00fcllung mit Wasser<\/td>\n<\/tr>\n<\/tbody>\n<\/table>\n","protected":false},"excerpt":{"rendered":"<p align=\"justify\">COMOYT ist ein Produkt mit einer hohen Silikonkonzentration, das in der Landwirtschaft zur Reduzierung des Schaums verwendet wird, der sich in den Zerst\u00e4ubern bildet, die die verschiedenen in dem spezifischen Sektor verwendeten L\u00f6sungen enthalten. Die Elemente in Comodyt enthalten, k\u00f6nnen den Schaum zersetzen und schnell entfernen; damit kann man nutzlose Zeitverluste des Bauers vermeiden. Comodyt ist das geeignete Produkt, um die verschiedenen Bed\u00fcrfnisse von einer modernen Landwirtschaft zu befriedigen, die immer mehr aufmerksam auf die Marktentwicklungen ist.<\/p>\n<p>&nbsp;<\/p>\n<p align=\"justify\"><strong>RATSCHL\u00c4GE F\u00dcR EINE FACHGERECHTE LAGERUNG:<\/strong><\/br><br \/>\nDas Produkt ist gut lagerf\u00e4hig bei einer Temperatur zwischen 3\u00b0C und 30 \u00b0C.<\/br>\n<\/p>\n<p><\/br><\/p>\n","protected":false},"featured_media":2117,"template":"","meta":[],"product_cat":[126],"product_tag":[],"class_list":{"0":"post-1670","1":"product","2":"type-product","3":"status-publish","4":"has-post-thumbnail","6":"product_cat-18-andere-produkte","8":"entry","9":"has-media","11":"first","12":"instock","13":"shipping-taxable","14":"product-type-simple","15":"has-product-nav","16":"col","17":"span_1_of_4","18":"owp-content-center","19":"item-entry","20":"owp-thumbs-layout-horizontal","21":"owp-btn-normal","22":"owp-tabs-layout-horizontal","23":"has-no-thumbnails"},"_links":{"self":[{"href":"https:\/\/www.tiller.it\/de\/wp-json\/wp\/v2\/product\/1670","targetHints":{"allow":["GET"]}}],"collection":[{"href":"https:\/\/www.tiller.it\/de\/wp-json\/wp\/v2\/product"}],"about":[{"href":"https:\/\/www.tiller.it\/de\/wp-json\/wp\/v2\/types\/product"}],"wp:featuredmedia":[{"embeddable":true,"href":"https:\/\/www.tiller.it\/de\/wp-json\/wp\/v2\/media\/2117"}],"wp:attachment":[{"href":"https:\/\/www.tiller.it\/de\/wp-json\/wp\/v2\/media?parent=1670"}],"wp:term":[{"taxonomy":"product_cat","embeddable":true,"href":"https:\/\/www.tiller.it\/de\/wp-json\/wp\/v2\/product_cat?post=1670"},{"taxonomy":"product_tag","embeddable":true,"href":"https:\/\/www.tiller.it\/de\/wp-json\/wp\/v2\/product_tag?post=1670"}],"curies":[{"name":"wp","href":"https:\/\/api.w.org\/{rel}","templated":true}]}}