{"id":1671,"date":"2024-01-17T10:51:35","date_gmt":"2024-01-17T09:51:35","guid":{"rendered":"https:\/\/www.tiller.it\/prodotto\/pulikappa\/"},"modified":"2024-02-06T15:07:44","modified_gmt":"2024-02-06T14:07:44","slug":"pulikappa","status":"publish","type":"product","link":"https:\/\/www.tiller.it\/de\/produkt\/pulikappa\/","title":{"rendered":"PULIKAPPA"},"content":{"rendered":"<table class=\"tabella_prodotto\" style=\"border-collapse: separate;\" border=\"1\" width=\"100%\" cellspacing=\"0\" cellpadding=\"3\">\n<tbody>\n<tr>\n<td><strong><span style=\"color: #336600;\">Blattanwendung<\/span><\/strong><\/td>\n<td><strong><span style=\"color: #336600;\">Dosierung g\/hl Wasser<\/span><\/strong><\/td>\n<td><strong><span style=\"color: #336600;\">Dosierung pro Hektar<\/span><\/strong><\/td>\n<\/tr>\n<tr>\n<td class=\"testi\" >\nObstplantage, Zitrusfr\u00fcchte und Reben<\/td>\n<td>\n<p>g 250-400<\/p>\n<\/td>\n<td class=\"testi\"  >\nkg 4-6<\/p>\n<\/td>\n<\/tr>\n<tr>\n<td class=\"testi\" >\nKiwianbau und Oliven<\/p>\n<\/td>\n<td  >\n<p>g 350-500<\/p>\n<\/td>\n<td class=\"testi\"  >\nkg 3-4<\/p>\n<\/td>\n<\/tr>\n<tr>\n<td class=\"testi\" >\nGem\u00fcseanbau und Erdbeeren<\/p>\n<\/td>\n<td  >\n<p>g 250-300<\/p>\n<\/td>\n<td class=\"testi\"  >\nkg 2<\/p>\n<\/td>\n<\/tr>\n<tr>\n<td class=\"testi\" >\nBaumschulen und Rasenteppiche<\/p>\n<\/td>\n<td  >\n<p>g 300-400<\/p>\n<\/td>\n<td class=\"testi\"  >\nkg 3-4<\/p>\n<\/td>\n<\/tr>\n<tr>\n<td class=\"testi\" >\nAnbau von Futter-und Getreidepflanzen\n<\/td>\n<td  >\n&#8211;\n<\/td>\n<td class=\"testi\"  >\nkg 4-6<\/p>\n<\/td>\n<\/tr>\n<tr>\n<td class=\"testi\" >\nZuckerr\u00fcbe und Tabak<\/p>\n<\/td>\n<td  >\n&#8211;\n<\/td>\n<td class=\"testi\"  >\nkg 5-8<\/p>\n<\/td>\n<\/tr>\n<\/tbody>\n<\/table>\n<p><\/br><\/p>\n<p>F\u00fcr die Aufl\u00f6sung von Honigtau aus Psylla Pyri und Bauml\u00e4use, die empfohlene Dosierung ist 800-1000 g\/Hl Wasser (f\u00fcr bessere Ergebnisse 18-20 Hl Wasser pro Hektar verwenden).<\/p>\n","protected":false},"excerpt":{"rendered":"<p align=\"justify\">PULIKAPPA ist  ein spezieller D\u00fcnger auf der Basis von Kaliumsalze mit Nahrung-und Wascheigenschaften. Die hohe Prozentsatz an Kalium f\u00f6rdert die organoleptischen Eigenschaften in Fr\u00fcchte und in Geweben und gleichzeitig  eventuelle Honigtau von Pflanzenfresser aufgel\u00f6st werden (Psylla pyri, Bauml\u00e4use). Pulikappa hat bei Anwendung zu den geeigneten Zeitpunkten zum Einen den Vorteil einer gut ausgewogenen Ern\u00e4hrung. Zum Anderen beseitigt es schnell die verschiedenen Honigtauarten, von denen sehr viele gez\u00fcchtete Sorten befallen werden. In diesem Fall wird empfohlen, reichlich Wasser zu verwenden, um die mechanische Aktion der L\u00f6sung selbst zu erleichtern; wir empfehlen die Anwendung bei Auftreten der esten Symptomen von Honigtau.<\/p>\n<p>&nbsp;<\/p>\n<p align=\"justify\"><strong>Zusammensetzung:<\/strong><\/br><br \/>\nKaliumoxid (K2O) in Wasser l\u00f6slich 10%<\/br>\n<\/p>\n<p><\/br><\/p>\n<p align=\"justify\"><strong>RATSCHL\u00c4GE F\u00dcR EINE FACHGERECHTE LAGERUNG: <\/strong>Das Produkt ist gut lagerf\u00e4hig bei einer Temperatur zwischen 5\u00b0C und 40 \u00b0C.<br \/>\n<\/br><\/p>\n","protected":false},"featured_media":2234,"template":"","meta":[],"product_cat":[126],"product_tag":[],"class_list":{"0":"post-1671","1":"product","2":"type-product","3":"status-publish","4":"has-post-thumbnail","6":"product_cat-18-andere-produkte","8":"entry","9":"has-media","11":"first","12":"instock","13":"shipping-taxable","14":"product-type-simple","15":"has-product-nav","16":"col","17":"span_1_of_4","18":"owp-content-center","19":"item-entry","20":"owp-thumbs-layout-horizontal","21":"owp-btn-normal","22":"owp-tabs-layout-horizontal","23":"has-no-thumbnails"},"_links":{"self":[{"href":"https:\/\/www.tiller.it\/de\/wp-json\/wp\/v2\/product\/1671","targetHints":{"allow":["GET"]}}],"collection":[{"href":"https:\/\/www.tiller.it\/de\/wp-json\/wp\/v2\/product"}],"about":[{"href":"https:\/\/www.tiller.it\/de\/wp-json\/wp\/v2\/types\/product"}],"wp:featuredmedia":[{"embeddable":true,"href":"https:\/\/www.tiller.it\/de\/wp-json\/wp\/v2\/media\/2234"}],"wp:attachment":[{"href":"https:\/\/www.tiller.it\/de\/wp-json\/wp\/v2\/media?parent=1671"}],"wp:term":[{"taxonomy":"product_cat","embeddable":true,"href":"https:\/\/www.tiller.it\/de\/wp-json\/wp\/v2\/product_cat?post=1671"},{"taxonomy":"product_tag","embeddable":true,"href":"https:\/\/www.tiller.it\/de\/wp-json\/wp\/v2\/product_tag?post=1671"}],"curies":[{"name":"wp","href":"https:\/\/api.w.org\/{rel}","templated":true}]}}