{"id":1676,"date":"2024-01-17T10:56:53","date_gmt":"2024-01-17T09:56:53","guid":{"rendered":"https:\/\/www.tiller.it\/prodotto\/acidill\/"},"modified":"2024-02-06T15:14:58","modified_gmt":"2024-02-06T14:14:58","slug":"acidill","status":"publish","type":"product","link":"https:\/\/www.tiller.it\/de\/produkt\/acidill\/","title":{"rendered":"ACIDILL"},"content":{"rendered":"<p>Acidill wird durchschnittlich von 60 bis 120 g\/hl Wasser im Verh\u00e4ltnis zum Ph und zum Gehalt an Bikarbonaten im Ausgangswasser verwendet. Wir f\u00fchren einige Tabellen auf, die die Wirkung von ACIDILL hervorheben. Ausgangspunkt sind Wassersorten mit unterschiedlichem Ph. Die angef\u00fchrten Beispiele verstehen sich einzig und allein als richtungsweisend. Vor Verwendung des Produkts wird empfohlen,  eine Wasseranalyse  durchzuf\u00fchren.<\/p>\n<p>Absenkung des pH-Werts von 7,5 bis 6,3 &#8211; 60 Ml\/hl Wasser<br \/>\nAbsenkung des pH-Werts von 8 bis 6 &#8211; 100 Ml\/hl Wasser<br \/>\nAbsenkung des pH-Werts von 7,5 bis 6,1 &#8211; 80 Ml\/hl Wasser<br \/>\nAbsenkung des pH-Werts von 7 bis 6,3 &#8211; 40 Ml\/hl Wasser<\/p>\n<p>(1 ml = 1,2 g von Produkt)<\/p>\n<h4>Die in der Tabelle aufgef\u00fchrten Dosen beziehen sich auf ml Acidill je Liter Wasser<\/h4>\n<h4>1 Ml = 1,2 von Produkt<\/h4>\n<table class=\"tabella_prodotto\" style=\"border-collapse: separate;\" border=\"1\" width=\"100%\" cellspacing=\"0\" cellpadding=\"3\">\n<tbody>\n<tr>\n<td class=\"testi\" ><span size=\"1\">von pH 8,5<\/span><\/td>\n<td class=\"testi\" ><span size=\"1\">von pH 8,5<\/span><\/td>\n<td class=\"testi\" ><span size=\"1\">von pH 8,0<\/span><\/td>\n<td class=\"testi\" ><span size=\"1\">von pH 8,0<\/span><\/td>\n<td class=\"testi\" ><span size=\"1\">von pH 7,5<\/span><\/td>\n<td class=\"testi\" ><span size=\"1\">von pH 7,5<\/span><\/td>\n<td class=\"testi\" ><span size=\"1\">von pH 7,0<\/span><\/td>\n<td class=\"testi\" ><span size=\"1\">von pH 7,0<\/span><\/td>\n<\/tr>\n<tr>\n<td class=\"testi\" ><span size=\"1\">ml<\/span><\/td>\n<td class=\"testi\" ><span size=\"1\">pH<\/span><\/td>\n<td class=\"testi\" ><span size=\"1\">ml<\/span><\/td>\n<td class=\"testi\" ><span size=\"1\">pH<\/span><\/td>\n<td class=\"testi\" ><span size=\"1\">ml<\/span><\/td>\n<td class=\"testi\" ><span size=\"1\">pH<\/span><\/td>\n<td class=\"testi\" ><span size=\"1\">ml<\/span><\/td>\n<td class=\"testi\" ><span size=\"1\">pH<\/span><\/td>\n<\/tr>\n<tr>\n<td class=\"testi\" ><span size=\"1\">0,0<\/span><\/td>\n<td class=\"testi\" ><span size=\"1\">8,5<\/span><\/td>\n<td class=\"testi\" ><span size=\"1\">0,0<\/span><\/td>\n<td class=\"testi\" ><span size=\"1\">8,0<\/span><\/td>\n<td class=\"testi\" ><span size=\"1\">0,0<\/span><\/td>\n<td class=\"testi\" ><span size=\"1\">7,5<\/span><\/td>\n<td class=\"testi\" ><span size=\"1\">0,0<\/span><\/td>\n<td class=\"testi\" ><span size=\"1\">7,0<\/span><\/td>\n<\/tr>\n<tr>\n<td class=\"testi\" ><span size=\"1\">0,2<\/span><\/td>\n<td class=\"testi\" ><span size=\"1\">7,1<\/span><\/td>\n<td class=\"testi\" ><span size=\"1\">0,2<\/span><\/td>\n<td class=\"testi\" ><span size=\"1\">6,9<\/span><\/td>\n<td class=\"testi\" ><span size=\"1\">0,2<\/span><\/td>\n<td class=\"testi\" ><span size=\"1\">6,8<\/span><\/td>\n<td class=\"testi\" ><span size=\"1\">0,2<\/span><\/td>\n<td class=\"testi\" ><span size=\"1\">6,4<\/span><\/td>\n<\/tr>\n<tr>\n<td class=\"testi\" ><span size=\"1\">0,4<\/span><\/td>\n<td class=\"testi\" ><span size=\"1\">6,6<\/span><\/td>\n<td class=\"testi\" ><span size=\"1\">0,4<\/span><\/td>\n<td class=\"testi\" ><span size=\"1\">6,8<\/span><\/td>\n<td class=\"testi\" ><span size=\"1\">0,4<\/span><\/td>\n<td class=\"testi\" ><span size=\"1\">6,5<\/span><\/td>\n<td class=\"testi\" ><span size=\"1\">0,4<\/span><\/td>\n<td class=\"testi\" ><span size=\"1\">6,3<\/span><\/td>\n<\/tr>\n<tr>\n<td class=\"testi\" ><span size=\"1\">0,6<\/span><\/td>\n<td class=\"testi\" ><span size=\"1\">6,4<\/span><\/td>\n<td class=\"testi\" ><span size=\"1\">0,6<\/span><\/td>\n<td class=\"testi\" ><span size=\"1\">6,4<\/span><\/td>\n<td class=\"testi\" ><span size=\"1\">0,6<\/span><\/td>\n<td class=\"testi\" ><span size=\"1\">6,3<\/span><\/td>\n<td class=\"testi\" ><span size=\"1\">0,6<\/span><\/td>\n<td class=\"testi\" ><span size=\"1\">6,1<\/span><\/td>\n<\/tr>\n<tr>\n<td class=\"testi\" ><span size=\"1\">0,8<\/span><\/td>\n<td class=\"testi\" ><span size=\"1\">6,2<\/span><\/td>\n<td class=\"testi\" ><span size=\"1\">0,8<\/span><\/td>\n<td class=\"testi\" ><span size=\"1\">6,2<\/span><\/td>\n<td class=\"testi\" ><span size=\"1\">0,8<\/span><\/td>\n<td class=\"testi\" ><span size=\"1\">6,1<\/span><\/td>\n<td class=\"testi\" ><span size=\"1\">0,8<\/span><\/td>\n<td class=\"testi\" ><span size=\"1\">6,0<\/span><\/td>\n<\/tr>\n<tr>\n<td class=\"testi\" ><span size=\"1\">1,0<\/span><\/td>\n<td class=\"testi\" ><span size=\"1\">6,1<\/span><\/td>\n<td class=\"testi\" ><span size=\"1\">1,0<\/span><\/td>\n<td class=\"testi\" ><span size=\"1\">6,0<\/span><\/td>\n<td class=\"testi\" ><span size=\"1\">1,0<\/span><\/td>\n<td class=\"testi\" ><span size=\"1\">6,0<\/span><\/td>\n<td class=\"testi\" ><span size=\"1\">1,0<\/span><\/td>\n<td class=\"testi\" ><span size=\"1\">5,7<\/span><\/td>\n<\/tr>\n<tr>\n<td class=\"testi\" ><span size=\"1\">1,2<\/span><\/td>\n<td class=\"testi\" ><span size=\"1\">6,0<\/span><\/td>\n<td class=\"testi\" ><span size=\"1\">1,2<\/span><\/td>\n<td class=\"testi\" ><span size=\"1\">5,8<\/span><\/td>\n<td class=\"testi\" ><span size=\"1\">1,2<\/span><\/td>\n<td class=\"testi\" ><span size=\"1\">5,8<\/span><\/td>\n<td class=\"testi\" ><span size=\"1\">1,2<\/span><\/td>\n<td class=\"testi\" ><span size=\"1\">5,3<\/span><\/td>\n<\/tr>\n<tr>\n<td class=\"testi\" ><span size=\"1\">1,4<\/span><\/td>\n<td class=\"testi\" ><span size=\"1\">5,8<\/span><\/td>\n<td class=\"testi\" ><span size=\"1\">1,4<\/span><\/td>\n<td class=\"testi\" ><span size=\"1\">5,6<\/span><\/td>\n<td class=\"testi\" ><span size=\"1\">1,4<\/span><\/td>\n<td class=\"testi\" ><span size=\"1\">5,6<\/span><\/td>\n<td class=\"testi\" ><span size=\"1\">1,4<\/span><\/td>\n<td class=\"testi\" ><span size=\"1\">4,3<\/span><\/td>\n<\/tr>\n<tr>\n<td class=\"testi\" ><span size=\"1\">1,6<\/span><\/td>\n<td class=\"testi\" ><span size=\"1\">5,5<\/span><\/td>\n<td class=\"testi\" ><span size=\"1\">1,6<\/span><\/td>\n<td class=\"testi\" ><span size=\"1\">5,4<\/span><\/td>\n<td class=\"testi\" ><span size=\"1\">1,6<\/span><\/td>\n<td class=\"testi\" ><span size=\"1\">5,1<\/span><\/td>\n<td class=\"testi\" ><span size=\"1\">1,6<\/span><\/td>\n<td class=\"testi\" ><span size=\"1\">3,6<\/span><\/td>\n<\/tr>\n<tr>\n<td class=\"testi\" ><span size=\"1\">1,8<\/span><\/td>\n<td class=\"testi\" ><span size=\"1\">5,2<\/span><\/td>\n<td class=\"testi\" ><span size=\"1\">1,8<\/span><\/td>\n<td class=\"testi\" ><span size=\"1\">4,3<\/span><\/td>\n<td class=\"testi\" ><span size=\"1\">1,8<\/span><\/td>\n<td class=\"testi\" ><span size=\"1\">3,9<\/span><\/td>\n<td class=\"testi\" ><span size=\"1\">1,8<\/span><\/td>\n<td class=\"testi\" ><span size=\"1\">3,4<\/span><\/td>\n<\/tr>\n<tr>\n<td class=\"testi\" ><span size=\"1\">2,0<\/span><\/td>\n<td class=\"testi\" ><span size=\"1\">3,9<\/span><\/td>\n<td class=\"testi\" ><span size=\"1\">2,0<\/span><\/td>\n<td class=\"testi\" ><span size=\"1\">3,6<\/span><\/td>\n<td class=\"testi\" ><span size=\"1\">2,0<\/span><\/td>\n<td class=\"testi\" ><span size=\"1\">3,5<\/span><\/td>\n<td class=\"testi\" ><span size=\"1\">2,0<\/span><\/td>\n<td class=\"testi\" ><span size=\"1\">3,3<\/span><\/td>\n<\/tr>\n<tr>\n<td class=\"testi\" ><span size=\"1\">2,2<\/span><\/td>\n<td class=\"testi\" ><span size=\"1\">3.5<\/span><\/td>\n<td class=\"testi\" ><span size=\"1\">2,2<\/span><\/td>\n<td class=\"testi\" ><span size=\"1\">3,5<\/span><\/td>\n<td class=\"testi\" ><span size=\"1\">2,2<\/span><\/td>\n<td class=\"testi\" ><span size=\"1\">3,4<\/span><\/td>\n<td class=\"testi\" ><span size=\"1\">2,2<\/span><\/td>\n<td class=\"testi\" ><span size=\"1\">3,3<\/span><\/td>\n<\/tr>\n<tr>\n<td class=\"testi\" ><span size=\"1\">2,4<\/span><\/td>\n<td class=\"testi\" ><span size=\"1\">3,4<\/span><\/td>\n<td class=\"testi\" ><span size=\"1\">2,4<\/span><\/td>\n<td class=\"testi\" ><span size=\"1\">3,4<\/span><\/td>\n<td class=\"testi\" ><span size=\"1\">2,4<\/span><\/td>\n<td class=\"testi\" ><span size=\"1\">3,3<\/span><\/td>\n<td class=\"testi\" ><span size=\"1\">2,4<\/span><\/td>\n<td class=\"testi\" ><span size=\"1\">3,2<\/span><\/td>\n<\/tr>\n<tr>\n<td class=\"testi\" ><span size=\"1\">2,6<\/span><\/td>\n<td class=\"testi\" ><span size=\"1\">3,3<\/span><\/td>\n<td class=\"testi\" ><span size=\"1\">2,6<\/span><\/td>\n<td class=\"testi\" ><span size=\"1\">3,3<\/span><\/td>\n<td class=\"testi\" ><span size=\"1\">2,6<\/span><\/td>\n<td class=\"testi\" ><span size=\"1\">3,2<\/span><\/td>\n<td class=\"testi\" ><span size=\"1\">2,6<\/span><\/td>\n<td class=\"testi\" ><span size=\"1\">3,2<\/span><\/td>\n<\/tr>\n<tr>\n<td class=\"testi\" ><span size=\"1\">2,8<\/span><\/td>\n<td class=\"testi\" ><span size=\"1\">3,2<\/span><\/td>\n<td class=\"testi\" ><span size=\"1\">2,8<\/span><\/td>\n<td class=\"testi\" ><span size=\"1\">3,2<\/span><\/td>\n<td class=\"testi\" ><span size=\"1\">2,8<\/span><\/td>\n<td class=\"testi\" ><span size=\"1\">3,2<\/span><\/td>\n<td class=\"testi\" ><span size=\"1\">2,8<\/span><\/td>\n<td class=\"testi\" ><span size=\"1\">3,2<\/span><\/td>\n<\/tr>\n<tr>\n<td class=\"testi\" ><span size=\"1\">3,0<\/span><\/td>\n<td class=\"testi\" ><span size=\"1\">3,2<\/span><\/td>\n<td class=\"testi\" ><span size=\"1\">3,0<\/span><\/td>\n<td class=\"testi\" ><span size=\"1\">3,1<\/span><\/td>\n<td class=\"testi\" ><span size=\"1\">3,0<\/span><\/td>\n<td class=\"testi\" ><span size=\"1\">3,1<\/span><\/td>\n<td class=\"testi\" ><span size=\"1\">3,0<\/span><\/td>\n<td class=\"testi\" ><span size=\"1\">3,1<\/span><\/td>\n<\/tr>\n<\/tbody>\n<\/table>\n<p><img fetchpriority=\"high\" decoding=\"async\" src=\"https:\/\/www.tiller.it\/wp-content\/uploads\/2024\/02\/Grafico_Acidill_Tedesco.jpg\" alt=\"\" width=\"300\" height=\"272\" class=\"alignnone size-medium wp-image-822\" \/><\/p>\n","protected":false},"excerpt":{"rendered":"<p align=\"justify\">ACIDILL ist ein Produkt zur Senkung des pH-Wertes in Blatt \u2013 L\u00f6sungen in der Landwirtschaft verwendet. Es ist bekannt, dass, beginnt man mit einem tendentiell sauren pH-Wert in diesen L\u00f6sungen, beachtliche Resultate erzielt werden, wie:<\/br><\/br><\/p>\n<p>1 &#8211; h\u00f6chste Effizienz der verwendeten Wirkstoffe<\/br><br \/>\n2 &#8211; Besserer Transport innerhalb der Pflanze<\/br><br \/>\n3 &#8211; H\u00f6here L\u00f6slichkeit der Komponenten.<\/br><\/br><\/p>\n<p>ACIDILL ist ein sehr guter Blattd\u00fcnger und bei seiner regelm\u00e4\u00dfiger Gabe werden Stickstoff und Phosphor sofort verf\u00fcgbar an den Pflanzen versorgt. Au\u00dferdem ist ACIDILL als Klebrigmacher und Benetzungsmittel wirkend.<\/p>\n<p>&nbsp;<\/p>\n<p align=\"justify\"><strong>Zusammensetzung:<\/strong><\/br><br \/>\nStickstoff (N) insgesamt 3%<\/br><br \/>\nHarnstoffstickstoff (N) 3%<\/br><br \/>\nPhosphorpentoxid (P205) in Wasser l\u00f6slich 18%<br \/>\n<\/br>\n<\/p>\n<p><\/br><\/p>\n<p align=\"justify\"><strong>RATSCHL\u00c4GE F\u00dcR EINE FACHGERECHTE LAGERUNG: <\/strong>Das Produkt ist gut lagerf\u00e4hig bei einer Temperatur zwischen 3\u00b0C und + 30 \u00b0C.<br \/>\n<\/br><\/p>\n","protected":false},"featured_media":2078,"template":"","meta":[],"product_cat":[126],"product_tag":[],"class_list":{"0":"post-1676","1":"product","2":"type-product","3":"status-publish","4":"has-post-thumbnail","6":"product_cat-18-andere-produkte","8":"entry","9":"has-media","11":"first","12":"instock","13":"shipping-taxable","14":"product-type-simple","15":"has-product-nav","16":"col","17":"span_1_of_4","18":"owp-content-center","19":"item-entry","20":"owp-thumbs-layout-horizontal","21":"owp-btn-normal","22":"owp-tabs-layout-horizontal","23":"has-no-thumbnails"},"_links":{"self":[{"href":"https:\/\/www.tiller.it\/de\/wp-json\/wp\/v2\/product\/1676","targetHints":{"allow":["GET"]}}],"collection":[{"href":"https:\/\/www.tiller.it\/de\/wp-json\/wp\/v2\/product"}],"about":[{"href":"https:\/\/www.tiller.it\/de\/wp-json\/wp\/v2\/types\/product"}],"wp:featuredmedia":[{"embeddable":true,"href":"https:\/\/www.tiller.it\/de\/wp-json\/wp\/v2\/media\/2078"}],"wp:attachment":[{"href":"https:\/\/www.tiller.it\/de\/wp-json\/wp\/v2\/media?parent=1676"}],"wp:term":[{"taxonomy":"product_cat","embeddable":true,"href":"https:\/\/www.tiller.it\/de\/wp-json\/wp\/v2\/product_cat?post=1676"},{"taxonomy":"product_tag","embeddable":true,"href":"https:\/\/www.tiller.it\/de\/wp-json\/wp\/v2\/product_tag?post=1676"}],"curies":[{"name":"wp","href":"https:\/\/api.w.org\/{rel}","templated":true}]}}